{"id":1971,"date":"2021-07-12T15:23:43","date_gmt":"2021-07-12T12:23:43","guid":{"rendered":"https:\/\/empowering-teachers.eu\/home\/"},"modified":"2022-02-03T17:14:06","modified_gmt":"2022-02-03T15:14:06","slug":"home","status":"publish","type":"page","link":"https:\/\/empowering-teachers.eu\/ca\/","title":{"rendered":"En qu\u00e8 consisteix Loop"},"content":{"rendered":"<h1>CAPACITANT EL PROFESSORAT<\/h1>\n<h1>LOOP\u00a0SIGNIFICA POTENCIAR EL DESENVOLUPAMENT CONTINU PERSONAL, PROFESSIONAL I SOCIAL DEL PROFESSORAT A TRAV\u00c9S DE PROGRAMES INNOVADORS D&#8217;INICIACI\u00d3 ENTRE IGUALS.<\/h1>\n<h2>QU\u00c8 \u00c9S LOOP ?<\/h2>\n<div>\n<p>LOOP significa potenciar el desenvolupament continu personal, professional i social del professorat a trav\u00e9s de programes innovadors d&#8217;iniciaci\u00f3 entre iguals.<\/p>\n<p>El LOOP \u00e9s un projecte d\u2019implementaci\u00f3 de\u00a0 pol\u00edtiques educatives que t\u00e9 com a objectiu contribuir al canvi cap a una pol\u00edtica integral de professi\u00f3 docent que abasta totes les etapes de les seves carreres professionals, mitjan\u00e7ant:<\/p>\n<\/div>\n<p>[arrow-right]<\/p>\n<div>\n<p>Estructuraci\u00f3 d&#8217;un programa d&#8217;inducci\u00f3 d&#8217;aprenentatge d&#8217;experts basats en la tutoria, per donar suport a la iniciaci\u00f3 de la professi\u00f3 docent i l&#8217;adaptaci\u00f3 a una nova cultura laboral.<\/p>\n<p><a href=\"https:\/\/empowering-teachers.eu\/teachers-career\/\">Llegir m\u00e9s<\/a><\/p>\n<\/div>\n<p>[arrow-right]<\/p>\n<div>\n<p>Creaci\u00f3 d&#8217;un programa de mentories per al desenvolupament de compet\u00e8ncies per a orientar i fer costat al professorat novell en l&#8217;aplicaci\u00f3 del programa d&#8217;iniciaci\u00f3.<\/p>\n<p><a href=\"https:\/\/empowering-teachers.eu\/teachers-career\/\">Llegir m\u00e9s<\/a><\/p>\n<\/div>\n<p>[arrow-right]<\/p>\n<div>\n<p>Provar i validar els programes d&#8217;iniciaci\u00f3 i tutoria als centres educatius de la xarxa LOOP<\/p>\n<p><a href=\"https:\/\/empowering-teachers.eu\/policy-experimentation\/\">Llegir m\u00e9s<\/a><\/p>\n<\/div>\n<p>[arrow-right]<\/p>\n<div>\n<p>Preparar recomanacions per a la integraci\u00f3 dels programes d&#8217;iniciaci\u00f3 i tutoria en les pol\u00edtiques i marcs nacionals de desenvolupament professional continu del professorat.<\/p>\n<p><a href=\"https:\/\/empowering-teachers.eu\/policy-experimentation\/\">Llegir m\u00e9s<\/a><\/p>\n<\/div>\n<h2>EN QU\u00c8 POT BENEFICIAR-TE EL PROJECTE LOOP ?<\/h2>\n<p><img decoding=\"async\" src=\"\/wp-content\/uploads\/2021\/07\/home-banner-1.jpg\" alt=\"\"><\/p>\n<div>\n<p><strong>ETS UN MESTRE O MESTRA QUE T\u2019ACABES D\u2019INCORPORAR A LA PROFESSI\u00d3 ?<\/strong><\/p>\n<p>(per sota de 5 anys d\u2019experi\u00e8ncia I fins a 35 anys d\u2019edat)<\/p>\n<\/div>\n<div>\n<p>Tenir acc\u00e9s a un programa d&#8217;iniciaci\u00f3 i refor\u00e7ar la teva carrera docent i les oportunitats basades en activitats de tutoria amb professorat experimentat<\/p>\n<\/div>\n<p><img decoding=\"async\" src=\"\/wp-content\/uploads\/2021\/07\/home-banner-2.jpg\" alt=\"\"><\/p>\n<div>\n<p><strong>\u00bfETS UN MESTRE O UNA MESTRA AMB EXPERI\u00c8NCIA?<\/strong><\/p>\n<p>(&gt; 20 anys d\u2019experi\u00e8ncia &amp; &gt; 45 anys)<\/p>\n<\/div>\n<div>\n<p>Tindr\u00e0s l&#8217;oportunitat de promoure les teves compet\u00e8ncies de mentor\/a, convertir-te en mentor\/a de nou professorat I, aix\u00ed,\u00a0diversificar la teva traject\u00f2ria professional docent<\/p>\n<\/div>\n<p><img decoding=\"async\" src=\"\/wp-content\/uploads\/home-courses-06.jpg\" alt=\"\"><\/p>\n<div>\n<p><strong>ETS UN DIRECTOR O DIRECTORA D&#8217;UN CENTRE EDUCATIU?<\/strong><\/p>\n<\/div>\n<div>\n<p>El teu centre pot integrar-se en la xarxa\u00a0LOOP\u00a0i beneficiar-se dels programes d&#8217;iniciaci\u00f3 i tutoria per a motivar el professorat<\/p>\n<p><a href=\"https:\/\/empowering-teachers.eu\/loop-network\/\">M\u00e9s informaci\u00f3<\/a><\/p>\n<\/div>\n<p><img decoding=\"async\" src=\"\/wp-content\/uploads\/home-courses-14.jpg\" alt=\"\"><\/p>\n<div>\n<p><strong>ETS UN GESTOR O POL\u00cdTIC DE L\u2019ADMINISTRACI\u00d3 EDUCATIVA ?<\/strong><\/p>\n<\/div>\n<div>\n<p>Tindr\u00e0s acc\u00e9s a models, programes i directrius pol\u00edtiques per a (re)configurar les carreres del professorat i el desenvolupament professional continu al teu pa\u00eds<\/p>\n<p><a href=\"https:\/\/empowering-teachers.eu\/loop-network\/\">M\u00e9s informaci\u00f3<\/a><\/p>\n<\/div>\n<p><!--more--><br \/>\n<!-- {\"name\":\"Home\",\"type\":\"layout\",\"children\":[{\"name\":\"Hero\",\"type\":\"section\",\"props\":{\"style\":\"default\",\"width\":\"large\",\"vertical_align\":\"middle\",\"title_position\":\"top-left\",\"title_rotation\":\"left\",\"title_breakpoint\":\"xl\",\"image_position\":\"center-center\",\"padding\":\"none\",\"image\":\"wp-content\\\/uploads\\\/2021\\\/07\\\/home-banner.jpg\",\"text_color\":\"light\",\"image_size\":\"cover\",\"image_width\":\"1600\",\"padding_remove_bottom\":false,\"css\":\".el-section > [class*='uk-background-'] { min-height: 60vh; }\",\"media_overlay\":\"rgba(8, 8, 8, 0.56)\"},\"children\":[{\"name\":\"\",\"type\":\"row\",\"children\":[{\"name\":\"\",\"type\":\"column\",\"props\":{\"image_position\":\"center-center\",\"width_medium\":\"1-1\",\"media_overlay_gradient\":\"\"},\"children\":[{\"type\":\"divider\",\"props\":{\"divider_element\":\"div\"}},{\"type\":\"headline\",\"props\":{\"title_element\":\"h1\",\"content\":\"CAPACITANT EL PROFESSORAT\",\"title_style\":\"heading-medium\",\"text_align\":\"center\",\"margin\":\"xlarge\",\"position_top\":\"40%\"}},{\"type\":\"headline\",\"props\":{\"title_element\":\"h1\",\"content\":\"LOOP\\u00a0SIGNIFICA POTENCIAR EL DESENVOLUPAMENT CONTINU PERSONAL, PROFESSIONAL I SOCIAL DEL PROFESSORAT A TRAV\\u00c9S DE PROGRAMES INNOVADORS D'INICIACI\\u00d3 ENTRE IGUALS.\",\"text_align\":\"center\",\"position_top\":\"60%\"}}]}]}]},{\"name\":\"Products\",\"type\":\"section\",\"props\":{\"style\":\"default\",\"width\":\"default\",\"vertical_align\":\"middle\",\"title_position\":\"top-left\",\"title_rotation\":\"left\",\"title_breakpoint\":\"xl\",\"image_position\":\"bottom-right\",\"image\":\"\",\"image_effect\":\"parallax\",\"image_parallax_bgy_start\":\"300\",\"image_parallax_bgy_end\":\"450\",\"image_width\":\"700\",\"padding_remove_top\":false},\"children\":[{\"name\":\"\",\"type\":\"row\",\"props\":{\"width\":\"large\",\"margin_remove_bottom\":true,\"margin_remove_top\":false},\"children\":[{\"name\":\"\",\"type\":\"column\",\"props\":{\"image_position\":\"center-center\",\"width_medium\":\"1-1\",\"media_overlay_gradient\":\"\"},\"children\":[{\"name\":\"\",\"type\":\"headline\",\"props\":{\"title_element\":\"h2\",\"title_style\":\"heading-small\",\"text_align\":\"center\",\"maxwidth\":\"xlarge\",\"margin\":\"medium\",\"content\":\"QU\\u00c8 \\u00c9S LOOP ?\",\"block_align\":\"center\"}}]}]},{\"type\":\"row\",\"children\":[{\"type\":\"column\",\"props\":{\"image_position\":\"center-center\",\"media_overlay_gradient\":\"\"},\"children\":[{\"type\":\"text\",\"props\":{\"margin\":\"default\",\"column_breakpoint\":\"m\",\"content\":\"\n\n<p>LOOP significa potenciar el desenvolupament continu personal, professional i social del professorat a trav\\u00e9s de programes innovadors d'iniciaci\\u00f3 entre iguals.<\\\/p>\\n\n\n<p>El LOOP \\u00e9s un projecte d\\u2019implementaci\\u00f3 de\\u00a0 pol\\u00edtiques educatives que t\\u00e9 com a objectiu contribuir al canvi cap a una pol\\u00edtica integral de professi\\u00f3 docent que abasta totes les etapes de les seves carreres professionals, mitjan\\u00e7ant:<\\\/p>\"}}]}]},{\"name\":\"\",\"type\":\"row\",\"children\":[{\"name\":\"\",\"type\":\"column\",\"props\":{\"image_position\":\"center-center\",\"width_medium\":\"1-4\",\"media_overlay_gradient\":\"\",\"width_small\":\"1-2\"},\"children\":[{\"type\":\"icon\",\"props\":{\"icon_width\":60,\"margin\":\"default\",\"icon\":\"arrow-right\"}},{\"type\":\"text\",\"props\":{\"margin\":\"default\",\"column_breakpoint\":\"m\",\"content\":\"\n\n<p>Estructuraci\\u00f3 d'un programa d'inducci\\u00f3 d'aprenentatge d'experts basats en la tutoria, per donar suport a la iniciaci\\u00f3 de la professi\\u00f3 docent i l'adaptaci\\u00f3 a una nova cultura laboral.<\\\/p>\\n\n\n<p><a href=\\\"https:\\\/\\\/empowering-teachers.eu\\\/teachers-career\\\/\\\">Llegir m\\u00e9s<\\\/a><\\\/p>\"}}]},{\"type\":\"column\",\"props\":{\"image_position\":\"center-center\",\"media_overlay_gradient\":\"\",\"width_medium\":\"1-4\",\"width_small\":\"1-2\"},\"children\":[{\"type\":\"icon\",\"props\":{\"icon_width\":60,\"margin\":\"default\",\"icon\":\"arrow-right\"}},{\"type\":\"text\",\"props\":{\"margin\":\"default\",\"column_breakpoint\":\"m\",\"content\":\"\n\n<p>Creaci\\u00f3 d'un programa de mentories per al desenvolupament de compet\\u00e8ncies per a orientar i fer costat al professorat novell en l'aplicaci\\u00f3 del programa d'iniciaci\\u00f3.<\\\/p>\\n\n\n<p><a href=\\\"https:\\\/\\\/empowering-teachers.eu\\\/teachers-career\\\/\\\">Llegir m\\u00e9s<\\\/a><\\\/p>\"}}]},{\"type\":\"column\",\"props\":{\"image_position\":\"center-center\",\"media_overlay_gradient\":\"\",\"width_medium\":\"1-4\",\"width_small\":\"1-2\"},\"children\":[{\"type\":\"icon\",\"props\":{\"icon_width\":60,\"margin\":\"default\",\"icon\":\"arrow-right\"}},{\"type\":\"text\",\"props\":{\"margin\":\"default\",\"column_breakpoint\":\"m\",\"content\":\"\n\n<p>Provar i validar els programes d'iniciaci\\u00f3 i tutoria als centres educatius de la xarxa LOOP<\\\/p>\\n\n\n<p><a href=\\\"https:\\\/\\\/empowering-teachers.eu\\\/policy-experimentation\\\/\\\">Llegir m\\u00e9s<\\\/a><\\\/p>\"}}]},{\"type\":\"column\",\"props\":{\"image_position\":\"center-center\",\"media_overlay_gradient\":\"\",\"width_medium\":\"1-4\",\"width_small\":\"1-2\"},\"children\":[{\"type\":\"icon\",\"props\":{\"icon_width\":60,\"margin\":\"default\",\"icon\":\"arrow-right\"}},{\"type\":\"text\",\"props\":{\"margin\":\"default\",\"column_breakpoint\":\"m\",\"content\":\"\n\n<p>Preparar recomanacions per a la integraci\\u00f3 dels programes d'iniciaci\\u00f3 i tutoria en les pol\\u00edtiques i marcs nacionals de desenvolupament professional continu del professorat.<\\\/p>\\n\n\n<p><a href=\\\"https:\\\/\\\/empowering-teachers.eu\\\/policy-experimentation\\\/\\\">Llegir m\\u00e9s<\\\/a><\\\/p>\"}}]}],\"props\":{\"layout\":\"1-4,1-4,1-4,1-4|1-2,1-2,1-2,1-2\"}}]},{\"type\":\"section\",\"props\":{\"style\":\"default\",\"width\":\"default\",\"vertical_align\":\"middle\",\"title_position\":\"top-left\",\"title_rotation\":\"left\",\"title_breakpoint\":\"xl\",\"image_position\":\"center-center\"},\"children\":[{\"type\":\"row\",\"children\":[{\"type\":\"column\",\"props\":{\"image_position\":\"center-center\",\"media_overlay_gradient\":\"\"},\"children\":[{\"name\":\"\",\"type\":\"headline\",\"props\":{\"title_element\":\"h2\",\"title_style\":\"heading-small\",\"text_align\":\"center\",\"maxwidth\":\"xlarge\",\"margin\":\"medium\",\"content\":\"EN QU\\u00c8 POT BENEFICIAR-TE EL PROJECTE LOOP ?\",\"block_align\":\"center\"}}]}]},{\"type\":\"row\",\"props\":{\"layout\":\"1-4,1-4,1-4,1-4|1-2,1-2,1-2,1-2\"},\"children\":[{\"type\":\"column\",\"props\":{\"image_position\":\"center-center\",\"media_overlay_gradient\":\"\",\"width_medium\":\"1-4\",\"width_small\":\"1-2\"},\"children\":[{\"type\":\"image\",\"props\":{\"margin\":\"default\",\"image_svg_color\":\"emphasis\",\"image\":\"wp-content\\\/uploads\\\/2021\\\/07\\\/home-banner-1.jpg\"}},{\"type\":\"text\",\"props\":{\"margin\":\"default\",\"column_breakpoint\":\"m\",\"content\":\"\n\n<p><strong>ETS UN MESTRE O MESTRA QUE T\\u2019ACABES D\\u2019INCORPORAR A LA PROFESSI\\u00d3 ?<\\\/strong><\\\/p>\\n\n\n<p>(per sota de 5 anys d\\u2019experi\\u00e8ncia I fins a 35 anys d\\u2019edat)<\\\/p>\"}},{\"type\":\"text\",\"props\":{\"margin\":\"default\",\"column_breakpoint\":\"m\",\"content\":\"\n\n<p>Tenir acc\\u00e9s a un programa d'iniciaci\\u00f3 i refor\\u00e7ar la teva carrera docent i les oportunitats basades en activitats de tutoria amb professorat experimentat<\\\/p>\"}}]},{\"type\":\"column\",\"props\":{\"image_position\":\"center-center\",\"media_overlay_gradient\":\"\",\"width_medium\":\"1-4\",\"width_small\":\"1-2\"},\"children\":[{\"type\":\"image\",\"props\":{\"margin\":\"default\",\"image_svg_color\":\"emphasis\",\"image\":\"wp-content\\\/uploads\\\/2021\\\/07\\\/home-banner-2.jpg\"}},{\"type\":\"text\",\"props\":{\"margin\":\"default\",\"column_breakpoint\":\"m\",\"content\":\"\n\n<p><strong>\\u00bfETS UN MESTRE O UNA MESTRA AMB EXPERI\\u00c8NCIA?<\\\/strong><\\\/p>\\n\n\n<p>(&gt; 20 anys d\\u2019experi\\u00e8ncia &amp; &gt; 45 anys)<\\\/p>\"}},{\"type\":\"text\",\"props\":{\"margin\":\"default\",\"column_breakpoint\":\"m\",\"content\":\"\n\n<p>Tindr\\u00e0s l'oportunitat de promoure les teves compet\\u00e8ncies de mentor\\\/a, convertir-te en mentor\\\/a de nou professorat I, aix\\u00ed,\\u00a0diversificar la teva traject\\u00f2ria professional docent<\\\/p>\"}}]},{\"type\":\"column\",\"props\":{\"image_position\":\"center-center\",\"media_overlay_gradient\":\"\",\"width_medium\":\"1-4\",\"width_small\":\"1-2\"},\"children\":[{\"type\":\"image\",\"props\":{\"margin\":\"default\",\"image_svg_color\":\"emphasis\",\"image\":\"wp-content\\\/uploads\\\/home-courses-06.jpg\"}},{\"type\":\"text\",\"props\":{\"margin\":\"default\",\"column_breakpoint\":\"m\",\"content\":\"\n\n<p><strong>ETS UN DIRECTOR O DIRECTORA D'UN CENTRE EDUCATIU?<\\\/strong><\\\/p>\"}},{\"type\":\"text\",\"props\":{\"margin\":\"default\",\"column_breakpoint\":\"m\",\"content\":\"\n\n<p>El teu centre pot integrar-se en la xarxa\\u00a0LOOP\\u00a0i beneficiar-se dels programes d'iniciaci\\u00f3 i tutoria per a motivar el professorat<\\\/p>\\n\n\n<p><a href=\\\"https:\\\/\\\/empowering-teachers.eu\\\/loop-network\\\/\\\">M\\u00e9s informaci\\u00f3<\\\/a><\\\/p>\"}}]},{\"type\":\"column\",\"props\":{\"image_position\":\"center-center\",\"media_overlay_gradient\":\"\",\"width_medium\":\"1-4\",\"width_small\":\"1-2\"},\"children\":[{\"type\":\"image\",\"props\":{\"margin\":\"default\",\"image_svg_color\":\"emphasis\",\"image\":\"wp-content\\\/uploads\\\/home-courses-14.jpg\"}},{\"type\":\"text\",\"props\":{\"margin\":\"default\",\"column_breakpoint\":\"m\",\"content\":\"\n\n<p><strong>ETS UN GESTOR O POL\\u00cdTIC DE L\\u2019ADMINISTRACI\\u00d3 EDUCATIVA ?<\\\/strong><\\\/p>\"}},{\"type\":\"text\",\"props\":{\"margin\":\"default\",\"column_breakpoint\":\"m\",\"content\":\"\n\n<p>Tindr\\u00e0s acc\\u00e9s a models, programes i directrius pol\\u00edtiques per a (re)configurar les carreres del professorat i el desenvolupament professional continu al teu pa\\u00eds<\\\/p>\\n\n\n<p><a href=\\\"https:\\\/\\\/empowering-teachers.eu\\\/loop-network\\\/\\\">M\\u00e9s informaci\\u00f3<\\\/a><\\\/p>\"}}]}]}]},{\"type\":\"section\",\"props\":{\"style\":\"primary\",\"width\":\"default\",\"vertical_align\":\"middle\",\"title_position\":\"top-left\",\"title_rotation\":\"left\",\"title_breakpoint\":\"xl\",\"image_position\":\"center-center\"},\"children\":[{\"type\":\"row\",\"props\":{\"layout\":\"1-4,1-4,1-4,1-4|1-2,1-2,1-2,1-2\"},\"children\":[{\"type\":\"column\",\"props\":{\"image_position\":\"center-center\",\"media_overlay_gradient\":\"\",\"width_medium\":\"1-4\",\"width_small\":\"1-2\"},\"children\":[{\"type\":\"module_position\",\"props\":{\"layout\":\"stack\",\"breakpoint\":\"m\",\"content\":\"builder-1\"}}]},{\"type\":\"column\",\"props\":{\"image_position\":\"center-center\",\"media_overlay_gradient\":\"\",\"width_medium\":\"1-4\",\"width_small\":\"1-2\"},\"children\":[{\"type\":\"module_position\",\"props\":{\"layout\":\"stack\",\"breakpoint\":\"m\",\"content\":\"builder-2\"}}]},{\"type\":\"column\",\"props\":{\"image_position\":\"center-center\",\"media_overlay_gradient\":\"\",\"width_medium\":\"1-4\",\"width_small\":\"1-2\"},\"children\":[{\"type\":\"module_position\",\"props\":{\"layout\":\"stack\",\"breakpoint\":\"m\",\"content\":\"builder-3\"}}]},{\"type\":\"column\",\"props\":{\"image_position\":\"center-center\",\"media_overlay_gradient\":\"\",\"width_medium\":\"1-4\",\"width_small\":\"1-2\"},\"children\":[{\"type\":\"module_position\",\"props\":{\"layout\":\"stack\",\"breakpoint\":\"m\",\"content\":\"builder-4\"}}]}]}],\"modified\":\"2021-12-13T07:18:28.297Z\",\"name\":\"Footer EN\"}],\"version\":\"2.5.10\"} --><\/p>\n","protected":false},"excerpt":{"rendered":"<p>CAPACITANT EL PROFESSORAT LOOP\u00a0SIGNIFICA POTENCIAR EL DESENVOLUPAMENT CONTINU PERSONAL, PROFESSIONAL I SOCIAL DEL PROFESSORAT A TRAV\u00c9S DE PROGRAMES INNOVADORS D&#8217;INICIACI\u00d3 ENTRE IGUALS. QU\u00c8 \u00c9S LOOP ? LOOP significa potenciar el desenvolupament continu personal, professional i social del professorat a trav\u00e9s de programes innovadors d&#8217;iniciaci\u00f3 entre iguals. El LOOP \u00e9s un projecte d\u2019implementaci\u00f3 de\u00a0 pol\u00edtiques educatives [&hellip;]<\/p>\n","protected":false},"author":1,"featured_media":0,"parent":0,"menu_order":0,"comment_status":"closed","ping_status":"closed","template":"","meta":{"footnotes":""},"class_list":["post-1971","page","type-page","status-publish","hentry"],"_links":{"self":[{"href":"https:\/\/empowering-teachers.eu\/ca\/wp-json\/wp\/v2\/pages\/1971","targetHints":{"allow":["GET"]}}],"collection":[{"href":"https:\/\/empowering-teachers.eu\/ca\/wp-json\/wp\/v2\/pages"}],"about":[{"href":"https:\/\/empowering-teachers.eu\/ca\/wp-json\/wp\/v2\/types\/page"}],"author":[{"embeddable":true,"href":"https:\/\/empowering-teachers.eu\/ca\/wp-json\/wp\/v2\/users\/1"}],"replies":[{"embeddable":true,"href":"https:\/\/empowering-teachers.eu\/ca\/wp-json\/wp\/v2\/comments?post=1971"}],"version-history":[{"count":9,"href":"https:\/\/empowering-teachers.eu\/ca\/wp-json\/wp\/v2\/pages\/1971\/revisions"}],"predecessor-version":[{"id":2272,"href":"https:\/\/empowering-teachers.eu\/ca\/wp-json\/wp\/v2\/pages\/1971\/revisions\/2272"}],"wp:attachment":[{"href":"https:\/\/empowering-teachers.eu\/ca\/wp-json\/wp\/v2\/media?parent=1971"}],"curies":[{"name":"wp","href":"https:\/\/api.w.org\/{rel}","templated":true}]}}