{"id":2123,"date":"2021-07-16T15:43:05","date_gmt":"2021-07-16T12:43:05","guid":{"rendered":"https:\/\/empowering-teachers.eu\/data-privacy-policy-for-the-loop-project-and-website\/"},"modified":"2022-02-01T10:54:09","modified_gmt":"2022-02-01T08:54:09","slug":"data-privacy-policy-for-the-loop-project-and-website","status":"publish","type":"page","link":"https:\/\/empowering-teachers.eu\/ca\/data-privacy-policy-for-the-loop-project-and-website\/","title":{"rendered":"POL\u00cdTICA DE PRIVACITAT DE DADES PER AL PROJECTE LOOP I EL LLOC WEB"},"content":{"rendered":"\n<p><strong>TRACTAMENT I PROTECCI\u00d3 DE DADES<\/strong><\/p>\n\n\n\n<p>Entenent que l&#8217;\u00fas de les vostres dades requereix la vostra confian\u00e7a, seguim la normativa vigent i els procediments adequats en el tractament i protecci\u00f3 de dades.\u00a0\u00a0<\/p>\n\n\n\n<p>Nom\u00e9s utilitzarem les vostres dades personals per als fins que identifiquem a continuaci\u00f3, seguint el Reglament General de Protecci\u00f3 de Dades (RGPD) i garantint la confidencialitat i integritat de les vostres dades personals.<\/p>\n\n\n\n<p>La Pol\u00edtica de Privacitat descrita a continuaci\u00f3, estableix com el consorci del projecte LOOP (LOOP &#8211; Empowering teachers personal, professional and social continuous development through innovative peer-induction programmes, Projecte n\u00famero 626148-EPP-1-2020-2-PT-EPPKA3- PI-POLICY) tracta les dades personals dels seus socis, el personal que participa en els cursos de formaci\u00f3 impartits en el marc del projecte, els participants externs a la fase de recerca documental, les sessions de codisseny i la fase de prova i validaci\u00f3 del projecte, els participants externs als actes de difusi\u00f3 p\u00fablica del projecte, els visitants del nostre lloc web (http: \/\/empowering-teachers. eu\/) i els mitjans socials (https:\/\/www.facebook.com\/LOOP-Empowering-Teachers-106708451640410, https:\/\/twitter.com\/LoopTeachers)\u00a0<\/p>\n\n\n\n<p><strong>(+) \u00bfQui \u00e9s el responsable del tractament de les vostres dades personals?<\/strong>\u00a0<\/p>\n\n\n\n<p>El consorci del projecte LOOP \u00e9s responsable del tractament de les dades personals dels seus socis, dels visitants del lloc web que presentin una sol\u00b7licitud de contacte o dels participants externs a les activitats relacionades amb el projecte (enquestes, entrevistes, grups focals, sessions de codisseny, fase de prova i validaci\u00f3, esdeveniments de difusi\u00f3 i confer\u00e8ncies, etc.), seguint els termes de la legislaci\u00f3 de protecci\u00f3 de dades vigent a la Uni\u00f3 Europea (el Reglament General de Protecci\u00f3 de Dades &#8211; GDPR). El consorci del projecte LOOP no comparteix les dades personals proporcionades amb cap altra entitat.<\/p>\n\n\n\n<p><strong>(+) Com es recullen les vostres dades personals?<\/strong><\/p>\n\n\n\n<p>No recollim informaci\u00f3 dels visitants del nostre lloc web. Les dades personals es recolliran i tractaran nom\u00e9s si omple:\u00a0<\/p>\n\n\n\n<ul class=\"wp-block-list\"><li>el formulari de sol\u00b7licitud de contacte disponible al lloc web del projecte,<\/li><li>qualsevol altre formulari i format de recollida de dades disponible al lloc web del projecte,<\/li><li>la sol\u00b7licitud de rebre el butllet\u00ed informatiu de LOOP,<\/li><li>el formulari d&#8217;inscripci\u00f3 a qualsevol dels actes p\u00fablics promoguts per qualsevol dels socis del consorci,<\/li><li>la llista de signatures dels participants quan assisteixin a qualsevol esdeveniment de formaci\u00f3 promogut en el marc del projecte,<\/li><\/ul>\n\n\n\n<ul class=\"wp-block-list\"><li>la llista de signatures dels participants que assisteixin a qualsevol acte p\u00fablic de difusi\u00f3 promogut en el marc del projecte.<\/li><\/ul>\n\n\n\n<p><strong>(+) Amb quina finalitat i per quins motius es poden utilitzar les vostres dades personals?<\/strong>\u00a0<\/p>\n\n\n\n<p>Les vostres dades personals es recolliran i utilitzaran per a les finalitats espec\u00edfiques per a les quals es faciliten les dades, \u00e9s a dir: per a les consultes de les parts interessades sobre l&#8217;avaluaci\u00f3 dels resultats de la LOOP, sobre l&#8217;elaboraci\u00f3 d&#8217;informes que es presentaran a la Comissi\u00f3 Europea i\/o a qualsevol dels organismes nacionals de finan\u00e7ament del programa Erasmus+ <a href=\"https:\/\/www.eacea.ec.europa.eu\/index_en\" data-type=\"URL\" data-id=\"https:\/\/www.eacea.ec.europa.eu\/index_en\" target=\"_blank\" rel=\"noreferrer noopener\">(Ag\u00e8ncia Executiva en l&#8217;\u00e0mbit Educatiu, Audiovisual i Cultural)<\/a> i per enviar actualitzacions sobre el progr\u00e9s i els resultats del projecte en els termes estrictes que seleccioneu a la casella de consentiment inclosa a cadascun dels formularis en l\u00ednia d&#8217;aquest lloc web.<\/p>\n\n\n\n<p>D&#8217;acord amb la legislaci\u00f3 de protecci\u00f3 de dades vigent a la Uni\u00f3 Europea (el Reglament General de Protecci\u00f3 de Dades &#8211; RGPD), l&#8217;\u00fas de les dades personals ha d&#8217;estar justificat sota almenys una base legal per al tractament de les dades personals. La base jur\u00eddica aplicable a la recollida i \u00fas de les vostres dades personals per als fins descrits anteriorment en relaci\u00f3 amb el projecte LOOP \u00e9s el seu consentiment.<\/p>\n\n\n\n<p><strong>(+) Quina \u00e9s la base jur\u00eddica per al tractament de les dades personals?<\/strong><\/p>\n\n\n\n<ul class=\"wp-block-list\"><li>Quan hagueu donat el vostre consentiment per al tractament de les vostres dades personals (per a aix\u00f2 se us presentar\u00e0 un formulari de consentiment per a l&#8217;\u00fas de les vostres dades, consentiment que podreu retirar posteriorment);<\/li><li>Quan el tractament sigui necessari per complir les obligacions legals a qu\u00e8 est\u00e0 subjecte el projecte LOOP;<\/li><li>Quan el tractament \u00e9s necessari per aconseguir un inter\u00e8s leg\u00edtim i les nostres raons per al seu \u00fas prevalen sobre els drets de protecci\u00f3 de dades;<\/li><li>Quan el tractament sigui necessari per testificar, exercir o defensar un dret en un procediment judicial contra vost\u00e8, nosaltres o un tercer.<\/li><\/ul>\n\n\n\n<p><strong>(+) Quines dades personals es poden recollir?<\/strong><\/p>\n\n\n\n<p>Les dades personals recollides poden incloure el vostre nom, adre\u00e7a de correu electr\u00f2nic, tipus d&#8217;organitzaci\u00f3 d&#8217;afiliaci\u00f3, pa\u00eds de resid\u00e8ncia, ocupaci\u00f3 professional, edat, sexe i\/o altres.<\/p>\n\n\n\n<p><strong>(+) Com mantenim la seguretat de les vostres dades personals?<\/strong><\/p>\n\n\n\n<p>Utilitzem una varietat de mesures de seguretat, incloent eines d&#8217;autenticaci\u00f3, encriptaci\u00f3 i certificats digitals per ajudar a protegir i mantenir la seguretat, integritat i disponibilitat de la vostra informaci\u00f3 personal. Encara que la transmissi\u00f3 de dades a trav\u00e9s d&#8217;Internet o d&#8217;un lloc web no pot garantir una seguretat total contra intrusions, nosaltres i els nostres prove\u00efdors de serveis fem tot el possible per aplicar i mantenir salvaguardes f\u00edsiques, electr\u00f2niques i de procediment per protegir les vostres dades personals de acord amb els requisits de protecci\u00f3 de dades aplicables. Entre altres, hem implementat les seg\u00fcents:<\/p>\n\n\n\n<ul class=\"wp-block-list\"><li>Protecci\u00f3 dels sistemes de tecnologia de la informaci\u00f3 mitjan\u00e7ant tallafocs per evitar l&#8217;acc\u00e9s no autoritzat a les vostres dades personals.\u00a0<\/li><\/ul>\n\n\n\n<ul class=\"wp-block-list\"><li>Supervisi\u00f3 cont\u00ednua de l&#8217;acc\u00e9s als sistemes de tecnologia de la informaci\u00f3 per prevenir, detectar i evitar l&#8217;\u00fas indegut de les vostres dades personals.<\/li><\/ul>\n\n\n\n<p><strong>(+) Quant de temps conservem les vostres dades personals?<\/strong>\u00a0<\/p>\n\n\n\n<p>Conservem les vostres dades nom\u00e9s durant el per\u00edode en qu\u00e8 \u00e9s v\u00e0lida la finalitat per a la qual van ser recollides. Un cop assolit el per\u00edode m\u00e0xim de conservaci\u00f3, les vostres dades personals s&#8217;anonimitzaran de forma irrevocable (les dades anonimitzades poden emmagatzemar-se) o es destruiran de forma segura.<\/p>\n\n\n\n<p>Per a les finalitats descrites en aquesta Pol\u00edtica de Privadesa, les seves dades personals es conservaran des de la recollida del seu consentiment, o des del darrer contacte realitzat (el que passi en darrer lloc) i si, dins d&#8217;aquest per\u00edode, no han retirat el seu consentiment.<\/p>\n\n\n\n<p>Les vostres dades personals s&#8217;emmagatzemen als servidors protegits dels nostres prove\u00efdors\/prestadors de serveis, accedint-hi i utilitzant-los exclusivament sota les nostres pol\u00edtiques i normes (o pol\u00edtiques i normes equivalents dels nostres prove\u00efdors\/prestadors de serveis).\u00a0<\/p>\n\n\n\n<p><strong>(+) Com canviar o eliminar el consentiment?<\/strong><\/p>\n\n\n\n<p>En qualsevol moment podeu modificar o retirar el vostre consentiment, amb efecte per al futur. En retirar completament les seves declaracions de consentiment deixar\u00e0 de ser contactat i de rebre comunicacions per als fins descrits en aquesta Pol\u00edtica de Privadesa.\u00a0<\/p>\n\n\n\n<p><strong>(+) Quins s\u00f3n els vostres drets a la protecci\u00f3 de dades I a presentar una reclamaci\u00f3 davant l&#8217;autoritat de control?<\/strong><\/p>\n\n\n\n<p>Si teniu alguna pregunta sobre l&#8217;\u00fas que fem de les vostres dades personals, poseu-vos en contacte amb el coordinador del projecte a trav\u00e9s del formulari de contacte en l\u00ednia disponible aqu\u00ed <a href=\"https:\/\/empowering-teachers.eu\/ca\/contact-us\/\"><a href=\"https:\/\/empowering-teachers.eu\/ca\/contact-us\/\">https:\/\/empowering-teachers.eu\/ca\/contact-us\/<\/a><\/a><\/p>\n\n\n\n<p>Subjecte a certes condicions, pot tenir dret a sol\u00b7licitar-nos que:\u00a0<\/p>\n\n\n\n<ul class=\"wp-block-list\"><li>Que us proporcionem informaci\u00f3 addicional sobre l&#8217;\u00fas que fem de les vostres dades personals;<\/li><li>Que se li proporcioni una c\u00f2pia de les dades personals facilitades;<\/li><li>Que se li facilitin les dades personals que ha proporcionat a un altre responsable del tractament a petici\u00f3 seva;<\/li><li>Qualsevol inexactitud a les dades personals que conservem;<\/li><li>L&#8217;eliminaci\u00f3 de dades personals l&#8217;\u00fas de les quals ja no \u00e9s leg\u00edtim;<\/li><\/ul>\n\n\n\n<ul class=\"wp-block-list\"><li>Limitar l&#8217;\u00fas de les vostres dades personals fins que s&#8217;investigue la reclamaci\u00f3.<\/li><\/ul>\n\n\n\n<p>L\u201fexercici d\u201faquests drets est\u00e0 subjecte a certes excepcions destinades a salvaguardar l\u201finter\u00e8s p\u00fablic (prevenci\u00f3 o detecci\u00f3 de delictes) o el nostre inter\u00e8s (manteniment del secret professional).<\/p>\n\n\n\n<p>Si exerciu algun d&#8217;aquests drets, l&#8217;analitzarem i respondrem en el termini d&#8217;un (1) mes.<\/p>\n\n\n\n<p>Si no esteu satisfet amb l&#8217;\u00fas que fem de les vostres dades personals o amb la nostra resposta despr\u00e9s d&#8217;exercir qualsevol d&#8217;aquests drets, d&#8217;acord amb la legislaci\u00f3 vigent, teniu dret a presentar una reclamaci\u00f3 davant l&#8217;autoritat de control de dades. (<a rel=\"noreferrer noopener\" href=\"https:\/\/www.cnpd.pt\/\" target=\"_blank\">Comiss\u00e3o Nacional de Protec\u00e7\u00e3o de Dados &#8211; CNPD<\/a>).\u00a0\u00a0<\/p>\n\n\n\n<p><strong>(+) Enlla\u00e7os disponibles al lloc web I a la plataforma d&#8217;aprenentatge<\/strong>\u00a0<\/p>\n\n\n\n<p>El nostre lloc web pot contenir enlla\u00e7os que us permetin visitar f\u00e0cilment altres llocs web d&#8217;inter\u00e8s. No obstant aix\u00f2, un cop hagueu utilitzat aquests enlla\u00e7os per sortir del nostre lloc, ha de tenir en compte que no tenim cap control sobre aquest lloc web. Per tant, els socis del consorci del projecte LOOP no poden responsabilitzar-se de la protecci\u00f3 i la privadesa de la informaci\u00f3 que vost\u00e8 proporcioni en visitar aquests llocs i aquests no es regeixen per aquesta declaraci\u00f3 de privadesa. Heu de tenir cura i consultar la declaraci\u00f3 de privadesa aplicable al lloc web en q\u00fcesti\u00f3.<\/p>\n\n\n\n<p><strong>(+) Cookies<\/strong>&nbsp;<\/p>\n\n\n\n<p>No utilitzem cookies amb finalitats de seguiment<\/p>\n","protected":false},"excerpt":{"rendered":"<p>TRACTAMENT I PROTECCI\u00d3 DE DADES Entenent que l&#8217;\u00fas de les vostres dades requereix la vostra confian\u00e7a, seguim la normativa vigent i els procediments adequats en el tractament i protecci\u00f3 de dades.\u00a0\u00a0 Nom\u00e9s utilitzarem les vostres dades personals per als fins que identifiquem a continuaci\u00f3, seguint el Reglament General de Protecci\u00f3 de Dades (RGPD) i garantint [&hellip;]<\/p>\n","protected":false},"author":1,"featured_media":0,"parent":0,"menu_order":0,"comment_status":"closed","ping_status":"closed","template":"","meta":{"footnotes":""},"class_list":["post-2123","page","type-page","status-publish","hentry"],"_links":{"self":[{"href":"https:\/\/empowering-teachers.eu\/ca\/wp-json\/wp\/v2\/pages\/2123","targetHints":{"allow":["GET"]}}],"collection":[{"href":"https:\/\/empowering-teachers.eu\/ca\/wp-json\/wp\/v2\/pages"}],"about":[{"href":"https:\/\/empowering-teachers.eu\/ca\/wp-json\/wp\/v2\/types\/page"}],"author":[{"embeddable":true,"href":"https:\/\/empowering-teachers.eu\/ca\/wp-json\/wp\/v2\/users\/1"}],"replies":[{"embeddable":true,"href":"https:\/\/empowering-teachers.eu\/ca\/wp-json\/wp\/v2\/comments?post=2123"}],"version-history":[{"count":2,"href":"https:\/\/empowering-teachers.eu\/ca\/wp-json\/wp\/v2\/pages\/2123\/revisions"}],"predecessor-version":[{"id":2134,"href":"https:\/\/empowering-teachers.eu\/ca\/wp-json\/wp\/v2\/pages\/2123\/revisions\/2134"}],"wp:attachment":[{"href":"https:\/\/empowering-teachers.eu\/ca\/wp-json\/wp\/v2\/media?parent=2123"}],"curies":[{"name":"wp","href":"https:\/\/api.w.org\/{rel}","templated":true}]}}