{"id":2143,"date":"2021-07-22T11:09:10","date_gmt":"2021-07-22T08:09:10","guid":{"rendered":"https:\/\/empowering-teachers.eu\/teachers-career\/"},"modified":"2024-05-28T11:09:24","modified_gmt":"2024-05-28T08:09:24","slug":"teachers-career","status":"publish","type":"page","link":"https:\/\/empowering-teachers.eu\/ca\/teachers-career\/","title":{"rendered":"Carrera Docent"},"content":{"rendered":"<h1>CARRERA DOCENT<\/h1>\n<div>\n<h2>PROGRAMES D\u2019INDUCCI\u00d3 DEL PROFESSORAT <\/h2>\n<div>\n<p>Es dissenyar\u00e0 un programa formal d&#8217;iniciaci\u00f3 de professorat, basat en activitats de tutoria i que inclour\u00e0 eines i recursos per a fer costat al professorat novell que inicien la seva carrera.<br \/>El programa permetr\u00e0 a els\/les participants adaptar-se a la seva professi\u00f3 i a la nova cultura del lloc de treball, abastant q\u00fcestions professionals, temes legals\/administratius de la professi\u00f3 docent i aspectes socioculturals relacionats amb les normes\/processos dels centres educatius on s&#8217;assignar\u00e0 el nou professorat.<\/p>\n<p>Consulteu el programa d&#8217;inducci\u00f3 del professorat al vostre pa\u00eds.<\/p>\n<\/p>\n<\/div>\n<p><a href=\"\/wp-content\/uploads\/2023\/07\/CAT_01-LOOP-Bifold-Brochure.v2-1.pdf\"> fullet\u00f3<\/a><\/p>\n<\/div>\n<div>\n<h2>PROGRAMA DE CAPACITACI\u00d3 DE MENTORS I MENTORES <\/h2>\n<div>\n<p>Els programes de formaci\u00f3 formal dels mentors oferiran l&#8217;oportunitat al professorat i a les direccions amb experi\u00e8ncia, d&#8217;incorporar una nova opci\u00f3 professional.<br \/>Es formar\u00e0 als mentors perqu\u00e8 actu\u00efn com a facilitadors en el desplegament de programes efica\u00e7os i formals d&#8217;iniciaci\u00f3 del professorat. El programa estar\u00e0 dotat de directrius per als mentors i de recursos per al seu \u00fas, dedicats al professorat experimentat i a les direccions de centres educatius que desitgin convertir-se en mentors dels seus companys menys experimentats al mateix temps que adquireixen una nova opci\u00f3 professional.<\/p>\n<p>Consulteu el programa de mentoria al vostre pa\u00eds<\/p>\n<\/p>\n<\/div>\n<p><a href=\"https:\/\/empowering-teachers.eu\/wp-content\/uploads\/2024\/05\/CAT_02-LOOP-Bifold-Brochure_MCP_FINAL.pdf\"> fullet\u00f3<\/a><\/p>\n<\/div>\n<div>\n<h2>TESTIMONIS DELS PROFESSORS<\/h2>\n<\/div>\n<h1>\n<h4 style=\"text-align: center;\">\u00a0 \u00a0 \u00a0 \u00a0 \u00a0 \u00a0 \u00a0 \u00a0 \u00a0 \u00a0 \u00a0 \u00a0 \u00a0 \u00a0 \u00a0 \u00a0 \u00a0 \u00a0 \u00a0 \u00a0 \u00a0 SPAIN<\/h4>\n<\/h1>\n<p><iframe src=\"https:\/\/www.youtube.com\/watch?v=nYoncg-o0F4&#038;list=PL1N_BKzdVWnvBAFFhMiY5KkbbKESHXUoY&#038;index=1&#038;t=1s\"><\/iframe><\/p>\n<h1>\n<h4>\u00a0 \u00a0 \u00a0 \u00a0 \u00a0 \u00a0 \u00a0 \u00a0 GREECE<\/h4>\n<\/h1>\n<p><iframe src=\"https:\/\/www.youtube.com\/watch?v=P9y0ghYLTuA&#038;list=PL1N_BKzdVWnvBAFFhMiY5KkbbKESHXUoY&#038;index=3\"><\/iframe><\/p>\n<h1>\n<h4 style=\"text-align: center;\">\u00a0 \u00a0 \u00a0 \u00a0 \u00a0 \u00a0 \u00a0 \u00a0 \u00a0 \u00a0 \u00a0 \u00a0 \u00a0 \u00a0 \u00a0 \u00a0 \u00a0 \u00a0 \u00a0 \u00a0 \u00a0 \u00a0 SLOVENIA<\/h4>\n<\/h1>\n<p><iframe src=\"https:\/\/www.youtube.com\/watch?v=-nNTXL0Df2o&#038;list=PL1N_BKzdVWnvBAFFhMiY5KkbbKESHXUoY&#038;index=4\"><\/iframe><\/p>\n<h1>\n<h4 style=\"text-align: left;\">\u00a0 \u00a0 \u00a0 \u00a0 \u00a0 \u00a0 \u00a0 PORTUGAL<\/h4>\n<\/h1>\n<p><iframe src=\"https:\/\/www.youtube.com\/watch?v=_eIDltY-Uyc&#038;list=PL1N_BKzdVWnvBAFFhMiY5KkbbKESHXUoY&#038;index=4\"><\/iframe><\/p>\n<h1>\n<h4>\u00a0 \u00a0 \u00a0 \u00a0 \u00a0 \u00a0 \u00a0 \u00a0CROATIA<\/h4>\n<\/h1>\n<p><iframe src=\"https:\/\/www.youtube.com\/watch?v=5NdLm4JrJGA\"><\/iframe><\/p>\n<p><!--more--><br \/>\n<!-- {\"name\":\"Support\",\"type\":\"layout\",\"children\":[{\"name\":\"Support\",\"type\":\"section\",\"props\":{\"animation\":\"slide-bottom-medium\",\"animation_delay\":\"200\",\"css\":\".el-section > [class*='uk-background-'] { min-height: 50vh; }\",\"image\":\"wp-content\\\/uploads\\\/2021\\\/08\\\/teacher-teaching-at-school.jpg\",\"image_parallax_bgy\":\"0,500\",\"image_position\":\"top-right\",\"image_width\":\"1600\",\"padding\":\"xlarge\",\"padding_remove_bottom\":true,\"style\":\"default\",\"title_breakpoint\":\"xl\",\"title_position\":\"top-left\",\"title_rotation\":\"left\",\"vertical_align\":\"middle\",\"width\":\"default\"},\"children\":[{\"name\":\"\",\"type\":\"row\",\"props\":{\"margin\":\"xlarge\",\"match\":false,\"vertical_align\":false},\"children\":[{\"name\":\"\",\"type\":\"column\",\"props\":{\"image\":\"\",\"image_position\":\"center-center\",\"media_overlay_gradient\":\"\",\"position_sticky_breakpoint\":\"m\",\"width_medium\":\"1-1\"},\"children\":[]}]}]},{\"type\":\"section\",\"props\":{\"image_position\":\"center-center\",\"style\":\"default\",\"title_breakpoint\":\"xl\",\"title_position\":\"top-left\",\"title_rotation\":\"left\",\"vertical_align\":\"middle\",\"width\":\"default\"},\"children\":[{\"type\":\"row\",\"children\":[{\"type\":\"column\",\"props\":{\"image_position\":\"center-center\",\"media_overlay_gradient\":\"\",\"position_sticky_breakpoint\":\"m\"},\"children\":[{\"type\":\"headline\",\"props\":{\"content\":\"CARRERA DOCENT\",\"text_align\":\"center\",\"title_element\":\"h1\",\"title_style\":\"heading-medium\"}}]}]},{\"type\":\"row\",\"props\":{\"layout\":\"1-2,1-2\"},\"children\":[{\"type\":\"column\",\"props\":{\"image_position\":\"center-center\",\"media_overlay_gradient\":\"\",\"position_sticky_breakpoint\":\"m\",\"width_medium\":\"1-2\"},\"children\":[{\"name\":\"\",\"type\":\"panel\",\"props\":{\"animation\":\"fade\",\"content\":\"\n\n<p>Es dissenyar\\u00e0 un programa formal d'iniciaci\\u00f3 de professorat, basat en activitats de tutoria i que inclour\\u00e0 eines i recursos per a fer costat al professorat novell que inicien la seva carrera.<br \\\/>El programa permetr\\u00e0 a els\\\/les participants adaptar-se a la seva professi\\u00f3 i a la nova cultura del lloc de treball, abastant q\\u00fcestions professionals, temes legals\\\/administratius de la professi\\u00f3 docent i aspectes socioculturals relacionats amb les normes\\\/processos dels centres educatius on s'assignar\\u00e0 el nou professorat.<\\\/p>\\n\n\n<p>Consulteu el programa d'inducci\\u00f3 del professorat al vostre pa\\u00eds.<\\\/p>\\n\n\n<p><\\\/p>\",\"content_column_breakpoint\":\"m\",\"icon\":\"\",\"icon_color\":\"primary\",\"icon_width\":80,\"image\":\"\",\"image_align\":\"top\",\"image_grid_breakpoint\":\"m\",\"image_grid_width\":\"1-2\",\"image_svg_animate\":true,\"image_svg_color\":\"primary\",\"image_svg_inline\":true,\"link\":\"wp-content\\\/uploads\\\/2023\\\/07\\\/CAT_01-LOOP-Bifold-Brochure.v2-1.pdf\",\"link_fullwidth\":true,\"link_size\":\"small\",\"link_style\":\"danger\",\"link_target\":true,\"link_text\":\" fullet\\u00f3\",\"margin\":\"default\",\"meta\":\"\",\"meta_align\":\"below-title\",\"meta_element\":\"div\",\"meta_style\":\"text-meta\",\"panel_image_no_padding\":false,\"panel_padding\":\"large\",\"panel_style\":\"card-default\",\"text_align\":\"center\",\"title\":\"PROGRAMES D\\u2019INDUCCI\\u00d3 DEL PROFESSORAT \",\"title_align\":\"top\",\"title_element\":\"h2\",\"title_grid_breakpoint\":\"m\",\"title_grid_width\":\"1-2\",\"title_hover_style\":\"reset\",\"title_style\":\"h3\"}}]},{\"type\":\"column\",\"props\":{\"image_position\":\"center-center\",\"media_overlay_gradient\":\"\",\"position_sticky_breakpoint\":\"m\",\"width_medium\":\"1-2\"},\"children\":[{\"name\":\"\",\"type\":\"panel\",\"props\":{\"content\":\"\n\n<p>Els programes de formaci\\u00f3 formal dels mentors oferiran l'oportunitat al professorat i a les direccions amb experi\\u00e8ncia, d'incorporar una nova opci\\u00f3 professional.<br \\\/>Es formar\\u00e0 als mentors perqu\\u00e8 actu\\u00efn com a facilitadors en el desplegament de programes efica\\u00e7os i formals d'iniciaci\\u00f3 del professorat. El programa estar\\u00e0 dotat de directrius per als mentors i de recursos per al seu \\u00fas, dedicats al professorat experimentat i a les direccions de centres educatius que desitgin convertir-se en mentors dels seus companys menys experimentats al mateix temps que adquireixen una nova opci\\u00f3 professional.<\\\/p>\\n\n\n<p>Consulteu el programa de mentoria al vostre pa\\u00eds<\\\/p>\\n\n\n<p><\\\/p>\",\"content_column_breakpoint\":\"m\",\"icon\":\"\",\"icon_color\":\"primary\",\"icon_width\":80,\"image\":\"\",\"image_align\":\"top\",\"image_grid_breakpoint\":\"m\",\"image_grid_width\":\"1-2\",\"image_svg_animate\":true,\"image_svg_color\":\"primary\",\"image_svg_inline\":true,\"link\":\"https:\\\/\\\/empowering-teachers.eu\\\/wp-content\\\/uploads\\\/2024\\\/05\\\/CAT_02-LOOP-Bifold-Brochure_MCP_FINAL.pdf\",\"link_fullwidth\":true,\"link_size\":\"small\",\"link_style\":\"danger\",\"link_target\":true,\"link_text\":\" fullet\\u00f3\",\"margin\":\"default\",\"meta\":\"\",\"meta_align\":\"below-title\",\"meta_element\":\"div\",\"meta_style\":\"text-meta\",\"panel_image_no_padding\":false,\"panel_padding\":\"large\",\"panel_style\":\"card-default\",\"text_align\":\"center\",\"title\":\"PROGRAMA DE CAPACITACI\\u00d3 DE MENTORS I MENTORES \",\"title_align\":\"top\",\"title_element\":\"h2\",\"title_grid_breakpoint\":\"m\",\"title_grid_width\":\"1-2\",\"title_hover_style\":\"reset\",\"title_style\":\"h3\"}}]}]},{\"type\":\"row\",\"children\":[{\"type\":\"column\",\"props\":{\"image_position\":\"center-center\",\"media_overlay_gradient\":\"\",\"position_sticky_breakpoint\":\"m\"},\"children\":[{\"type\":\"panel\",\"props\":{\"content_column_breakpoint\":\"m\",\"icon_width\":80,\"image_align\":\"top\",\"image_grid_breakpoint\":\"m\",\"image_grid_width\":\"1-2\",\"image_svg_color\":\"emphasis\",\"link_style\":\"default\",\"link_text\":\"Read more\",\"margin\":\"default\",\"meta_align\":\"below-title\",\"meta_element\":\"div\",\"meta_style\":\"text-meta\",\"panel_padding\":\"large\",\"panel_style\":\"card-default\",\"text_align\":\"center\",\"title\":\"TESTIMONIS DELS PROFESSORS\",\"title_align\":\"top\",\"title_element\":\"h2\",\"title_grid_breakpoint\":\"m\",\"title_grid_width\":\"1-2\",\"title_hover_style\":\"reset\"}}]}]}]},{\"type\":\"section\",\"props\":{\"image_position\":\"center-center\",\"style\":\"default\",\"title_breakpoint\":\"xl\",\"title_position\":\"top-left\",\"title_rotation\":\"left\",\"vertical_align\":\"middle\",\"width\":\"default\"},\"children\":[{\"type\":\"row\",\"props\":{\"layout\":\"1-2,1-2\"},\"children\":[{\"type\":\"column\",\"props\":{\"image_position\":\"center-center\",\"media_overlay_gradient\":\"\",\"position_sticky_breakpoint\":\"m\",\"width_medium\":\"1-2\"},\"children\":[{\"type\":\"headline\",\"props\":{\"content\":\"\n\n<h4 style=\\\"text-align: center;\\\">\\u00a0 \\u00a0 \\u00a0 \\u00a0 \\u00a0 \\u00a0 \\u00a0 \\u00a0 \\u00a0 \\u00a0 \\u00a0 \\u00a0 \\u00a0 \\u00a0 \\u00a0 \\u00a0 \\u00a0 \\u00a0 \\u00a0 \\u00a0 \\u00a0 SPAIN<\\\/h4>\",\"title_element\":\"h1\"}},{\"type\":\"video\",\"props\":{\"margin\":\"default\",\"text_align\":\"right\",\"video\":\"https:\\\/\\\/www.youtube.com\\\/watch?v=nYoncg-o0F4&list=PL1N_BKzdVWnvBAFFhMiY5KkbbKESHXUoY&index=1&t=1s\",\"video_controls\":true}}]},{\"type\":\"column\",\"props\":{\"image_position\":\"center-center\",\"media_overlay_gradient\":\"\",\"position_sticky_breakpoint\":\"m\",\"width_medium\":\"1-2\"},\"children\":[{\"type\":\"headline\",\"props\":{\"content\":\"\n\n<h4>\\u00a0 \\u00a0 \\u00a0 \\u00a0 \\u00a0 \\u00a0 \\u00a0 \\u00a0 GREECE<\\\/h4>\",\"title_element\":\"h1\"}},{\"type\":\"video\",\"props\":{\"margin\":\"default\",\"video\":\"https:\\\/\\\/www.youtube.com\\\/watch?v=P9y0ghYLTuA&list=PL1N_BKzdVWnvBAFFhMiY5KkbbKESHXUoY&index=3\",\"video_controls\":true}}]}]},{\"type\":\"row\",\"props\":{\"layout\":\"1-2,1-2\"},\"children\":[{\"type\":\"column\",\"props\":{\"image_position\":\"center-center\",\"media_overlay_gradient\":\"\",\"position_sticky_breakpoint\":\"m\",\"width_medium\":\"1-2\"},\"children\":[{\"type\":\"headline\",\"props\":{\"content\":\"\n\n<h4 style=\\\"text-align: center;\\\">\\u00a0 \\u00a0 \\u00a0 \\u00a0 \\u00a0 \\u00a0 \\u00a0 \\u00a0 \\u00a0 \\u00a0 \\u00a0 \\u00a0 \\u00a0 \\u00a0 \\u00a0 \\u00a0 \\u00a0 \\u00a0 \\u00a0 \\u00a0 \\u00a0 \\u00a0 SLOVENIA<\\\/h4>\",\"title_element\":\"h1\"}},{\"type\":\"video\",\"props\":{\"margin\":\"default\",\"text_align\":\"right\",\"video\":\"https:\\\/\\\/www.youtube.com\\\/watch?v=-nNTXL0Df2o&list=PL1N_BKzdVWnvBAFFhMiY5KkbbKESHXUoY&index=4\",\"video_controls\":true}}]},{\"type\":\"column\",\"props\":{\"image_position\":\"center-center\",\"media_overlay_gradient\":\"\",\"position_sticky_breakpoint\":\"m\",\"width_medium\":\"1-2\"},\"children\":[{\"type\":\"headline\",\"props\":{\"content\":\"\n\n<h4 style=\\\"text-align: left;\\\">\\u00a0 \\u00a0 \\u00a0 \\u00a0 \\u00a0 \\u00a0 \\u00a0 PORTUGAL<\\\/h4>\",\"title_element\":\"h1\"}},{\"type\":\"video\",\"props\":{\"margin\":\"default\",\"video\":\"https:\\\/\\\/www.youtube.com\\\/watch?v=_eIDltY-Uyc&list=PL1N_BKzdVWnvBAFFhMiY5KkbbKESHXUoY&index=4\",\"video_controls\":true}}]}]},{\"type\":\"row\",\"props\":{\"layout\":\"1-3,1-3,1-3\"},\"children\":[{\"type\":\"column\",\"props\":{\"image_position\":\"center-center\",\"media_overlay_gradient\":\"\",\"position_sticky_breakpoint\":\"m\",\"width_medium\":\"1-3\"},\"children\":[]},{\"type\":\"column\",\"props\":{\"image_position\":\"center-center\",\"media_overlay_gradient\":\"\",\"position_sticky_breakpoint\":\"m\",\"width_medium\":\"1-3\"},\"children\":[{\"type\":\"headline\",\"props\":{\"content\":\"\n\n<h4>\\u00a0 \\u00a0 \\u00a0 \\u00a0 \\u00a0 \\u00a0 \\u00a0 \\u00a0CROATIA<\\\/h4>\",\"title_element\":\"h1\"}},{\"type\":\"video\",\"props\":{\"margin\":\"default\",\"video\":\"https:\\\/\\\/www.youtube.com\\\/watch?v=5NdLm4JrJGA\",\"video_controls\":true}}]},{\"type\":\"column\",\"props\":{\"image_position\":\"center-center\",\"media_overlay_gradient\":\"\",\"position_sticky_breakpoint\":\"m\",\"width_medium\":\"1-3\"},\"children\":[]}]}]},{\"type\":\"section\",\"props\":{\"image_position\":\"center-center\",\"style\":\"primary\",\"title_breakpoint\":\"xl\",\"title_position\":\"top-left\",\"title_rotation\":\"left\",\"vertical_align\":\"middle\",\"width\":\"default\"},\"children\":[{\"type\":\"row\",\"props\":{\"layout\":\"1-4,1-4,1-4,1-4|1-2,1-2,1-2,1-2\"},\"children\":[{\"type\":\"column\",\"props\":{\"image_position\":\"center-center\",\"media_overlay_gradient\":\"\",\"position_sticky_breakpoint\":\"m\",\"width_medium\":\"1-4\",\"width_small\":\"1-2\"},\"children\":[{\"type\":\"module_position\",\"props\":{\"breakpoint\":\"m\",\"content\":\"builder-1\",\"layout\":\"stack\"}}]},{\"type\":\"column\",\"props\":{\"image_position\":\"center-center\",\"media_overlay_gradient\":\"\",\"position_sticky_breakpoint\":\"m\",\"width_medium\":\"1-4\",\"width_small\":\"1-2\"},\"children\":[{\"type\":\"module_position\",\"props\":{\"breakpoint\":\"m\",\"content\":\"builder-2\",\"layout\":\"stack\"}}]},{\"type\":\"column\",\"props\":{\"image_position\":\"center-center\",\"media_overlay_gradient\":\"\",\"position_sticky_breakpoint\":\"m\",\"width_medium\":\"1-4\",\"width_small\":\"1-2\"},\"children\":[{\"type\":\"module_position\",\"props\":{\"breakpoint\":\"m\",\"content\":\"builder-3\",\"layout\":\"stack\"}}]},{\"type\":\"column\",\"props\":{\"image_position\":\"center-center\",\"media_overlay_gradient\":\"\",\"position_sticky_breakpoint\":\"m\",\"width_medium\":\"1-4\",\"width_small\":\"1-2\"},\"children\":[{\"type\":\"module_position\",\"props\":{\"breakpoint\":\"m\",\"content\":\"builder-4\",\"layout\":\"stack\"}}]}]}],\"modified\":\"2021-12-13T07:18:28.297Z\",\"name\":\"Footer EN\"}],\"version\":\"3.0.25\"} --><\/p>\n","protected":false},"excerpt":{"rendered":"<p>CARRERA DOCENT PROGRAMES D\u2019INDUCCI\u00d3 DEL PROFESSORAT Es dissenyar\u00e0 un programa formal d&#8217;iniciaci\u00f3 de professorat, basat en activitats de tutoria i que inclour\u00e0 eines i recursos per a fer costat al professorat novell que inicien la seva carrera.El programa permetr\u00e0 a els\/les participants adaptar-se a la seva professi\u00f3 i a la nova cultura del lloc de [&hellip;]<\/p>\n","protected":false},"author":1,"featured_media":0,"parent":0,"menu_order":0,"comment_status":"closed","ping_status":"closed","template":"","meta":{"footnotes":""},"class_list":["post-2143","page","type-page","status-publish","hentry"],"_links":{"self":[{"href":"https:\/\/empowering-teachers.eu\/ca\/wp-json\/wp\/v2\/pages\/2143","targetHints":{"allow":["GET"]}}],"collection":[{"href":"https:\/\/empowering-teachers.eu\/ca\/wp-json\/wp\/v2\/pages"}],"about":[{"href":"https:\/\/empowering-teachers.eu\/ca\/wp-json\/wp\/v2\/types\/page"}],"author":[{"embeddable":true,"href":"https:\/\/empowering-teachers.eu\/ca\/wp-json\/wp\/v2\/users\/1"}],"replies":[{"embeddable":true,"href":"https:\/\/empowering-teachers.eu\/ca\/wp-json\/wp\/v2\/comments?post=2143"}],"version-history":[{"count":16,"href":"https:\/\/empowering-teachers.eu\/ca\/wp-json\/wp\/v2\/pages\/2143\/revisions"}],"predecessor-version":[{"id":12078,"href":"https:\/\/empowering-teachers.eu\/ca\/wp-json\/wp\/v2\/pages\/2143\/revisions\/12078"}],"wp:attachment":[{"href":"https:\/\/empowering-teachers.eu\/ca\/wp-json\/wp\/v2\/media?parent=2143"}],"curies":[{"name":"wp","href":"https:\/\/api.w.org\/{rel}","templated":true}]}}