{"id":1136,"date":"2021-07-22T11:57:01","date_gmt":"2021-07-22T08:57:01","guid":{"rendered":"https:\/\/empowering-teachers.eu\/policy-experimentation\/"},"modified":"2023-06-16T15:00:14","modified_gmt":"2023-06-16T12:00:14","slug":"policy-experimentation","status":"publish","type":"page","link":"https:\/\/empowering-teachers.eu\/de\/policy-experimentation\/","title":{"rendered":"Policy Experimentation"},"content":{"rendered":"<h1>Experimentelle Ma\u00dfnahmen<\/h1>\n<div>\n<h2>HINTERGRUND-ANALYSE<\/h2>\n<div>\n<p>Eine eingehende Analyse des bisherigen Entwicklungsstandes auf nationaler Ebene befasste sich mit Instrumenten und Programmen, die die berufliche Entwicklung von Lehrkr\u00e4ften erm\u00f6glichen, wobei der Schwerpunkt auf Mentoring- und Einf\u00fchrungsprogrammen lag, die sich mit Peer-Lernen befassen.<\/p>\n<p>Informieren Sie sich \u00fcber die nationalen Berichte (<a href=\"https:\/\/empowering-teachers.eu\/wp-content\/uploads\/2022\/03\/National-Report-template-Greece.pdf\" target=\"_blank\" rel=\"noopener\">Griechenland<\/a>, <a href=\"https:\/\/empowering-teachers.eu\/wp-content\/uploads\/2022\/03\/National-Report-CRO.pdf\" target=\"_blank\" rel=\"noopener\">Kroatien, <\/a><a href=\"https:\/\/empowering-teachers.eu\/wp-content\/uploads\/2022\/03\/National-Report_ITA.pdf\">Italien<\/a><a href=\"https:\/\/empowering-teachers.eu\/wp-content\/uploads\/2022\/03\/National-Report-CRO.pdf\" target=\"_blank\" rel=\"noopener\"><span>,\u00a0<\/span><\/a><a href=\"https:\/\/empowering-teachers.eu\/wp-content\/uploads\/2022\/03\/LOOP_WP1_Report_PT.pdf\">Portugal,<span><\/span><\/a><a href=\"https:\/\/empowering-teachers.eu\/wp-content\/uploads\/2022\/03\/LOOP_WP1_Report_PT.pdf\"> Spani<\/a>sch<span>, <\/span><a href=\"https:\/\/empowering-teachers.eu\/wp-content\/uploads\/2022\/04\/D1.3-LOOP-National-Report-Germany.pdf\" target=\"_blank\" rel=\"noopener\">Deutschland<\/a>, <a href=\"https:\/\/empowering-teachers.eu\/wp-content\/uploads\/2022\/04\/D1.3-LOOP-National-Report-Slovenia.pdf\">Slowenien<\/a><span>)\u00a0<\/span> und<a href=\"https:\/\/empowering-teachers.eu\/wp-content\/uploads\/2023\/06\/D1.5-Comparative-Report_Final-DE.pdf\" target=\"_blank\" rel=\"noopener\"> den vergleichenden Bericht<\/a>. Au\u00dferdem ist ein Katalog bew\u00e4hrter Verfahren (Good Practices) <a href=\"https:\/\/empowering-teachers.eu\/wp-content\/uploads\/2022\/03\/LOOP_eCatalogueFinal.pdf\" target=\"_blank\" rel=\"noopener\">hier verf\u00fcgbar<\/a>.<\/p>\n<\/div>\n<\/div>\n<div>\n<h2>LOOP-MODELL<\/h2>\n<div>\n<p>Entwicklung eines Modells f\u00fcr die Einarbeitung und berufliche Qualifizierung von Lehrkr\u00e4ften.<\/p>\n<p>Dabei wird ein Rahmen geschaffen, der die Konzepte, Strukturen, Ziele und Merkmale umfasst, die von den beiden politischen Instrumenten (dem Einf\u00fchrungsprogramm f\u00fcr Lehrkr\u00e4fte und dem Qualifizierungsprogramm f\u00fcr Mentor\/-innen) ber\u00fccksichtigt werden m\u00fcssen.<\/p>\n<p>Informieren Sie sich \u00fcber das LOOP Modell <a href=\"https:\/\/empowering-teachers.eu\/wp-content\/uploads\/2023\/06\/D2.1-Model-for-Teachers-Induction-and-Career-Progression-1.pdf\"><em>hier.<\/em><\/a><\/p>\n<\/p>\n<\/div>\n<\/div>\n<div>\n<h2>EXPERIMENTELLE MA\u00dfNAHMEN<\/h2>\n<div>\n<p>Testung der politischen Instrumente und des Interventionsmodells von LOOP (Einf\u00fchrung- und Mentoring-Programme) durch Feldversuche in realen Schulumgebungen.<\/p>\n<p>Informieren Sie sich \u00fcber die nationalen Berichte mit den Ergebnissen des Versuchs und des vergleichenden Berichts.<\/p>\n<p><em>Bald verf\u00fcgbar.<\/em><\/p>\n<\/div>\n<\/div>\n<div>\n<h2>STELLUNGNAHMEN<\/h2>\n<div>\n<p>Ver\u00f6ffentlichung regelm\u00e4\u00dfiger politischer Stellungnahmen, in denen die Ergebnisse, Schlussfolgerungen und Erkenntnisse aus der Feldforschung analysiert werden.<br \/>Diese Berichte spiegeln den Fortschritt und den Wissensaufbau durch die experimentellen Ma\u00dfnahmen.<\/p>\n<p>Informieren Sie sich \u00fcber die drei Stellungnahmen.<\/p>\n<p><a href=\"https:\/\/empowering-teachers.eu\/wp-content\/uploads\/2023\/06\/Policy_brief1_GE.pdf\" target=\"_blank\" rel=\"noopener\" class=\"customize-unpreviewable\">STELLUNGNAHMEN<\/a><\/p>\n<p><a href=\"https:\/\/empowering-teachers.eu\/wp-content\/uploads\/2023\/03\/Policy_brief2-.pdf\" target=\"_blank\" rel=\"noopener\" class=\"customize-unpreviewable\">STELLUNGNAHMEN II<\/a>\u00a0<\/p>\n<h2 class=\"el-title uk-h3 uk-margin-top uk-margin-remove-bottom\"><\/h2>\n<\/div>\n<\/div>\n<div>\n<h2>INFORMATIONSSCHRIFT<\/h2>\n<div>\n<p>Ver\u00f6ffentlichung einer Informationsschrift mit politischen Handlungsempfehlungen f\u00fcr eine geeignetere Gestaltung der Einf\u00fchrungsprogramme f\u00fcr Lehrkr\u00e4fte, die auf den Schlussfolgerungen der Feldforschung beruhen. Auf diese Weise wird die Ausweitung, Nutzung und Einbeziehung der LOOP-Ma\u00dfnahmen auf den verschiedenen zu untersuchenden Ebenen unterst\u00fctzt.<\/p>\n<p>Informieren Sie sich \u00fcber die LOOP Informationsschrift.<\/p>\n<p><em>Bald verf\u00fcgbar.<\/em><\/p>\n<\/div>\n<\/div>\n<p><!--more--><br \/>\n<!-- {\"name\":\"Support\",\"type\":\"layout\",\"children\":[{\"type\":\"section\",\"props\":{\"css\":\".el-section > [class*='uk-background-'] { min-height: 50vh; }\",\"image\":\"wp-content\\\/uploads\\\/2021\\\/07\\\/home-banner-3.jpg\",\"image_position\":\"center-center\",\"image_width\":\"1600\",\"padding\":\"none\",\"style\":\"default\",\"text_color\":\"light\",\"title_breakpoint\":\"xl\",\"title_position\":\"top-left\",\"title_rotation\":\"left\",\"vertical_align\":\"middle\",\"width\":\"large\"},\"children\":[{\"type\":\"row\",\"children\":[{\"type\":\"column\",\"props\":{\"image_position\":\"center-center\",\"media_overlay_gradient\":\"\",\"position_sticky_breakpoint\":\"m\"},\"children\":[]}]}]},{\"name\":\"Support\",\"type\":\"section\",\"props\":{\"animation\":\"slide-bottom-medium\",\"animation_delay\":\"200\",\"image\":\"\",\"image_parallax_bgy\":\"0,500\",\"image_position\":\"top-right\",\"image_width\":\"1100\",\"padding_remove_bottom\":false,\"style\":\"default\",\"title_breakpoint\":\"xl\",\"title_position\":\"top-left\",\"title_rotation\":\"left\",\"vertical_align\":\"middle\",\"width\":\"default\"},\"children\":[{\"name\":\"\",\"type\":\"row\",\"props\":{\"match\":false,\"vertical_align\":false},\"children\":[{\"name\":\"\",\"type\":\"column\",\"props\":{\"image\":\"\",\"image_position\":\"center-center\",\"media_overlay_gradient\":\"\",\"position_sticky_breakpoint\":\"m\",\"width_medium\":\"1-1\"},\"children\":[{\"type\":\"headline\",\"props\":{\"content\":\"Experimentelle Ma\\u00dfnahmen\",\"text_align\":\"center\",\"title_element\":\"h1\",\"title_style\":\"heading-medium\"}}]}]},{\"type\":\"row\",\"children\":[{\"type\":\"column\",\"props\":{\"image_position\":\"center-center\",\"media_overlay_gradient\":\"\",\"position_sticky_breakpoint\":\"m\",\"width_medium\":\"1-3\"},\"children\":[{\"name\":\"\",\"type\":\"panel\",\"props\":{\"animation\":\"fade\",\"content\":\"\n\n<p>Eine eingehende Analyse des bisherigen Entwicklungsstandes auf nationaler Ebene befasste sich mit Instrumenten und Programmen, die die berufliche Entwicklung von Lehrkr\\u00e4ften erm\\u00f6glichen, wobei der Schwerpunkt auf Mentoring- und Einf\\u00fchrungsprogrammen lag, die sich mit Peer-Lernen befassen.<\\\/p>\\n\n\n<p>Informieren Sie sich \\u00fcber die nationalen Berichte (<a href=\\\"https:\\\/\\\/empowering-teachers.eu\\\/wp-content\\\/uploads\\\/2022\\\/03\\\/National-Report-template-Greece.pdf\\\" target=\\\"_blank\\\" rel=\\\"noopener\\\">Griechenland<\\\/a>, <a href=\\\"https:\\\/\\\/empowering-teachers.eu\\\/wp-content\\\/uploads\\\/2022\\\/03\\\/National-Report-CRO.pdf\\\" target=\\\"_blank\\\" rel=\\\"noopener\\\">Kroatien, <\\\/a><a href=\\\"https:\\\/\\\/empowering-teachers.eu\\\/wp-content\\\/uploads\\\/2022\\\/03\\\/National-Report_ITA.pdf\\\">Italien<\\\/a><a href=\\\"https:\\\/\\\/empowering-teachers.eu\\\/wp-content\\\/uploads\\\/2022\\\/03\\\/National-Report-CRO.pdf\\\" target=\\\"_blank\\\" rel=\\\"noopener\\\"><span>,\\u00a0<\\\/span><\\\/a><a href=\\\"https:\\\/\\\/empowering-teachers.eu\\\/wp-content\\\/uploads\\\/2022\\\/03\\\/LOOP_WP1_Report_PT.pdf\\\">Portugal,<span><\\\/span><\\\/a><a href=\\\"https:\\\/\\\/empowering-teachers.eu\\\/wp-content\\\/uploads\\\/2022\\\/03\\\/LOOP_WP1_Report_PT.pdf\\\"> Spani<\\\/a>sch<span>, <\\\/span><a href=\\\"https:\\\/\\\/empowering-teachers.eu\\\/wp-content\\\/uploads\\\/2022\\\/04\\\/D1.3-LOOP-National-Report-Germany.pdf\\\" target=\\\"_blank\\\" rel=\\\"noopener\\\">Deutschland<\\\/a>, <a href=\\\"https:\\\/\\\/empowering-teachers.eu\\\/wp-content\\\/uploads\\\/2022\\\/04\\\/D1.3-LOOP-National-Report-Slovenia.pdf\\\">Slowenien<\\\/a><span>)\\u00a0<\\\/span> und<a href=\\\"https:\\\/\\\/empowering-teachers.eu\\\/wp-content\\\/uploads\\\/2023\\\/06\\\/D1.5-Comparative-Report_Final-DE.pdf\\\" target=\\\"_blank\\\" rel=\\\"noopener\\\"> den vergleichenden Bericht<\\\/a>. Au\\u00dferdem ist ein Katalog bew\\u00e4hrter Verfahren (Good Practices) <a href=\\\"https:\\\/\\\/empowering-teachers.eu\\\/wp-content\\\/uploads\\\/2022\\\/03\\\/LOOP_eCatalogueFinal.pdf\\\" target=\\\"_blank\\\" rel=\\\"noopener\\\">hier verf\\u00fcgbar<\\\/a>.<\\\/p>\",\"content_align\":true,\"content_column_breakpoint\":\"m\",\"content_dropcap\":false,\"icon\":\"\",\"icon_color\":\"primary\",\"icon_width\":80,\"image\":\"\",\"image_align\":\"top\",\"image_grid_breakpoint\":\"m\",\"image_grid_width\":\"1-2\",\"image_svg_animate\":true,\"image_svg_color\":\"primary\",\"image_svg_inline\":true,\"link\":\"\",\"link_style\":\"primary\",\"link_text\":\"Read More\",\"margin\":\"default\",\"margin_remove_top\":false,\"meta\":\"\",\"meta_align\":\"below-title\",\"meta_element\":\"div\",\"meta_style\":\"text-meta\",\"panel_image_no_padding\":false,\"panel_padding\":\"small\",\"panel_style\":\"card-default\",\"text_align\":\"center\",\"title\":\"HINTERGRUND-ANALYSE\",\"title_align\":\"top\",\"title_element\":\"h2\",\"title_grid_breakpoint\":\"m\",\"title_grid_width\":\"1-2\",\"title_hover_style\":\"reset\",\"title_style\":\"h3\"}}]},{\"type\":\"column\",\"props\":{\"image_position\":\"center-center\",\"media_overlay_gradient\":\"\",\"position_sticky_breakpoint\":\"m\",\"width_medium\":\"1-3\"},\"children\":[{\"name\":\"\",\"type\":\"panel\",\"props\":{\"animation\":\"fade\",\"content\":\"\n\n<p>Entwicklung eines Modells f\\u00fcr die Einarbeitung und berufliche Qualifizierung von Lehrkr\\u00e4ften.<\\\/p>\\n\n\n<p>Dabei wird ein Rahmen geschaffen, der die Konzepte, Strukturen, Ziele und Merkmale umfasst, die von den beiden politischen Instrumenten (dem Einf\\u00fchrungsprogramm f\\u00fcr Lehrkr\\u00e4fte und dem Qualifizierungsprogramm f\\u00fcr Mentor\\\/-innen) ber\\u00fccksichtigt werden m\\u00fcssen.<\\\/p>\\n\n\n<p>Informieren Sie sich \\u00fcber das LOOP Modell <a href=\\\"https:\\\/\\\/empowering-teachers.eu\\\/wp-content\\\/uploads\\\/2023\\\/06\\\/D2.1-Model-for-Teachers-Induction-and-Career-Progression-1.pdf\\\"><em>hier.<\\\/em><\\\/a><\\\/p>\\n\n\n<p><\\\/p>\",\"content_align\":true,\"content_column_breakpoint\":\"m\",\"content_dropcap\":false,\"icon\":\"\",\"icon_color\":\"primary\",\"icon_width\":80,\"image\":\"\",\"image_align\":\"top\",\"image_grid_breakpoint\":\"m\",\"image_grid_width\":\"1-2\",\"image_svg_animate\":true,\"image_svg_color\":\"primary\",\"image_svg_inline\":true,\"link\":\"\",\"link_style\":\"primary\",\"link_text\":\"Read More\",\"margin\":\"default\",\"margin_remove_top\":false,\"meta\":\"\",\"meta_align\":\"below-title\",\"meta_element\":\"div\",\"meta_style\":\"text-meta\",\"panel_image_no_padding\":false,\"panel_padding\":\"small\",\"panel_style\":\"card-default\",\"text_align\":\"center\",\"title\":\"LOOP-MODELL\",\"title_align\":\"top\",\"title_element\":\"h2\",\"title_grid_breakpoint\":\"m\",\"title_grid_width\":\"1-2\",\"title_hover_style\":\"reset\",\"title_style\":\"h3\"}}]},{\"type\":\"column\",\"props\":{\"image_position\":\"center-center\",\"media_overlay_gradient\":\"\",\"position_sticky_breakpoint\":\"m\",\"width_medium\":\"1-3\"},\"children\":[{\"name\":\"\",\"type\":\"panel\",\"props\":{\"animation\":\"fade\",\"content\":\"\n\n<p>Testung der politischen Instrumente und des Interventionsmodells von LOOP (Einf\\u00fchrung- und Mentoring-Programme) durch Feldversuche in realen Schulumgebungen.<\\\/p>\\n\n\n<p>Informieren Sie sich \\u00fcber die nationalen Berichte mit den Ergebnissen des Versuchs und des vergleichenden Berichts.<\\\/p>\\n\n\n<p><em>Bald verf\\u00fcgbar.<\\\/em><\\\/p>\",\"content_align\":true,\"content_column_breakpoint\":\"m\",\"content_dropcap\":false,\"icon\":\"\",\"icon_color\":\"primary\",\"icon_width\":80,\"image\":\"\",\"image_align\":\"top\",\"image_grid_breakpoint\":\"m\",\"image_grid_width\":\"1-2\",\"image_svg_animate\":true,\"image_svg_color\":\"primary\",\"image_svg_inline\":true,\"link\":\"\",\"link_style\":\"primary\",\"link_text\":\"Read More\",\"margin\":\"default\",\"margin_remove_top\":false,\"meta\":\"\",\"meta_align\":\"below-title\",\"meta_element\":\"div\",\"meta_style\":\"text-meta\",\"panel_image_no_padding\":false,\"panel_padding\":\"small\",\"panel_style\":\"card-default\",\"text_align\":\"center\",\"title\":\"EXPERIMENTELLE MA\\u00dfNAHMEN\",\"title_align\":\"top\",\"title_element\":\"h2\",\"title_grid_breakpoint\":\"m\",\"title_grid_width\":\"1-2\",\"title_hover_style\":\"reset\",\"title_style\":\"h3\"}}]}],\"props\":{\"layout\":\"1-3,1-3,1-3\"}},{\"name\":\"\",\"type\":\"row\",\"props\":{\"layout\":\"1-2,1-2\",\"width\":\"default\"},\"children\":[{\"name\":\"\",\"type\":\"column\",\"props\":{\"image_position\":\"center-center\",\"media_overlay_gradient\":\"\",\"position_sticky_breakpoint\":\"m\",\"width_medium\":\"1-2\"},\"children\":[{\"name\":\"\",\"type\":\"panel\",\"props\":{\"content\":\"\n\n<p>Ver\\u00f6ffentlichung regelm\\u00e4\\u00dfiger politischer Stellungnahmen, in denen die Ergebnisse, Schlussfolgerungen und Erkenntnisse aus der Feldforschung analysiert werden.<br \\\/>Diese Berichte spiegeln den Fortschritt und den Wissensaufbau durch die experimentellen Ma\\u00dfnahmen.<\\\/p>\\n\n\n<p>Informieren Sie sich \\u00fcber die drei Stellungnahmen.<\\\/p>\\n\n\n<p><a href=\\\"https:\\\/\\\/empowering-teachers.eu\\\/wp-content\\\/uploads\\\/2023\\\/06\\\/Policy_brief1_GE.pdf\\\" target=\\\"_blank\\\" rel=\\\"noopener\\\" class=\\\"customize-unpreviewable\\\">STELLUNGNAHMEN<\\\/a><\\\/p>\\n\n\n<p><a href=\\\"https:\\\/\\\/empowering-teachers.eu\\\/wp-content\\\/uploads\\\/2023\\\/03\\\/Policy_brief2-.pdf\\\" target=\\\"_blank\\\" rel=\\\"noopener\\\" class=\\\"customize-unpreviewable\\\">STELLUNGNAHMEN II<\\\/a>\\u00a0<\\\/p>\\n\n\n<h2 class=\\\"el-title uk-h3 uk-margin-top uk-margin-remove-bottom\\\"><\\\/h2>\",\"content_column_breakpoint\":\"m\",\"icon\":\"\",\"icon_color\":\"primary\",\"icon_width\":80,\"image\":\"\",\"image_align\":\"top\",\"image_grid_breakpoint\":\"m\",\"image_grid_width\":\"1-2\",\"image_svg_animate\":true,\"image_svg_color\":\"primary\",\"image_svg_inline\":true,\"link\":\"\",\"link_style\":\"primary\",\"link_text\":\"Read More\",\"margin\":\"default\",\"meta\":\"\",\"meta_align\":\"below-title\",\"meta_element\":\"div\",\"meta_style\":\"text-meta\",\"panel_image_no_padding\":false,\"panel_padding\":\"small\",\"panel_style\":\"card-default\",\"text_align\":\"left\",\"title\":\"STELLUNGNAHMEN\",\"title_align\":\"top\",\"title_element\":\"h2\",\"title_grid_breakpoint\":\"m\",\"title_grid_width\":\"1-2\",\"title_hover_style\":\"reset\",\"title_style\":\"h3\"}}]},{\"name\":\"\",\"type\":\"column\",\"props\":{\"image_position\":\"center-center\",\"media_overlay_gradient\":\"\",\"position_sticky_breakpoint\":\"m\",\"width_medium\":\"1-2\"},\"children\":[{\"name\":\"\",\"type\":\"panel\",\"props\":{\"content\":\"\n\n<p>Ver\\u00f6ffentlichung einer Informationsschrift mit politischen Handlungsempfehlungen f\\u00fcr eine geeignetere Gestaltung der Einf\\u00fchrungsprogramme f\\u00fcr Lehrkr\\u00e4fte, die auf den Schlussfolgerungen der Feldforschung beruhen. Auf diese Weise wird die Ausweitung, Nutzung und Einbeziehung der LOOP-Ma\\u00dfnahmen auf den verschiedenen zu untersuchenden Ebenen unterst\\u00fctzt.<\\\/p>\\n\n\n<p>Informieren Sie sich \\u00fcber die LOOP Informationsschrift.<\\\/p>\\n\n\n<p><em>Bald verf\\u00fcgbar.<\\\/em><\\\/p>\",\"content_column_breakpoint\":\"m\",\"icon\":\"\",\"icon_color\":\"primary\",\"icon_width\":80,\"image\":\"\",\"image_align\":\"top\",\"image_grid_breakpoint\":\"m\",\"image_grid_width\":\"1-2\",\"image_svg_animate\":true,\"image_svg_color\":\"primary\",\"image_svg_inline\":true,\"link\":\"\",\"link_style\":\"primary\",\"link_text\":\"Read More\",\"margin\":\"default\",\"meta\":\"\",\"meta_align\":\"below-title\",\"meta_element\":\"div\",\"meta_style\":\"text-meta\",\"panel_image_no_padding\":false,\"panel_padding\":\"small\",\"panel_style\":\"card-default\",\"text_align\":\"left\",\"title\":\"INFORMATIONSSCHRIFT\",\"title_align\":\"top\",\"title_element\":\"h2\",\"title_grid_breakpoint\":\"m\",\"title_grid_width\":\"1-2\",\"title_hover_style\":\"reset\",\"title_style\":\"h3\"}}]}]}]},{\"type\":\"section\",\"props\":{\"image_position\":\"center-center\",\"style\":\"default\",\"title_breakpoint\":\"xl\",\"title_position\":\"top-left\",\"title_rotation\":\"left\",\"vertical_align\":\"middle\",\"width\":\"default\"},\"children\":[{\"type\":\"row\",\"children\":[{\"type\":\"column\",\"props\":{\"image_position\":\"center-center\",\"media_overlay_gradient\":\"\",\"position_sticky_breakpoint\":\"m\"},\"children\":[]}]}]},{\"type\":\"section\",\"props\":{\"image_position\":\"center-center\",\"style\":\"primary\",\"title_breakpoint\":\"xl\",\"title_position\":\"top-left\",\"title_rotation\":\"left\",\"vertical_align\":\"middle\",\"width\":\"default\"},\"children\":[{\"type\":\"row\",\"props\":{\"layout\":\"1-4,1-4,1-4,1-4|1-2,1-2,1-2,1-2\"},\"children\":[{\"type\":\"column\",\"props\":{\"image_position\":\"center-center\",\"media_overlay_gradient\":\"\",\"position_sticky_breakpoint\":\"m\",\"width_medium\":\"1-4\",\"width_small\":\"1-2\"},\"children\":[{\"type\":\"module_position\",\"props\":{\"breakpoint\":\"m\",\"content\":\"builder-1\",\"layout\":\"stack\"}}]},{\"type\":\"column\",\"props\":{\"image_position\":\"center-center\",\"media_overlay_gradient\":\"\",\"position_sticky_breakpoint\":\"m\",\"width_medium\":\"1-4\",\"width_small\":\"1-2\"},\"children\":[{\"type\":\"module_position\",\"props\":{\"breakpoint\":\"m\",\"content\":\"builder-2\",\"layout\":\"stack\"}}]},{\"type\":\"column\",\"props\":{\"image_position\":\"center-center\",\"media_overlay_gradient\":\"\",\"position_sticky_breakpoint\":\"m\",\"width_medium\":\"1-4\",\"width_small\":\"1-2\"},\"children\":[{\"type\":\"module_position\",\"props\":{\"breakpoint\":\"m\",\"content\":\"builder-3\",\"layout\":\"stack\"}}]},{\"type\":\"column\",\"props\":{\"image_position\":\"center-center\",\"media_overlay_gradient\":\"\",\"position_sticky_breakpoint\":\"m\",\"width_medium\":\"1-4\",\"width_small\":\"1-2\"},\"children\":[{\"type\":\"module_position\",\"props\":{\"breakpoint\":\"m\",\"content\":\"builder-4\",\"layout\":\"stack\"}}]}]}],\"modified\":\"2022-01-11T13:39:51.074Z\",\"name\":\"Footer DE\"}],\"version\":\"3.0.25\"} --><\/p>\n","protected":false},"excerpt":{"rendered":"<p>Experimentelle Ma\u00dfnahmen HINTERGRUND-ANALYSE Eine eingehende Analyse des bisherigen Entwicklungsstandes auf nationaler Ebene befasste sich mit Instrumenten und Programmen, die die berufliche Entwicklung von Lehrkr\u00e4ften erm\u00f6glichen, wobei der Schwerpunkt auf Mentoring- und Einf\u00fchrungsprogrammen lag, die sich mit Peer-Lernen befassen. Informieren Sie sich \u00fcber die nationalen Berichte (Griechenland, Kroatien, Italien,\u00a0Portugal, Spanisch, Deutschland, Slowenien)\u00a0 und den vergleichenden Bericht. [&hellip;]<\/p>\n","protected":false},"author":1,"featured_media":0,"parent":0,"menu_order":0,"comment_status":"closed","ping_status":"closed","template":"","meta":{"footnotes":""},"class_list":["post-1136","page","type-page","status-publish","hentry"],"_links":{"self":[{"href":"https:\/\/empowering-teachers.eu\/de\/wp-json\/wp\/v2\/pages\/1136","targetHints":{"allow":["GET"]}}],"collection":[{"href":"https:\/\/empowering-teachers.eu\/de\/wp-json\/wp\/v2\/pages"}],"about":[{"href":"https:\/\/empowering-teachers.eu\/de\/wp-json\/wp\/v2\/types\/page"}],"author":[{"embeddable":true,"href":"https:\/\/empowering-teachers.eu\/de\/wp-json\/wp\/v2\/users\/1"}],"replies":[{"embeddable":true,"href":"https:\/\/empowering-teachers.eu\/de\/wp-json\/wp\/v2\/comments?post=1136"}],"version-history":[{"count":18,"href":"https:\/\/empowering-teachers.eu\/de\/wp-json\/wp\/v2\/pages\/1136\/revisions"}],"predecessor-version":[{"id":4659,"href":"https:\/\/empowering-teachers.eu\/de\/wp-json\/wp\/v2\/pages\/1136\/revisions\/4659"}],"wp:attachment":[{"href":"https:\/\/empowering-teachers.eu\/de\/wp-json\/wp\/v2\/media?parent=1136"}],"curies":[{"name":"wp","href":"https:\/\/api.w.org\/{rel}","templated":true}]}}