{"id":1157,"date":"2021-07-22T11:09:10","date_gmt":"2021-07-22T08:09:10","guid":{"rendered":"https:\/\/empowering-teachers.eu\/teachers-career\/"},"modified":"2022-02-03T16:26:45","modified_gmt":"2022-02-03T14:26:45","slug":"teachers-career","status":"publish","type":"page","link":"https:\/\/empowering-teachers.eu\/de\/teachers-career\/","title":{"rendered":"Teachers career"},"content":{"rendered":"<h1>Laufbahn f\u00fcr Lehrkr\u00e4fte<\/h1>\n<div>\n<h2>EINF\u00dcHRUNGSPROGRAMM F\u00dcR LEHRKR\u00c4FTE<\/h2>\n<div>\n<p>EINF\u00dcHRUNGSPROGRAMM F\u00dcR LEHRKR\u00c4FTE<\/p>\n<p>Entwicklung eines formellen Einf\u00fchrungsprogramms f\u00fcr Lehrkr\u00e4fte, das auf Mentoring-Aktivit\u00e4ten basiert und Instrumente und Ressourcen zur Unterst\u00fctzung angehender Lehrkr\u00e4fte beim Berufseinstieg beinhaltet.<\/p>\n<\/p>\n<p>Das Programm wird es den Teilnehmenden erm\u00f6glichen, sich an ihren Beruf und die neue Arbeitsplatzkultur zu gew\u00f6hnen, wobei berufliche Fragen, rechtliche\/administrative Themen des Lehrberufs und soziokulturelle Aspekte im Zusammenhang mit den Normen\/Prozessen der Schule\/des Schulverbunds, in der\/dem die neuen Lehrkr\u00e4fte eingesetzt werden sollen, behandelt werden.<\/p>\n<\/p>\n<p>Informieren Sie sich \u00fcber das Einf\u00fchrungsprogramm f\u00fcr Lehrkr\u00e4fte in Ihrem Land.<\/p>\n<p><strong>\u00a0<\/strong><\/p>\n<p><em>Bald verf\u00fcgbar<\/em><\/p>\n<\/div>\n<\/div>\n<div>\n<h2>QUALIFIZIERUNGSPROGRAMM F\u00dcR MENTOR\/-INNEN<\/h2>\n<div>\n<p>Formale Weiterbildungsprogramme f\u00fcr Mentor\/-innen werden erfahrenen Lehrkr\u00e4ften und Schulleiter\/-innen die M\u00f6glichkeit bieten, eine neue berufliche Perspektive zu ergreifen.<br \/>Die Mentor\/-innen werden dazu bef\u00e4higt, in wirksamen und formale Einf\u00fchrungsprogramme f\u00fcr Lehrkr\u00e4fte als Vermittler\/-innen t\u00e4tig zu werden.<\/p>\n<p>Das Programm enth\u00e4lt Leitlinien und Ressourcen f\u00fcr das Mentoring und richtet sich an erfahrene Lehrkr\u00e4fte und Schulleitungen, die eine Mentoring-Rolle f\u00fcr ihre unerfahrenen Kolleg\/-innen einnehmen m\u00f6chten und so neue berufliche M\u00f6glichkeiten entdecken.<\/p>\n<p>Informieren Sie sich \u00fcber das Qualifizierungsprogramm f\u00fcr Mentor\/-innen in Ihrem Land.<\/p>\n<p><em>Bald verf\u00fcgbar<\/em><\/p>\n<\/div>\n<\/div>\n<p><!--more--><br \/>\n<!-- {\"name\":\"Support\",\"type\":\"layout\",\"children\":[{\"name\":\"Support\",\"type\":\"section\",\"props\":{\"style\":\"default\",\"width\":\"default\",\"vertical_align\":\"middle\",\"title_position\":\"top-left\",\"title_rotation\":\"left\",\"title_breakpoint\":\"xl\",\"image_position\":\"top-right\",\"image\":\"wp-content\\\/uploads\\\/2021\\\/08\\\/teacher-teaching-at-school.jpg\",\"image_width\":\"1600\",\"padding\":\"xlarge\",\"image_parallax_bgy_end\":\"500\",\"animation\":\"slide-bottom-medium\",\"animation_delay\":\"200\",\"padding_remove_bottom\":true,\"css\":\".el-section > [class*='uk-background-'] { min-height: 50vh; }\"},\"children\":[{\"name\":\"\",\"type\":\"row\",\"props\":{\"vertical_align\":false,\"margin\":\"xlarge\",\"match\":false},\"children\":[{\"name\":\"\",\"type\":\"column\",\"props\":{\"image_position\":\"center-center\",\"image\":\"\",\"media_overlay_gradient\":\"\",\"width_medium\":\"1-1\"},\"children\":[]}]}]},{\"type\":\"section\",\"props\":{\"style\":\"default\",\"width\":\"default\",\"vertical_align\":\"middle\",\"title_position\":\"top-left\",\"title_rotation\":\"left\",\"title_breakpoint\":\"xl\",\"image_position\":\"center-center\"},\"children\":[{\"type\":\"row\",\"children\":[{\"type\":\"column\",\"props\":{\"image_position\":\"center-center\",\"media_overlay_gradient\":\"\"},\"children\":[{\"type\":\"headline\",\"props\":{\"title_element\":\"h1\",\"content\":\"Laufbahn f\\u00fcr Lehrkr\\u00e4fte\",\"title_style\":\"heading-medium\",\"text_align\":\"center\"}}]}]},{\"type\":\"row\",\"props\":{\"layout\":\"1-2,1-2\"},\"children\":[{\"type\":\"column\",\"props\":{\"image_position\":\"center-center\",\"media_overlay_gradient\":\"\",\"width_medium\":\"1-2\"},\"children\":[{\"name\":\"\",\"type\":\"panel\",\"props\":{\"link_text\":\"Read More\",\"title_element\":\"h2\",\"meta_style\":\"meta\",\"meta_align\":\"below-title\",\"image_align\":\"top\",\"image_grid_width\":\"1-2\",\"link_style\":\"primary\",\"margin\":\"default\",\"image\":\"\",\"panel_style\":\"card-default\",\"panel_size\":\"large\",\"title\":\"EINF\\u00dcHRUNGSPROGRAMM F\\u00dcR LEHRKR\\u00c4FTE\",\"meta\":\"\",\"icon\":\"\",\"content\":\"\n\n<p>EINF\\u00dcHRUNGSPROGRAMM F\\u00dcR LEHRKR\\u00c4FTE<\\\/p>\\n\n\n<p>Entwicklung eines formellen Einf\\u00fchrungsprogramms f\\u00fcr Lehrkr\\u00e4fte, das auf Mentoring-Aktivit\\u00e4ten basiert und Instrumente und Ressourcen zur Unterst\\u00fctzung angehender Lehrkr\\u00e4fte beim Berufseinstieg beinhaltet.<\\\/p>\\n\n\n<p><\\\/p>\\n\n\n<p>Das Programm wird es den Teilnehmenden erm\\u00f6glichen, sich an ihren Beruf und die neue Arbeitsplatzkultur zu gew\\u00f6hnen, wobei berufliche Fragen, rechtliche\\\/administrative Themen des Lehrberufs und soziokulturelle Aspekte im Zusammenhang mit den Normen\\\/Prozessen der Schule\\\/des Schulverbunds, in der\\\/dem die neuen Lehrkr\\u00e4fte eingesetzt werden sollen, behandelt werden.<\\\/p>\\n\n\n<p><\\\/p>\\n\n\n<p>Informieren Sie sich \\u00fcber das Einf\\u00fchrungsprogramm f\\u00fcr Lehrkr\\u00e4fte in Ihrem Land.<\\\/p>\\n\n\n<p><strong>\\u00a0<\\\/strong><\\\/p>\\n\n\n<p><em>Bald verf\\u00fcgbar<\\\/em><\\\/p>\",\"link\":\"\",\"text_align\":\"center\",\"icon_color\":\"primary\",\"animation\":\"fade\",\"title_style\":\"h3\",\"image_svg_color\":\"primary\",\"image_svg_inline\":true,\"image_svg_animate\":true,\"panel_card_image\":false,\"image_grid_breakpoint\":\"m\",\"icon_width\":80,\"title_hover_style\":\"reset\",\"title_align\":\"top\",\"title_grid_width\":\"1-2\",\"title_grid_breakpoint\":\"m\",\"meta_element\":\"div\",\"content_column_breakpoint\":\"m\"}}]},{\"type\":\"column\",\"props\":{\"image_position\":\"center-center\",\"media_overlay_gradient\":\"\",\"width_medium\":\"1-2\"},\"children\":[{\"name\":\"\",\"type\":\"panel\",\"props\":{\"link_text\":\"Read More\",\"title_element\":\"h2\",\"meta_style\":\"meta\",\"meta_align\":\"below-title\",\"image_align\":\"top\",\"image_grid_width\":\"1-2\",\"link_style\":\"primary\",\"margin\":\"default\",\"image\":\"\",\"panel_style\":\"card-default\",\"panel_size\":\"large\",\"title\":\"QUALIFIZIERUNGSPROGRAMM F\\u00dcR MENTOR\\\/-INNEN\",\"meta\":\"\",\"icon\":\"\",\"content\":\"\n\n<p>Formale Weiterbildungsprogramme f\\u00fcr Mentor\\\/-innen werden erfahrenen Lehrkr\\u00e4ften und Schulleiter\\\/-innen die M\\u00f6glichkeit bieten, eine neue berufliche Perspektive zu ergreifen.<br \\\/>Die Mentor\\\/-innen werden dazu bef\\u00e4higt, in wirksamen und formale Einf\\u00fchrungsprogramme f\\u00fcr Lehrkr\\u00e4fte als Vermittler\\\/-innen t\\u00e4tig zu werden.<\\\/p>\\n\n\n<p>Das Programm enth\\u00e4lt Leitlinien und Ressourcen f\\u00fcr das Mentoring und richtet sich an erfahrene Lehrkr\\u00e4fte und Schulleitungen, die eine Mentoring-Rolle f\\u00fcr ihre unerfahrenen Kolleg\\\/-innen einnehmen m\\u00f6chten und so neue berufliche M\\u00f6glichkeiten entdecken.<\\\/p>\\n\n\n<p>Informieren Sie sich \\u00fcber das Qualifizierungsprogramm f\\u00fcr Mentor\\\/-innen in Ihrem Land.<\\\/p>\\n\n\n<p><em>Bald verf\\u00fcgbar<\\\/em><\\\/p>\",\"link\":\"\",\"text_align\":\"center\",\"icon_color\":\"primary\",\"title_style\":\"h3\",\"image_svg_color\":\"primary\",\"image_svg_inline\":true,\"image_svg_animate\":true,\"panel_card_image\":false,\"image_grid_breakpoint\":\"m\",\"icon_width\":80,\"title_hover_style\":\"reset\",\"title_align\":\"top\",\"title_grid_width\":\"1-2\",\"title_grid_breakpoint\":\"m\",\"meta_element\":\"div\",\"content_column_breakpoint\":\"m\"}}]}]}]},{\"type\":\"section\",\"props\":{\"style\":\"primary\",\"width\":\"default\",\"vertical_align\":\"middle\",\"title_position\":\"top-left\",\"title_rotation\":\"left\",\"title_breakpoint\":\"xl\",\"image_position\":\"center-center\"},\"children\":[{\"type\":\"row\",\"props\":{\"layout\":\"1-4,1-4,1-4,1-4|1-2,1-2,1-2,1-2\"},\"children\":[{\"type\":\"column\",\"props\":{\"image_position\":\"center-center\",\"media_overlay_gradient\":\"\",\"width_medium\":\"1-4\",\"width_small\":\"1-2\"},\"children\":[{\"type\":\"module_position\",\"props\":{\"layout\":\"stack\",\"breakpoint\":\"m\",\"content\":\"builder-1\"}}]},{\"type\":\"column\",\"props\":{\"image_position\":\"center-center\",\"media_overlay_gradient\":\"\",\"width_medium\":\"1-4\",\"width_small\":\"1-2\"},\"children\":[{\"type\":\"module_position\",\"props\":{\"layout\":\"stack\",\"breakpoint\":\"m\",\"content\":\"builder-2\"}}]},{\"type\":\"column\",\"props\":{\"image_position\":\"center-center\",\"media_overlay_gradient\":\"\",\"width_medium\":\"1-4\",\"width_small\":\"1-2\"},\"children\":[{\"type\":\"module_position\",\"props\":{\"layout\":\"stack\",\"breakpoint\":\"m\",\"content\":\"builder-3\"}}]},{\"type\":\"column\",\"props\":{\"image_position\":\"center-center\",\"media_overlay_gradient\":\"\",\"width_medium\":\"1-4\",\"width_small\":\"1-2\"},\"children\":[{\"type\":\"module_position\",\"props\":{\"layout\":\"stack\",\"breakpoint\":\"m\",\"content\":\"builder-4\"}}]}]}],\"modified\":\"2022-01-11T13:39:51.074Z\",\"name\":\"Footer DE\"}],\"version\":\"2.5.10\"} --><\/p>\n","protected":false},"excerpt":{"rendered":"<p>Laufbahn f\u00fcr Lehrkr\u00e4fte EINF\u00dcHRUNGSPROGRAMM F\u00dcR LEHRKR\u00c4FTE EINF\u00dcHRUNGSPROGRAMM F\u00dcR LEHRKR\u00c4FTE Entwicklung eines formellen Einf\u00fchrungsprogramms f\u00fcr Lehrkr\u00e4fte, das auf Mentoring-Aktivit\u00e4ten basiert und Instrumente und Ressourcen zur Unterst\u00fctzung angehender Lehrkr\u00e4fte beim Berufseinstieg beinhaltet. Das Programm wird es den Teilnehmenden erm\u00f6glichen, sich an ihren Beruf und die neue Arbeitsplatzkultur zu gew\u00f6hnen, wobei berufliche Fragen, rechtliche\/administrative Themen des Lehrberufs und [&hellip;]<\/p>\n","protected":false},"author":1,"featured_media":0,"parent":0,"menu_order":0,"comment_status":"closed","ping_status":"closed","template":"","meta":{"footnotes":""},"class_list":["post-1157","page","type-page","status-publish","hentry"],"_links":{"self":[{"href":"https:\/\/empowering-teachers.eu\/de\/wp-json\/wp\/v2\/pages\/1157","targetHints":{"allow":["GET"]}}],"collection":[{"href":"https:\/\/empowering-teachers.eu\/de\/wp-json\/wp\/v2\/pages"}],"about":[{"href":"https:\/\/empowering-teachers.eu\/de\/wp-json\/wp\/v2\/types\/page"}],"author":[{"embeddable":true,"href":"https:\/\/empowering-teachers.eu\/de\/wp-json\/wp\/v2\/users\/1"}],"replies":[{"embeddable":true,"href":"https:\/\/empowering-teachers.eu\/de\/wp-json\/wp\/v2\/comments?post=1157"}],"version-history":[{"count":4,"href":"https:\/\/empowering-teachers.eu\/de\/wp-json\/wp\/v2\/pages\/1157\/revisions"}],"predecessor-version":[{"id":2242,"href":"https:\/\/empowering-teachers.eu\/de\/wp-json\/wp\/v2\/pages\/1157\/revisions\/2242"}],"wp:attachment":[{"href":"https:\/\/empowering-teachers.eu\/de\/wp-json\/wp\/v2\/media?parent=1157"}],"curies":[{"name":"wp","href":"https:\/\/api.w.org\/{rel}","templated":true}]}}