{"id":1444,"date":"2021-07-16T15:43:05","date_gmt":"2021-07-16T12:43:05","guid":{"rendered":"https:\/\/empowering-teachers.eu\/data-privacy-policy-for-the-loop-project-and-website\/"},"modified":"2022-01-14T15:18:46","modified_gmt":"2022-01-14T13:18:46","slug":"data-privacy-policy-for-the-loop-project-and-website","status":"publish","type":"page","link":"https:\/\/empowering-teachers.eu\/de\/data-privacy-policy-for-the-loop-project-and-website\/","title":{"rendered":"DATENSCHUTZBESTIMMUNGEN F\u00dcR DAS LOOP-PROJEKT UND DIE INTERNETSEITE"},"content":{"rendered":"\n<p><strong>VERARBEITUNG UND DATENSCHUTZ<\/strong><\/p>\n\n\n\n<p>In dem Bewusstsein, dass der Umgang mit Ihren Daten Ihr Vertrauen erfordert, befolgen wir die geltenden Vorschriften und die entsprechenden Richtlinien f\u00fcr die Verarbeitung und den Schutz Ihrer Daten.<\/p>\n\n\n\n<p>Wir werden Ihre personenbezogenen Daten nur f\u00fcr die unten genannten Zwecke verwenden und dabei die allgemeine Datenschutzverordnung (GDPR) befolgen und die Vertraulichkeit und Integrit\u00e4t Ihrer personenbezogenen Daten gew\u00e4hrleisten Die folgende Datenschutzrichtlinie legt fest, wie das Konsortium des LOOP-Projekts (LOOP &#8211; Empowering teachers personal, professional and social continuous development through innovative peer-induction programmes, Projektnummer 626148-EPP-1-2020-2-PT-EPPKA3-PI-POLICY) mit den personenbezogenen Daten seiner Projektpartner\/-innen, Mitarbeiter\/-innen, die an den im Rahmen des Projekts angebotenen Schulungen teilnehmen, externen Teilnehmer\/-innen an der Desk Research-Phase, den Co-Design-Sitzungen und der Test- und Validierungsphase des Projekts, externen Teilnehmer\/-innen an den \u00f6ffentlichen Verbreitungsveranstaltungen des Projekts, Besucher\/-innen unserer Website (<a href=\"http:\/\/empowering-teachers.eu\/\">http:\/\/empowering-teachers.eu\/<\/a>) und sozialen Medien (<a href=\"https:\/\/www.facebook.com\/LOOP-Empowering-Teachers-106708451640410,%20https:\/twitter.com\/LoopTeachers\">https:\/\/www.facebook.com\/LOOP-Empowering-Teachers-106708451640410, https:\/\/twitter.com\/LoopTeachers<\/a>) umgeht.<\/p>\n\n\n\n<p><strong>(+) Wer ist f\u00fcr die Verarbeitung Ihrer personenbezogenen Daten verantwortlich?<\/strong><\/p>\n\n\n\n<p>Das Konsortium des LOOP-Projekts ist f\u00fcr die Verarbeitung der personenbezogenen Daten seiner Partner\/-innen, der Besucher\/-innen der Website, die eine Kontaktanfrage stellen, oder der externen Teilnehmer\/-innen an projektbezogenen Aktivit\u00e4ten (Umfragen, Interviews, Fokusgruppen, Co-Design-Sitzungen, Test- und Validierungsphase, Verbreitungsveranstaltungen und Konferenzen usw.) verantwortlich und h\u00e4lt sich dabei an die in der Europ\u00e4ischen Union geltenden Datenschutzvorschriften (die Allgemeine Datenschutzverordnung &#8211; GDPR). Das Konsortium des LOOP-Projekts gibt die \u00fcbermittelten personenbezogenen Daten nicht an andere Einrichtungen weiter.<\/p>\n\n\n\n<p><strong>(+) Wie werden Ihre personenbezogenen Daten erhoben?<\/strong><\/p>\n\n\n\n<p>Wir speichern keine Informationen von Besucher\/-innen unserer Internetseite. Personenbezogene Daten werden nur dann erhoben und verarbeitet, wenn Sie folgendes ausf\u00fcllen:&nbsp;<\/p>\n\n\n\n<ul class=\"wp-block-list\"><li>das auf der Projekt-Website verf\u00fcgbare Formular f\u00fcr Kontaktanfragen\u00a0<\/li><li>alle anderen Formulare und Formate zur Datenerfassung, die auf der Projektwebsite verf\u00fcgbar sind,\u00a0<\/li><li>die Anfrage zum Versand des LOOP-Newsletters,\u00a0<\/li><li>das Anmeldeformular f\u00fcr \u00f6ffentliche Veranstaltungen, die von einem der Partner des Konsortiums angeboten werden,\u00a0<\/li><li>die Unterschriftenliste der Teilnehmer\/-innen, wenn sie an einer im Rahmen des Projekts angebotenen Fortbildungsveranstaltung teilnehmen,\u00a0<\/li><li>die Unterschriftenliste der Teilnehmer\/-innen, wenn sie an einer im Rahmen des Projekts gef\u00f6rderten \u00f6ffentlichen Verbreitungsveranstaltung teilnehmen.<\/li><\/ul>\n\n\n\n<p><strong>(+) Zu welchem Zweck und auf welcher Grundlage k\u00f6nnen Ihre personenbezogenen Daten verwendet werden?<\/strong>\u00a0<\/p>\n\n\n\n<p>Ihre personenbezogenen Daten werden f\u00fcr die Zwecke, f\u00fcr die die Daten zur Verf\u00fcgung gestellt werden, erhoben und verwendet, und zwar: f\u00fcr die Konsultation von Interessengruppen zur Auswertung der LOOP-Ergebnisse, f\u00fcr das Verfassen von Berichten, die der Europ\u00e4ischen Kommission und\/oder einer der nationalen Finanzierungsstellen des Programms Erasmus+ (<a href=\"https:\/\/www.eacea.ec.europa.eu\/index_en\">Education, Audiovisual and Culture Executive Agency<\/a>)) vorzulegen sind, und f\u00fcr die Bereitstellung von Informationen \u00fcber den Fortschritt und die Ergebnisse des Projekts unter strikter Einhaltung der Bedingungen, die Sie in dem Zustimmungsfeld in jedem der Online-Formulare auf dieser Website ausw\u00e4hlen. Nach den in der Europ\u00e4ischen Union geltenden Datenschutzvorschriften (der Allgemeinen Datenschutzverordnung &#8211; DSGVO) muss die Verwendung personenbezogener Daten durch mindestens eine Rechtsgrundlage f\u00fcr die Verarbeitung personenbezogener Daten gerechtfertigt sein. Die Rechtsgrundlage f\u00fcr die Erhebung und Verwendung Ihrer personenbezogenen Daten f\u00fcr die oben beschriebenen Zwecke im Zusammenhang mit dem LOOP-Projekt ist Ihre Einwilligung.<\/p>\n\n\n\n<p><strong>(+) Was ist die Rechtsgrundlage f\u00fcr die Verarbeitung personenbezogener Daten?<\/strong>\u00a0<\/p>\n\n\n\n<ul class=\"wp-block-list\"><li>Wenn Sie in die Verarbeitung Ihrer personenbezogenen Daten eingewilligt haben (zu diesem Zweck wird Ihnen eine Einwilligungserkl\u00e4rung zur Datenverarbeitung vorgelegt, die Sie sp\u00e4ter widerrufen k\u00f6nnen);\u00a0<\/li><li>Wenn die Verarbeitung erforderlich ist, um die gesetzlichen Verpflichtungen zu erf\u00fcllen, denen das LOOP-Projekt unterliegt;\u00a0<\/li><li>Wenn die Verarbeitung zur Verwirklichung eines berechtigten Interesses erforderlich ist und unsere Gr\u00fcnde f\u00fcr die Datenverarbeitung gegen\u00fcber Ihren Datenschutzrechten Vorrang haben;<\/li><li>Wenn die Verarbeitung erforderlich ist, damit wir in einem Gerichtsverfahren gegen Sie, uns oder einen Dritten aussagen, Rechte geltend machen oder verteidigen k\u00f6nnen.<\/li><\/ul>\n\n\n\n<p><strong>(+) Welche personenbezogenen Daten k\u00f6nnen erhoben werden?<\/strong><\/p>\n\n\n\n<p>Zu den erhobenen personenbezogenen Daten k\u00f6nnen Ihr Name, Ihre E-Mail-Adresse, die Zugeh\u00f6rigkeit zu einer Organisation, Ihr Wohnsitzland, Ihre berufliche T\u00e4tigkeit, Ihr Alter, Ihr Geschlecht und\/oder andere Angaben geh\u00f6ren.<\/p>\n\n\n\n<p><strong>(+) Wie gew\u00e4hrleisten wir die Sicherheit Ihrer personenbezogenen Daten?<\/strong><\/p>\n\n\n\n<p>Wir setzen eine Reihe von Sicherheitsma\u00dfnahmen ein, darunter Authentifizierungsinstrumente, Verschl\u00fcsselung und digitale Zertifikate, um die Sicherheit, Richtigkeit und Verf\u00fcgbarkeit Ihrer personenbezogenen Daten zu sch\u00fctzen und zu erhalten. Obwohl die Daten\u00fcbertragung im Internet oder die Website keinen vollst\u00e4ndigen Schutz gegen Angriffe garantieren kann, bem\u00fchen wir und unsere Dienstleister uns sehr um die Einrichtung und Aufrechterhaltung physischer, elektronischer und verfahrenstechnischer Sicherheitsvorkehrungen zum Schutz Ihrer personenbezogenen Daten in \u00dcbereinstimmung mit den geltenden Datenschutzanforderungen. Unter anderem haben wir die folgenden Ma\u00dfnahmen getroffen:&nbsp;<\/p>\n\n\n\n<ul class=\"wp-block-list\"><li>Schutz der informationstechnischen Systeme durch Firewalls, um einen unbefugten Zugriff auf Ihre personenbezogenen Daten zu verhindern;\u00a0<\/li><li>Kontinuierliche \u00dcberwachung des Zugriffs auf informationstechnische Systeme, um den Missbrauch Ihrer personenbezogenen Daten zu verhindern und aufzudecken.<\/li><\/ul>\n\n\n\n<p><strong>(+) Wie lange bewahren wir Ihre personenbezogenen Daten auf?<\/strong><\/p>\n\n\n\n<p>Wir speichern Ihre Daten nur f\u00fcr den Zeitraum, in dem der Zweck, f\u00fcr den sie erhoben wurden, Bestand hat. Sobald die maximale Aufbewahrungsdauer erreicht ist, werden Ihre personenbezogenen Daten unwiderruflich anonymisiert (anonymisierte Daten k\u00f6nnen gespeichert werden) oder sicher vernichtet.&nbsp;&nbsp;<\/p>\n\n\n\n<p>F\u00fcr die in dieser Datenschutzerkl\u00e4rung beschriebenen Zwecke werden Ihre personenbezogenen Daten ab der Einwilligung oder der letzten Kontaktaufnahme (je nachdem, was zuletzt eintritt) aufbewahrt, sofern Sie innerhalb dieses Zeitraums Ihre Einwilligung nicht widerrufen haben.&nbsp; Ihre personenbezogenen Daten werden auf den gesch\u00fctzten Servern unserer Lieferanten\/Dienstleister gespeichert, auf die ausschlie\u00dflich im Rahmen unserer Richtlinien und Standards (oder gleichwertiger Richtlinien und Standards unserer Lieferanten\/Dienstleister) zugegriffen und diese verwendet werden.<\/p>\n\n\n\n<p><strong>(+) Wie k\u00f6nnen Sie Ihre Zustimmung \u00e4ndern oder widerrufen?<\/strong><\/p>\n\n\n\n<p>Sie k\u00f6nnen Ihre Einwilligung jederzeit f\u00fcr die Zukunft \u00e4ndern oder widerrufen. Nach vollst\u00e4ndigem Widerruf Ihrer Einwilligungserkl\u00e4rung werden Sie nicht mehr kontaktiert und erhalten keine Mitteilungen mehr zu den in dieser Datenschutzrichtlinie beschriebenen Zwecken.\u00a0<\/p>\n\n\n\n<p><strong>(+) Welche Rechte haben Sie in Bezug auf den Datenschutz und das Beschwerderecht bei der Aufsichtsbeh\u00f6rde?<\/strong><\/p>\n\n\n\n<p>Wenn Sie Fragen zur Verwendung Ihrer pers\u00f6nlichen Daten haben, wenden Sie sich bitte an den Projektkoordinator \u00fcber das Online-Kontaktformular, das Sie hier finden: <a href=\"https:\/\/empowering-teachers.eu\/contact-us\/\">https:\/\/empowering-teachers.eu\/contact-us\/<\/a>.<\/p>\n\n\n\n<p>Unter bestimmten Voraussetzungen k\u00f6nnen Sie von uns verlangen, dass wir:&nbsp;<\/p>\n\n\n\n<ul class=\"wp-block-list\"><li>Ihnen zus\u00e4tzliche Informationen dar\u00fcber geben, wie wir Ihre personenbezogenen Daten verwenden;&nbsp;<\/li><li>Ihnen eine Kopie der bereitgestellten personenbezogenen Daten zur Verf\u00fcgung stellen;&nbsp;<\/li><li>Ihnen die personenbezogenen Daten, die Sie einem Dritten zur Verf\u00fcgung gestellt haben, auf Ihren Wunsch hin \u00fcbermitteln;&nbsp;<\/li><li>jede Ungenauigkeit in den von uns gespeicherten personenbezogenen Daten berichtigen;&nbsp;<\/li><li>personenbezogene Daten l\u00f6schen, deren Verwendung nicht mehr rechtm\u00e4\u00dfig ist;&nbsp;<\/li><li>die Verwendung Ihrer personenbezogenen Daten einschr\u00e4nken, bis die Beschwerde gepr\u00fcft ist.&nbsp;<\/li><\/ul>\n\n\n\n<p>Die Aus\u00fcbung dieser Rechte unterliegt bestimmten Einschr\u00e4nkungen, die dem Schutz des \u00f6ffentlichen Interesses (Verh\u00fctung oder Aufdeckung von Straftaten) oder unseres Interesses (Wahrung des Berufsgeheimnisses) dienen.&nbsp;<\/p>\n\n\n\n<p>Wenn Sie eines dieser Rechte aus\u00fcben, werden wir dies analysieren und Ihnen innerhalb eines (1) Monats antworten.\u00a0 Wenn Sie mit der Verwendung Ihrer personenbezogenen Daten durch uns oder mit unserer Antwort nach Aus\u00fcbung eines dieser Rechte nicht zufrieden sind, haben Sie gem\u00e4\u00df den geltenden Rechtsvorschriften das Recht, eine Klage bei der Aufsichtsbeh\u00f6rde (<a href=\"https:\/\/www.cnpd.pt\/\">Comiss\u00e3o Nacional de Protec\u00e7\u00e3o de Dados \u2013 CNPD<\/a>) einzureichen.<\/p>\n\n\n\n<p><strong>(+) Verf\u00fcgbare Links auf der Website und der Lernplattform<\/strong><\/p>\n\n\n\n<p>Unsere Website kann Links enthalten, die es Ihnen erm\u00f6glichen, andere interessante Websites problemlos zu besuchen. Wenn Sie jedoch \u00fcber diese Links unsere Website verlassen, sollten Sie beachten, dass wir keine Kontrolle \u00fcber diese Website haben. Daher sind die Partner des Konsortiums des LOOP-Projekts nicht f\u00fcr den Schutz und die Vertraulichkeit von Informationen verantwortlich, die Sie beim Besuch solcher Websites zur Verf\u00fcgung stellen, und solche Websites unterliegen nicht dieser Datenschutzerkl\u00e4rung. Sie sollten daher Vorsicht walten lassen und die f\u00fcr die betreffende Website geltende Datenschutzerkl\u00e4rung lesen.<\/p>\n\n\n\n<p><strong>(+) Cookies<\/strong>&nbsp;<\/p>\n\n\n\n<p>Wir verwenden keine Cookies f\u00fcr Tracking-Zwecke.\u00a0<\/p>\n","protected":false},"excerpt":{"rendered":"<p>VERARBEITUNG UND DATENSCHUTZ In dem Bewusstsein, dass der Umgang mit Ihren Daten Ihr Vertrauen erfordert, befolgen wir die geltenden Vorschriften und die entsprechenden Richtlinien f\u00fcr die Verarbeitung und den Schutz Ihrer Daten. Wir werden Ihre personenbezogenen Daten nur f\u00fcr die unten genannten Zwecke verwenden und dabei die allgemeine Datenschutzverordnung (GDPR) befolgen und die Vertraulichkeit und [&hellip;]<\/p>\n","protected":false},"author":1,"featured_media":0,"parent":0,"menu_order":0,"comment_status":"closed","ping_status":"closed","template":"","meta":{"footnotes":""},"class_list":["post-1444","page","type-page","status-publish","hentry"],"_links":{"self":[{"href":"https:\/\/empowering-teachers.eu\/de\/wp-json\/wp\/v2\/pages\/1444","targetHints":{"allow":["GET"]}}],"collection":[{"href":"https:\/\/empowering-teachers.eu\/de\/wp-json\/wp\/v2\/pages"}],"about":[{"href":"https:\/\/empowering-teachers.eu\/de\/wp-json\/wp\/v2\/types\/page"}],"author":[{"embeddable":true,"href":"https:\/\/empowering-teachers.eu\/de\/wp-json\/wp\/v2\/users\/1"}],"replies":[{"embeddable":true,"href":"https:\/\/empowering-teachers.eu\/de\/wp-json\/wp\/v2\/comments?post=1444"}],"version-history":[{"count":2,"href":"https:\/\/empowering-teachers.eu\/de\/wp-json\/wp\/v2\/pages\/1444\/revisions"}],"predecessor-version":[{"id":1897,"href":"https:\/\/empowering-teachers.eu\/de\/wp-json\/wp\/v2\/pages\/1444\/revisions\/1897"}],"wp:attachment":[{"href":"https:\/\/empowering-teachers.eu\/de\/wp-json\/wp\/v2\/media?parent=1444"}],"curies":[{"name":"wp","href":"https:\/\/api.w.org\/{rel}","templated":true}]}}