{"id":1162,"date":"2021-07-22T11:09:10","date_gmt":"2021-07-22T08:09:10","guid":{"rendered":"https:\/\/empowering-teachers.eu\/teachers-career\/"},"modified":"2024-05-28T11:08:53","modified_gmt":"2024-05-28T08:08:53","slug":"teachers-career","status":"publish","type":"page","link":"https:\/\/empowering-teachers.eu\/es\/teachers-career\/","title":{"rendered":"Carrera docente"},"content":{"rendered":"<h1>Carrera docente<\/h1>\n<div>\n<h2>PROGRAMAS DE INDUCCI\u00d3N DEL PROFESORADO <\/h2>\n<div>\n<p>Se dise\u00f1ar\u00e1 un programa formal de iniciaci\u00f3n de profesorado, basado en actividades de tutor\u00eda y que incluir\u00e1 herramientas y recursos para apoyar al profesorado novel que inician su carrera.<\/p>\n<p>El programa permitir\u00e1 a los\/las participantes adaptarse a su profesi\u00f3n y a la nueva cultura del lugar de trabajo, abarcando cuestiones profesionales, temas legales\/administrativos de la profesi\u00f3n docente y aspectos socioculturales relacionados con las normas\/procesos de los centros educativos a los que se asignar\u00e1 el nuevo profesorado.<\/p>\n<p>Consulte el programa de inducci\u00f3n del profesorado en su pa\u00eds <a href=\"https:\/\/empowering-teachers.eu\/wp-content\/uploads\/2023\/04\/TIC.-Iniciacio-de-professorat.pdf\">aqu\u00ed<\/a>.<\/p>\n<\/div>\n<p><a href=\"\/wp-content\/uploads\/2023\/07\/ES_01-LOOP-Bifold-Brochure.v2-1.pdf\">Folleto<\/a><\/p>\n<\/div>\n<div>\n<h2>PROGRAMA DE CAPACITACI\u00d3N DE MENTORES\/AS <\/h2>\n<div>\n<p>Los programas de formaci\u00f3n formal de los mentores ofrecer\u00e1n la oportunidad al profesorado y a las direcciones con experiencia, de incorporar una nueva opci\u00f3n profesional.<\/p>\n<p>Se formar\u00e1 a los mentores para que act\u00faen como facilitadores en el despliegue de programas eficaces y formales de iniciaci\u00f3n del profesorado. El programa estar\u00e1 dotado de directrices para los mentores y de recursos para su uso, dedicados al profesorado experimentado y a las direcciones de centros educativos que deseen convertirse en mentores de sus compa\u00f1eros menos experimentados al tiempo que adquieren una nueva opci\u00f3n profesional.<\/p>\n<p>Consulte el programa de mentor\u00eda en tu pa\u00eds <a href=\"https:\/\/empowering-teachers.eu\/wp-content\/uploads\/2023\/04\/MCP.-Capacitacio-de-mentors.pdf\">aqu\u00ed<\/a>.<\/p>\n<\/div>\n<p><a href=\"https:\/\/empowering-teachers.eu\/wp-content\/uploads\/2024\/05\/ES_02-LOOP-Bifold-Brochure_MCP_FINAL.pdf\">Folleto<\/a><\/p>\n<\/div>\n<div>\n<h2>TESTIMONIOS DE PROFESORES<\/h2>\n<\/div>\n<h1>\n<h4 style=\"text-align: center;\">\u00a0 \u00a0 \u00a0 \u00a0 \u00a0 \u00a0 \u00a0 \u00a0 \u00a0 \u00a0 \u00a0 \u00a0 \u00a0 \u00a0 \u00a0 \u00a0 \u00a0 \u00a0 \u00a0 \u00a0 \u00a0 \u00a0 SPAIN<\/h4>\n<\/h1>\n<p><iframe src=\"https:\/\/www.youtube.com\/watch?v=nYoncg-o0F4&#038;list=PL1N_BKzdVWnvBAFFhMiY5KkbbKESHXUoY&#038;index=1&#038;t=1s\"><\/iframe><\/p>\n<h1>\n<h4>\u00a0 \u00a0 \u00a0 \u00a0 \u00a0 \u00a0 \u00a0 \u00a0 GREECE<\/h4>\n<\/h1>\n<p><iframe src=\"https:\/\/www.youtube.com\/watch?v=P9y0ghYLTuA&#038;list=PL1N_BKzdVWnvBAFFhMiY5KkbbKESHXUoY&#038;index=3\"><\/iframe><\/p>\n<h1>\n<h4 style=\"text-align: center;\">\u00a0 \u00a0 \u00a0 \u00a0 \u00a0 \u00a0 \u00a0 \u00a0 \u00a0 \u00a0 \u00a0 \u00a0 \u00a0 \u00a0 \u00a0 \u00a0 \u00a0 \u00a0 \u00a0 \u00a0 \u00a0 \u00a0SLOVENIA<\/h4>\n<\/h1>\n<p><iframe src=\"https:\/\/www.youtube.com\/watch?v=-nNTXL0Df2o&#038;list=PL1N_BKzdVWnvBAFFhMiY5KkbbKESHXUoY&#038;index=4\"><\/iframe><\/p>\n<h1>\n<h4 style=\"text-align: left;\">\u00a0 \u00a0 \u00a0 \u00a0 \u00a0 \u00a0 \u00a0 PORTUGAL<\/h4>\n<\/h1>\n<p><iframe src=\"https:\/\/www.youtube.com\/watch?v=_eIDltY-Uyc&#038;list=PL1N_BKzdVWnvBAFFhMiY5KkbbKESHXUoY&#038;index=4\"><\/iframe><\/p>\n<h1>\n<h4>\u00a0 \u00a0 \u00a0 \u00a0 \u00a0 \u00a0 \u00a0 \u00a0CROATIA<\/h4>\n<\/h1>\n<p><iframe src=\"https:\/\/www.youtube.com\/watch?v=5NdLm4JrJGA\"><\/iframe><\/p>\n<p><!--more--><br \/>\n<!-- {\"name\":\"Support\",\"type\":\"layout\",\"children\":[{\"name\":\"Support\",\"type\":\"section\",\"props\":{\"animation\":\"slide-bottom-medium\",\"animation_delay\":\"200\",\"css\":\".el-section > [class*='uk-background-'] { min-height: 50vh; }\",\"image\":\"wp-content\\\/uploads\\\/2021\\\/08\\\/teacher-teaching-at-school.jpg\",\"image_parallax_bgy\":\"0,500\",\"image_position\":\"top-right\",\"image_width\":\"1600\",\"padding\":\"xlarge\",\"padding_remove_bottom\":true,\"style\":\"default\",\"title_breakpoint\":\"xl\",\"title_position\":\"top-left\",\"title_rotation\":\"left\",\"vertical_align\":\"middle\",\"width\":\"default\"},\"children\":[{\"name\":\"\",\"type\":\"row\",\"props\":{\"margin\":\"xlarge\",\"match\":false,\"vertical_align\":false},\"children\":[{\"name\":\"\",\"type\":\"column\",\"props\":{\"image\":\"\",\"image_position\":\"center-center\",\"media_overlay_gradient\":\"\",\"position_sticky_breakpoint\":\"m\",\"width_medium\":\"1-1\"},\"children\":[]}]}]},{\"type\":\"section\",\"props\":{\"image_position\":\"center-center\",\"style\":\"default\",\"title_breakpoint\":\"xl\",\"title_position\":\"top-left\",\"title_rotation\":\"left\",\"vertical_align\":\"middle\",\"width\":\"default\"},\"children\":[{\"type\":\"row\",\"children\":[{\"type\":\"column\",\"props\":{\"image_position\":\"center-center\",\"media_overlay_gradient\":\"\",\"position_sticky_breakpoint\":\"m\"},\"children\":[{\"type\":\"headline\",\"props\":{\"content\":\"Carrera docente\",\"text_align\":\"center\",\"title_element\":\"h1\",\"title_style\":\"heading-medium\"}}]}]},{\"type\":\"row\",\"props\":{\"layout\":\"1-2,1-2\"},\"children\":[{\"type\":\"column\",\"props\":{\"image_position\":\"center-center\",\"media_overlay_gradient\":\"\",\"position_sticky_breakpoint\":\"m\",\"width_medium\":\"1-2\"},\"children\":[{\"name\":\"\",\"type\":\"panel\",\"props\":{\"animation\":\"fade\",\"content\":\"\n\n<p>Se dise\\u00f1ar\\u00e1 un programa formal de iniciaci\\u00f3n de profesorado, basado en actividades de tutor\\u00eda y que incluir\\u00e1 herramientas y recursos para apoyar al profesorado novel que inician su carrera.<\\\/p>\\n\n\n<p>El programa permitir\\u00e1 a los\\\/las participantes adaptarse a su profesi\\u00f3n y a la nueva cultura del lugar de trabajo, abarcando cuestiones profesionales, temas legales\\\/administrativos de la profesi\\u00f3n docente y aspectos socioculturales relacionados con las normas\\\/procesos de los centros educativos a los que se asignar\\u00e1 el nuevo profesorado.<\\\/p>\\n\n\n<p>Consulte el programa de inducci\\u00f3n del profesorado en su pa\\u00eds <a href=\\\"https:\\\/\\\/empowering-teachers.eu\\\/wp-content\\\/uploads\\\/2023\\\/04\\\/TIC.-Iniciacio-de-professorat.pdf\\\">aqu\\u00ed<\\\/a>.<\\\/p>\",\"content_column_breakpoint\":\"m\",\"icon\":\"\",\"icon_color\":\"primary\",\"icon_width\":80,\"image\":\"\",\"image_align\":\"top\",\"image_grid_breakpoint\":\"m\",\"image_grid_width\":\"1-2\",\"image_svg_animate\":true,\"image_svg_color\":\"primary\",\"image_svg_inline\":true,\"link\":\"wp-content\\\/uploads\\\/2023\\\/07\\\/ES_01-LOOP-Bifold-Brochure.v2-1.pdf\",\"link_fullwidth\":true,\"link_size\":\"small\",\"link_style\":\"danger\",\"link_target\":true,\"link_text\":\"Folleto\",\"margin\":\"default\",\"meta\":\"\",\"meta_align\":\"below-title\",\"meta_element\":\"div\",\"meta_style\":\"text-meta\",\"panel_image_no_padding\":false,\"panel_padding\":\"large\",\"panel_style\":\"card-default\",\"text_align\":\"center\",\"title\":\"PROGRAMAS DE INDUCCI\\u00d3N DEL PROFESORADO \",\"title_align\":\"top\",\"title_element\":\"h2\",\"title_grid_breakpoint\":\"m\",\"title_grid_width\":\"1-2\",\"title_hover_style\":\"reset\",\"title_style\":\"h3\"}}]},{\"type\":\"column\",\"props\":{\"image_position\":\"center-center\",\"media_overlay_gradient\":\"\",\"position_sticky_breakpoint\":\"m\",\"width_medium\":\"1-2\"},\"children\":[{\"name\":\"\",\"type\":\"panel\",\"props\":{\"content\":\"\n\n<p>Los programas de formaci\\u00f3n formal de los mentores ofrecer\\u00e1n la oportunidad al profesorado y a las direcciones con experiencia, de incorporar una nueva opci\\u00f3n profesional.<\\\/p>\\n\n\n<p>Se formar\\u00e1 a los mentores para que act\\u00faen como facilitadores en el despliegue de programas eficaces y formales de iniciaci\\u00f3n del profesorado. El programa estar\\u00e1 dotado de directrices para los mentores y de recursos para su uso, dedicados al profesorado experimentado y a las direcciones de centros educativos que deseen convertirse en mentores de sus compa\\u00f1eros menos experimentados al tiempo que adquieren una nueva opci\\u00f3n profesional.<\\\/p>\\n\n\n<p>Consulte el programa de mentor\\u00eda en tu pa\\u00eds <a href=\\\"https:\\\/\\\/empowering-teachers.eu\\\/wp-content\\\/uploads\\\/2023\\\/04\\\/MCP.-Capacitacio-de-mentors.pdf\\\">aqu\\u00ed<\\\/a>.<\\\/p>\",\"content_column_breakpoint\":\"m\",\"icon\":\"\",\"icon_color\":\"primary\",\"icon_width\":80,\"image\":\"\",\"image_align\":\"top\",\"image_grid_breakpoint\":\"m\",\"image_grid_width\":\"1-2\",\"image_svg_animate\":true,\"image_svg_color\":\"primary\",\"image_svg_inline\":true,\"link\":\"https:\\\/\\\/empowering-teachers.eu\\\/wp-content\\\/uploads\\\/2024\\\/05\\\/ES_02-LOOP-Bifold-Brochure_MCP_FINAL.pdf\",\"link_fullwidth\":true,\"link_size\":\"small\",\"link_style\":\"danger\",\"link_target\":true,\"link_text\":\"Folleto\",\"margin\":\"default\",\"meta\":\"\",\"meta_align\":\"below-title\",\"meta_element\":\"div\",\"meta_style\":\"text-meta\",\"panel_image_no_padding\":false,\"panel_padding\":\"large\",\"panel_style\":\"card-default\",\"text_align\":\"center\",\"title\":\"PROGRAMA DE CAPACITACI\\u00d3N DE MENTORES\\\/AS \",\"title_align\":\"top\",\"title_element\":\"h2\",\"title_grid_breakpoint\":\"m\",\"title_grid_width\":\"1-2\",\"title_hover_style\":\"reset\",\"title_style\":\"h3\"}}]}]},{\"type\":\"row\",\"children\":[{\"type\":\"column\",\"props\":{\"image_position\":\"center-center\",\"media_overlay_gradient\":\"\",\"position_sticky_breakpoint\":\"m\"},\"children\":[{\"type\":\"panel\",\"props\":{\"content_column_breakpoint\":\"m\",\"icon_width\":80,\"image_align\":\"top\",\"image_grid_breakpoint\":\"m\",\"image_grid_width\":\"1-2\",\"image_svg_color\":\"emphasis\",\"link_style\":\"default\",\"link_text\":\"Read more\",\"margin\":\"default\",\"meta_align\":\"below-title\",\"meta_element\":\"div\",\"meta_style\":\"text-meta\",\"panel_padding\":\"large\",\"panel_style\":\"card-default\",\"text_align\":\"center\",\"title\":\"TESTIMONIOS DE PROFESORES\",\"title_align\":\"top\",\"title_element\":\"h2\",\"title_grid_breakpoint\":\"m\",\"title_grid_width\":\"1-2\",\"title_hover_style\":\"reset\"}}]}]}]},{\"type\":\"section\",\"props\":{\"image_position\":\"center-center\",\"style\":\"default\",\"title_breakpoint\":\"xl\",\"title_position\":\"top-left\",\"title_rotation\":\"left\",\"vertical_align\":\"middle\",\"width\":\"default\"},\"children\":[{\"type\":\"row\",\"props\":{\"layout\":\"1-2,1-2\"},\"children\":[{\"type\":\"column\",\"props\":{\"image_position\":\"center-center\",\"media_overlay_gradient\":\"\",\"position_sticky_breakpoint\":\"m\",\"width_medium\":\"1-2\"},\"children\":[{\"type\":\"headline\",\"props\":{\"content\":\"\n\n<h4 style=\\\"text-align: center;\\\">\\u00a0 \\u00a0 \\u00a0 \\u00a0 \\u00a0 \\u00a0 \\u00a0 \\u00a0 \\u00a0 \\u00a0 \\u00a0 \\u00a0 \\u00a0 \\u00a0 \\u00a0 \\u00a0 \\u00a0 \\u00a0 \\u00a0 \\u00a0 \\u00a0 \\u00a0 SPAIN<\\\/h4>\",\"title_element\":\"h1\"}},{\"type\":\"video\",\"props\":{\"margin\":\"default\",\"text_align\":\"right\",\"video\":\"https:\\\/\\\/www.youtube.com\\\/watch?v=nYoncg-o0F4&list=PL1N_BKzdVWnvBAFFhMiY5KkbbKESHXUoY&index=1&t=1s\",\"video_controls\":true}}]},{\"type\":\"column\",\"props\":{\"image_position\":\"center-center\",\"media_overlay_gradient\":\"\",\"position_sticky_breakpoint\":\"m\",\"width_medium\":\"1-2\"},\"children\":[{\"type\":\"headline\",\"props\":{\"content\":\"\n\n<h4>\\u00a0 \\u00a0 \\u00a0 \\u00a0 \\u00a0 \\u00a0 \\u00a0 \\u00a0 GREECE<\\\/h4>\",\"title_element\":\"h1\"}},{\"type\":\"video\",\"props\":{\"margin\":\"default\",\"video\":\"https:\\\/\\\/www.youtube.com\\\/watch?v=P9y0ghYLTuA&list=PL1N_BKzdVWnvBAFFhMiY5KkbbKESHXUoY&index=3\",\"video_controls\":true}}]}]},{\"type\":\"row\",\"props\":{\"layout\":\"1-2,1-2\"},\"children\":[{\"type\":\"column\",\"props\":{\"image_position\":\"center-center\",\"media_overlay_gradient\":\"\",\"position_sticky_breakpoint\":\"m\",\"width_medium\":\"1-2\"},\"children\":[{\"type\":\"headline\",\"props\":{\"content\":\"\n\n<h4 style=\\\"text-align: center;\\\">\\u00a0 \\u00a0 \\u00a0 \\u00a0 \\u00a0 \\u00a0 \\u00a0 \\u00a0 \\u00a0 \\u00a0 \\u00a0 \\u00a0 \\u00a0 \\u00a0 \\u00a0 \\u00a0 \\u00a0 \\u00a0 \\u00a0 \\u00a0 \\u00a0 \\u00a0SLOVENIA<\\\/h4>\",\"title_element\":\"h1\"}},{\"type\":\"video\",\"props\":{\"margin\":\"default\",\"text_align\":\"right\",\"video\":\"https:\\\/\\\/www.youtube.com\\\/watch?v=-nNTXL0Df2o&list=PL1N_BKzdVWnvBAFFhMiY5KkbbKESHXUoY&index=4\",\"video_controls\":true}}]},{\"type\":\"column\",\"props\":{\"image_position\":\"center-center\",\"media_overlay_gradient\":\"\",\"position_sticky_breakpoint\":\"m\",\"width_medium\":\"1-2\"},\"children\":[{\"type\":\"headline\",\"props\":{\"content\":\"\n\n<h4 style=\\\"text-align: left;\\\">\\u00a0 \\u00a0 \\u00a0 \\u00a0 \\u00a0 \\u00a0 \\u00a0 PORTUGAL<\\\/h4>\",\"title_element\":\"h1\"}},{\"type\":\"video\",\"props\":{\"margin\":\"default\",\"video\":\"https:\\\/\\\/www.youtube.com\\\/watch?v=_eIDltY-Uyc&list=PL1N_BKzdVWnvBAFFhMiY5KkbbKESHXUoY&index=4\",\"video_controls\":true}}]}]},{\"type\":\"row\",\"props\":{\"layout\":\"1-3,1-3,1-3\"},\"children\":[{\"type\":\"column\",\"props\":{\"image_position\":\"center-center\",\"media_overlay_gradient\":\"\",\"position_sticky_breakpoint\":\"m\",\"width_medium\":\"1-3\"},\"children\":[]},{\"type\":\"column\",\"props\":{\"image_position\":\"center-center\",\"media_overlay_gradient\":\"\",\"position_sticky_breakpoint\":\"m\",\"width_medium\":\"1-3\"},\"children\":[{\"type\":\"headline\",\"props\":{\"content\":\"\n\n<h4>\\u00a0 \\u00a0 \\u00a0 \\u00a0 \\u00a0 \\u00a0 \\u00a0 \\u00a0CROATIA<\\\/h4>\",\"title_element\":\"h1\"}},{\"type\":\"video\",\"props\":{\"margin\":\"default\",\"video\":\"https:\\\/\\\/www.youtube.com\\\/watch?v=5NdLm4JrJGA\",\"video_controls\":true}}]},{\"type\":\"column\",\"props\":{\"image_position\":\"center-center\",\"media_overlay_gradient\":\"\",\"position_sticky_breakpoint\":\"m\",\"width_medium\":\"1-3\"},\"children\":[]}]}]},{\"type\":\"section\",\"props\":{\"image_position\":\"center-center\",\"style\":\"primary\",\"title_breakpoint\":\"xl\",\"title_position\":\"top-left\",\"title_rotation\":\"left\",\"vertical_align\":\"middle\",\"width\":\"default\"},\"children\":[{\"type\":\"row\",\"props\":{\"layout\":\"1-4,1-4,1-4,1-4|1-2,1-2,1-2,1-2\"},\"children\":[{\"type\":\"column\",\"props\":{\"image_position\":\"center-center\",\"media_overlay_gradient\":\"\",\"position_sticky_breakpoint\":\"m\",\"width_medium\":\"1-4\",\"width_small\":\"1-2\"},\"children\":[{\"type\":\"module_position\",\"props\":{\"breakpoint\":\"m\",\"content\":\"builder-1\",\"layout\":\"stack\"}}]},{\"type\":\"column\",\"props\":{\"image_position\":\"center-center\",\"media_overlay_gradient\":\"\",\"position_sticky_breakpoint\":\"m\",\"width_medium\":\"1-4\",\"width_small\":\"1-2\"},\"children\":[{\"type\":\"module_position\",\"props\":{\"breakpoint\":\"m\",\"content\":\"builder-2\",\"layout\":\"stack\"}}]},{\"type\":\"column\",\"props\":{\"image_position\":\"center-center\",\"media_overlay_gradient\":\"\",\"position_sticky_breakpoint\":\"m\",\"width_medium\":\"1-4\",\"width_small\":\"1-2\"},\"children\":[{\"type\":\"module_position\",\"props\":{\"breakpoint\":\"m\",\"content\":\"builder-3\",\"layout\":\"stack\"}}]},{\"type\":\"column\",\"props\":{\"image_position\":\"center-center\",\"media_overlay_gradient\":\"\",\"position_sticky_breakpoint\":\"m\",\"width_medium\":\"1-4\",\"width_small\":\"1-2\"},\"children\":[{\"type\":\"module_position\",\"props\":{\"breakpoint\":\"m\",\"content\":\"builder-4\",\"layout\":\"stack\"}}]}]}],\"modified\":\"2021-12-13T07:18:28.297Z\",\"name\":\"Footer EN\"}],\"version\":\"3.0.25\"} --><\/p>\n","protected":false},"excerpt":{"rendered":"<p>Carrera docente PROGRAMAS DE INDUCCI\u00d3N DEL PROFESORADO Se dise\u00f1ar\u00e1 un programa formal de iniciaci\u00f3n de profesorado, basado en actividades de tutor\u00eda y que incluir\u00e1 herramientas y recursos para apoyar al profesorado novel que inician su carrera. El programa permitir\u00e1 a los\/las participantes adaptarse a su profesi\u00f3n y a la nueva cultura del lugar de trabajo, [&hellip;]<\/p>\n","protected":false},"author":1,"featured_media":0,"parent":0,"menu_order":0,"comment_status":"closed","ping_status":"closed","template":"","meta":{"footnotes":""},"class_list":["post-1162","page","type-page","status-publish","hentry"],"_links":{"self":[{"href":"https:\/\/empowering-teachers.eu\/es\/wp-json\/wp\/v2\/pages\/1162","targetHints":{"allow":["GET"]}}],"collection":[{"href":"https:\/\/empowering-teachers.eu\/es\/wp-json\/wp\/v2\/pages"}],"about":[{"href":"https:\/\/empowering-teachers.eu\/es\/wp-json\/wp\/v2\/types\/page"}],"author":[{"embeddable":true,"href":"https:\/\/empowering-teachers.eu\/es\/wp-json\/wp\/v2\/users\/1"}],"replies":[{"embeddable":true,"href":"https:\/\/empowering-teachers.eu\/es\/wp-json\/wp\/v2\/comments?post=1162"}],"version-history":[{"count":18,"href":"https:\/\/empowering-teachers.eu\/es\/wp-json\/wp\/v2\/pages\/1162\/revisions"}],"predecessor-version":[{"id":12077,"href":"https:\/\/empowering-teachers.eu\/es\/wp-json\/wp\/v2\/pages\/1162\/revisions\/12077"}],"wp:attachment":[{"href":"https:\/\/empowering-teachers.eu\/es\/wp-json\/wp\/v2\/media?parent=1162"}],"curies":[{"name":"wp","href":"https:\/\/api.w.org\/{rel}","templated":true}]}}