{"id":1169,"date":"2021-07-12T15:23:43","date_gmt":"2021-07-12T12:23:43","guid":{"rendered":"https:\/\/empowering-teachers.eu\/home\/"},"modified":"2022-02-03T17:10:16","modified_gmt":"2022-02-03T15:10:16","slug":"home","status":"publish","type":"page","link":"https:\/\/empowering-teachers.eu\/es\/","title":{"rendered":"En qu\u00e9 consiste Loop"},"content":{"rendered":"<h1>CAPACITANDO AL PROFESORADO<\/h1>\n<h1>LOOP SIGNIFICA POTENCIAR EL DESARROLLO CONTINUO PERSONAL, PROFESIONAL Y SOCIAL DEL PROFESORADO A TRAV\u00c9S DE PROGRAMAS INNOVADORES DE INICIACI\u00d3N ENTRE IGUALES.<\/h1>\n<h2>\u00bfQU\u00c9 ES LOOP?<\/h2>\n<div>\n<p>LOOP significa potenciar el desarrollo continuo personal, profesional y social del profesorado a trav\u00e9s de programas innovadores de iniciaci\u00f3n entre iguales.<\/p>\n<p>LOOP es un proyecto de implementaci\u00f3n de pol\u00edticas educativas que pretende contribuir al cambio en relaci\u00f3n a una pol\u00edtica integral de la profesi\u00f3n docente que abarque todas las etapas de su carrera profesional, a saber:<\/p>\n<\/div>\n<p>[arrow-right]<\/p>\n<div>\n<p>Estructurar un programa de iniciaci\u00f3n basado en la tutor\u00eda, para apoyar la iniciaci\u00f3n en la profesi\u00f3n docente y la adaptaci\u00f3n a una nueva cultura laboral.<\/p>\n<p><a href=\"https:\/\/empowering-teachers.eu\/es\/teachers-career\/\">Leer m\u00e1s<\/a><\/p>\n<\/div>\n<p>[arrow-right]<\/p>\n<div>\n<p>Creaci\u00f3n de un programa de mentor\u00edas para el desarrollo de competencias para orientar y apoyar al profesorado novel en\u00a0 la aplicaci\u00f3n del programa de iniciaci\u00f3n.<\/p>\n<p><a href=\"https:\/\/empowering-teachers.eu\/es\/teachers-career\/\">Leer m\u00e1s<\/a><\/p>\n<\/div>\n<p>[arrow-right]<\/p>\n<div>\n<p>Probar y validar los programas de iniciaci\u00f3n y tutor\u00eda en los centros educativos de la red LOOP<\/p>\n<p><a href=\"https:\/\/empowering-teachers.eu\/es\/policy-experimentation\/\">Leer m\u00e1s<\/a><\/p>\n<\/div>\n<p>[arrow-right]<\/p>\n<div>\n<p>Preparar recomendaciones para la integraci\u00f3n de los programas de iniciaci\u00f3n y tutor\u00eda en las pol\u00edticas y marcos nacionales de desarrollo profesional continuo del profesorado.<\/p>\n<p><a href=\"https:\/\/empowering-teachers.eu\/es\/policy-experimentation\/\">Leer m\u00e1s<\/a><\/p>\n<\/div>\n<h2>\u00bfEN QU\u00c9 PUEDE BENEFICIARTE EL PROYECTO LOOP?<\/h2>\n<p><img decoding=\"async\" src=\"\/wp-content\/uploads\/2021\/07\/home-banner-1.jpg\" alt=\"\"><\/p>\n<div>\n<p><strong>\u00bfERES UN PROFESSOR O UNA PROFESORA NOVEL?<\/strong><\/p>\n<p>(hasta 5 a\u00f1os de experiencia y hasta 35 a\u00f1os)<\/p>\n<\/div>\n<div>\n<p>Tener acceso a\u00a0un programa de iniciaci\u00f3n y\u00a0reforzar tu carrera docente y las oportunidades basadas en actividades de tutor\u00eda con profesorado experimentado<\/p>\n<\/div>\n<p><img decoding=\"async\" src=\"\/wp-content\/uploads\/2021\/07\/home-banner-2.jpg\" alt=\"\"><\/p>\n<div>\n<p><strong>\u00bfERES UN PROFESOR O UNA PROFESORA CON EXPERIENCIA?<\/strong><\/p>\n<p>(&gt; 20 a\u00f1os de experiencia y &gt; 45 a\u00f1os)<\/p>\n<\/div>\n<div>\n<p>Tendr\u00e1s la oportunidad de promover sus competencias de mentor\/a, convertirse en mentor\/a de nuevo profesorado diversificar su trayectoria profesional docente.<\/p>\n<\/div>\n<p><img decoding=\"async\" src=\"\/wp-content\/uploads\/home-courses-06.jpg\" alt=\"\"><\/p>\n<div>\n<p><strong>\u00bfERES UN DIRECTOR O DIRECTORA DE UN CENTRO EDUCATIVO?<\/strong><\/p>\n<\/div>\n<div>\n<p>Tu centro puede integrarse en la red LOOP y beneficiarse de los programas de iniciaci\u00f3n y tutor\u00eda para motivar el profesorado.<\/p>\n<p><a href=\"https:\/\/empowering-teachers.eu\/es\/loop-network\/\">M\u00e1s informaci\u00f3n<\/a><\/p>\n<\/div>\n<p><img decoding=\"async\" src=\"\/wp-content\/uploads\/home-courses-14.jpg\" alt=\"\"><\/p>\n<div>\n<p><strong>\u00bfERES UN GESTOR O POL\u00cdTICO DE LA ADMINISTRACI\u00d3N EDUCATIVA?<\/strong><\/p>\n<\/div>\n<div>\n<p>Tendr\u00e1s acceso a modelos, programas y directrices pol\u00edticas\u00a0para (re)configurar las carreras del profesorado y el desarrollo profesional continuo en tu pa\u00eds<\/p>\n<p><a href=\"https:\/\/empowering-teachers.eu\/es\/loop-network\/\">M\u00e1s informaci\u00f3n<\/a><\/p>\n<\/div>\n<p><!--more--><br \/>\n<!-- {\"name\":\"Home\",\"type\":\"layout\",\"children\":[{\"name\":\"Hero\",\"type\":\"section\",\"props\":{\"style\":\"default\",\"width\":\"large\",\"vertical_align\":\"middle\",\"title_position\":\"top-left\",\"title_rotation\":\"left\",\"title_breakpoint\":\"xl\",\"image_position\":\"center-center\",\"padding\":\"none\",\"image\":\"wp-content\\\/uploads\\\/2021\\\/07\\\/home-banner.jpg\",\"text_color\":\"light\",\"image_size\":\"cover\",\"image_width\":\"1600\",\"padding_remove_bottom\":false,\"css\":\".el-section > [class*='uk-background-'] { min-height: 60vh; }\",\"media_overlay\":\"rgba(8, 8, 8, 0.56)\"},\"children\":[{\"name\":\"\",\"type\":\"row\",\"children\":[{\"name\":\"\",\"type\":\"column\",\"props\":{\"image_position\":\"center-center\",\"width_medium\":\"1-1\",\"media_overlay_gradient\":\"\"},\"children\":[{\"type\":\"divider\",\"props\":{\"divider_element\":\"div\"}},{\"type\":\"headline\",\"props\":{\"title_element\":\"h1\",\"content\":\"CAPACITANDO AL PROFESORADO\",\"title_style\":\"heading-medium\",\"text_align\":\"center\",\"margin\":\"xlarge\",\"position_top\":\"40%\"}},{\"type\":\"headline\",\"props\":{\"title_element\":\"h1\",\"content\":\"LOOP SIGNIFICA POTENCIAR EL DESARROLLO CONTINUO PERSONAL, PROFESIONAL Y SOCIAL DEL PROFESORADO A TRAV\\u00c9S DE PROGRAMAS INNOVADORES DE INICIACI\\u00d3N ENTRE IGUALES.\",\"text_align\":\"center\",\"position_top\":\"60%\"}}]}]}]},{\"name\":\"Products\",\"type\":\"section\",\"props\":{\"style\":\"default\",\"width\":\"default\",\"vertical_align\":\"middle\",\"title_position\":\"top-left\",\"title_rotation\":\"left\",\"title_breakpoint\":\"xl\",\"image_position\":\"bottom-right\",\"image\":\"\",\"image_effect\":\"parallax\",\"image_parallax_bgy_start\":\"300\",\"image_parallax_bgy_end\":\"450\",\"image_width\":\"700\",\"padding_remove_top\":false},\"children\":[{\"name\":\"\",\"type\":\"row\",\"props\":{\"width\":\"large\",\"margin_remove_bottom\":true,\"margin_remove_top\":false},\"children\":[{\"name\":\"\",\"type\":\"column\",\"props\":{\"image_position\":\"center-center\",\"width_medium\":\"1-1\",\"media_overlay_gradient\":\"\"},\"children\":[{\"name\":\"\",\"type\":\"headline\",\"props\":{\"title_element\":\"h2\",\"title_style\":\"heading-small\",\"text_align\":\"center\",\"maxwidth\":\"xlarge\",\"margin\":\"medium\",\"content\":\"\\u00bfQU\\u00c9 ES LOOP?\",\"block_align\":\"center\"}}]}]},{\"type\":\"row\",\"children\":[{\"type\":\"column\",\"props\":{\"image_position\":\"center-center\",\"media_overlay_gradient\":\"\"},\"children\":[{\"type\":\"text\",\"props\":{\"margin\":\"default\",\"column_breakpoint\":\"m\",\"content\":\"\n\n<p>LOOP significa potenciar el desarrollo continuo personal, profesional y social del profesorado a trav\\u00e9s de programas innovadores de iniciaci\\u00f3n entre iguales.<\\\/p>\\n\n\n<p>LOOP es un proyecto de implementaci\\u00f3n de pol\\u00edticas educativas que pretende contribuir al cambio en relaci\\u00f3n a una pol\\u00edtica integral de la profesi\\u00f3n docente que abarque todas las etapas de su carrera profesional, a saber:<\\\/p>\"}}]}]},{\"name\":\"\",\"type\":\"row\",\"children\":[{\"name\":\"\",\"type\":\"column\",\"props\":{\"image_position\":\"center-center\",\"width_medium\":\"1-4\",\"media_overlay_gradient\":\"\",\"width_small\":\"1-2\"},\"children\":[{\"type\":\"icon\",\"props\":{\"icon_width\":60,\"margin\":\"default\",\"icon\":\"arrow-right\"}},{\"type\":\"text\",\"props\":{\"margin\":\"default\",\"column_breakpoint\":\"m\",\"content\":\"\n\n<p>Estructurar un programa de iniciaci\\u00f3n basado en la tutor\\u00eda, para apoyar la iniciaci\\u00f3n en la profesi\\u00f3n docente y la adaptaci\\u00f3n a una nueva cultura laboral.<\\\/p>\\n\n\n<p><a href=\\\"https:\\\/\\\/empowering-teachers.eu\\\/es\\\/teachers-career\\\/\\\">Leer m\\u00e1s<\\\/a><\\\/p>\"}}]},{\"type\":\"column\",\"props\":{\"image_position\":\"center-center\",\"media_overlay_gradient\":\"\",\"width_medium\":\"1-4\",\"width_small\":\"1-2\"},\"children\":[{\"type\":\"icon\",\"props\":{\"icon_width\":60,\"margin\":\"default\",\"icon\":\"arrow-right\"}},{\"type\":\"text\",\"props\":{\"margin\":\"default\",\"column_breakpoint\":\"m\",\"content\":\"\n\n<p>Creaci\\u00f3n de un programa de mentor\\u00edas para el desarrollo de competencias para orientar y apoyar al profesorado novel en\\u00a0 la aplicaci\\u00f3n del programa de iniciaci\\u00f3n.<\\\/p>\\n\n\n<p><a href=\\\"https:\\\/\\\/empowering-teachers.eu\\\/es\\\/teachers-career\\\/\\\">Leer m\\u00e1s<\\\/a><\\\/p>\"}}]},{\"type\":\"column\",\"props\":{\"image_position\":\"center-center\",\"media_overlay_gradient\":\"\",\"width_medium\":\"1-4\",\"width_small\":\"1-2\"},\"children\":[{\"type\":\"icon\",\"props\":{\"icon_width\":60,\"margin\":\"default\",\"icon\":\"arrow-right\"}},{\"type\":\"text\",\"props\":{\"margin\":\"default\",\"column_breakpoint\":\"m\",\"content\":\"\n\n<p>Probar y validar los programas de iniciaci\\u00f3n y tutor\\u00eda en los centros educativos de la red LOOP<\\\/p>\\n\n\n<p><a href=\\\"https:\\\/\\\/empowering-teachers.eu\\\/es\\\/policy-experimentation\\\/\\\">Leer m\\u00e1s<\\\/a><\\\/p>\"}}]},{\"type\":\"column\",\"props\":{\"image_position\":\"center-center\",\"media_overlay_gradient\":\"\",\"width_medium\":\"1-4\",\"width_small\":\"1-2\"},\"children\":[{\"type\":\"icon\",\"props\":{\"icon_width\":60,\"margin\":\"default\",\"icon\":\"arrow-right\"}},{\"type\":\"text\",\"props\":{\"margin\":\"default\",\"column_breakpoint\":\"m\",\"content\":\"\n\n<p>Preparar recomendaciones para la integraci\\u00f3n de los programas de iniciaci\\u00f3n y tutor\\u00eda en las pol\\u00edticas y marcos nacionales de desarrollo profesional continuo del profesorado.<\\\/p>\\n\n\n<p><a href=\\\"https:\\\/\\\/empowering-teachers.eu\\\/es\\\/policy-experimentation\\\/\\\">Leer m\\u00e1s<\\\/a><\\\/p>\"}}]}],\"props\":{\"layout\":\"1-4,1-4,1-4,1-4|1-2,1-2,1-2,1-2\"}}]},{\"type\":\"section\",\"props\":{\"style\":\"default\",\"width\":\"default\",\"vertical_align\":\"middle\",\"title_position\":\"top-left\",\"title_rotation\":\"left\",\"title_breakpoint\":\"xl\",\"image_position\":\"center-center\"},\"children\":[{\"type\":\"row\",\"children\":[{\"type\":\"column\",\"props\":{\"image_position\":\"center-center\",\"media_overlay_gradient\":\"\"},\"children\":[{\"name\":\"\",\"type\":\"headline\",\"props\":{\"title_element\":\"h2\",\"title_style\":\"heading-small\",\"text_align\":\"center\",\"maxwidth\":\"xlarge\",\"margin\":\"medium\",\"content\":\"\\u00bfEN QU\\u00c9 PUEDE BENEFICIARTE EL PROYECTO LOOP?\",\"block_align\":\"center\"}}]}]},{\"type\":\"row\",\"props\":{\"layout\":\"1-4,1-4,1-4,1-4|1-2,1-2,1-2,1-2\"},\"children\":[{\"type\":\"column\",\"props\":{\"image_position\":\"center-center\",\"media_overlay_gradient\":\"\",\"width_medium\":\"1-4\",\"width_small\":\"1-2\"},\"children\":[{\"type\":\"image\",\"props\":{\"margin\":\"default\",\"image_svg_color\":\"emphasis\",\"image\":\"wp-content\\\/uploads\\\/2021\\\/07\\\/home-banner-1.jpg\"}},{\"type\":\"text\",\"props\":{\"margin\":\"default\",\"column_breakpoint\":\"m\",\"content\":\"\n\n<p><strong>\\u00bfERES UN PROFESSOR O UNA PROFESORA NOVEL?<\\\/strong><\\\/p>\\n\n\n<p>(hasta 5 a\\u00f1os de experiencia y hasta 35 a\\u00f1os)<\\\/p>\"}},{\"type\":\"text\",\"props\":{\"margin\":\"default\",\"column_breakpoint\":\"m\",\"content\":\"\n\n<p>Tener acceso a\\u00a0un programa de iniciaci\\u00f3n y\\u00a0reforzar tu carrera docente y las oportunidades basadas en actividades de tutor\\u00eda con profesorado experimentado<\\\/p>\"}}]},{\"type\":\"column\",\"props\":{\"image_position\":\"center-center\",\"media_overlay_gradient\":\"\",\"width_medium\":\"1-4\",\"width_small\":\"1-2\"},\"children\":[{\"type\":\"image\",\"props\":{\"margin\":\"default\",\"image_svg_color\":\"emphasis\",\"image\":\"wp-content\\\/uploads\\\/2021\\\/07\\\/home-banner-2.jpg\"}},{\"type\":\"text\",\"props\":{\"margin\":\"default\",\"column_breakpoint\":\"m\",\"content\":\"\n\n<p><strong>\\u00bfERES UN PROFESOR O UNA PROFESORA CON EXPERIENCIA?<\\\/strong><\\\/p>\\n\n\n<p>(&gt; 20 a\\u00f1os de experiencia y &gt; 45 a\\u00f1os)<\\\/p>\"}},{\"type\":\"text\",\"props\":{\"margin\":\"default\",\"column_breakpoint\":\"m\",\"content\":\"\n\n<p>Tendr\\u00e1s la oportunidad de promover sus competencias de mentor\\\/a, convertirse en mentor\\\/a de nuevo profesorado diversificar su trayectoria profesional docente.<\\\/p>\"}}]},{\"type\":\"column\",\"props\":{\"image_position\":\"center-center\",\"media_overlay_gradient\":\"\",\"width_medium\":\"1-4\",\"width_small\":\"1-2\"},\"children\":[{\"type\":\"image\",\"props\":{\"margin\":\"default\",\"image_svg_color\":\"emphasis\",\"image\":\"wp-content\\\/uploads\\\/home-courses-06.jpg\"}},{\"type\":\"text\",\"props\":{\"margin\":\"default\",\"column_breakpoint\":\"m\",\"content\":\"\n\n<p><strong>\\u00bfERES UN DIRECTOR O DIRECTORA DE UN CENTRO EDUCATIVO?<\\\/strong><\\\/p>\"}},{\"type\":\"text\",\"props\":{\"margin\":\"default\",\"column_breakpoint\":\"m\",\"content\":\"\n\n<p>Tu centro puede integrarse en la red LOOP y beneficiarse de los programas de iniciaci\\u00f3n y tutor\\u00eda para motivar el profesorado.<\\\/p>\\n\n\n<p><a href=\\\"https:\\\/\\\/empowering-teachers.eu\\\/es\\\/loop-network\\\/\\\">M\\u00e1s informaci\\u00f3n<\\\/a><\\\/p>\"}}]},{\"type\":\"column\",\"props\":{\"image_position\":\"center-center\",\"media_overlay_gradient\":\"\",\"width_medium\":\"1-4\",\"width_small\":\"1-2\"},\"children\":[{\"type\":\"image\",\"props\":{\"margin\":\"default\",\"image_svg_color\":\"emphasis\",\"image\":\"wp-content\\\/uploads\\\/home-courses-14.jpg\"}},{\"type\":\"text\",\"props\":{\"margin\":\"default\",\"column_breakpoint\":\"m\",\"content\":\"\n\n<p><strong>\\u00bfERES UN GESTOR O POL\\u00cdTICO DE LA ADMINISTRACI\\u00d3N EDUCATIVA?<\\\/strong><\\\/p>\"}},{\"type\":\"text\",\"props\":{\"margin\":\"default\",\"column_breakpoint\":\"m\",\"content\":\"\n\n<p>Tendr\\u00e1s acceso a modelos, programas y directrices pol\\u00edticas\\u00a0para (re)configurar las carreras del profesorado y el desarrollo profesional continuo en tu pa\\u00eds<\\\/p>\\n\n\n<p><a href=\\\"https:\\\/\\\/empowering-teachers.eu\\\/es\\\/loop-network\\\/\\\">M\\u00e1s informaci\\u00f3n<\\\/a><\\\/p>\"}}]}]}]},{\"type\":\"section\",\"props\":{\"style\":\"primary\",\"width\":\"default\",\"vertical_align\":\"middle\",\"title_position\":\"top-left\",\"title_rotation\":\"left\",\"title_breakpoint\":\"xl\",\"image_position\":\"center-center\"},\"children\":[{\"type\":\"row\",\"props\":{\"layout\":\"1-4,1-4,1-4,1-4|1-2,1-2,1-2,1-2\"},\"children\":[{\"type\":\"column\",\"props\":{\"image_position\":\"center-center\",\"media_overlay_gradient\":\"\",\"width_medium\":\"1-4\",\"width_small\":\"1-2\"},\"children\":[{\"type\":\"module_position\",\"props\":{\"layout\":\"stack\",\"breakpoint\":\"m\",\"content\":\"builder-1\"}}]},{\"type\":\"column\",\"props\":{\"image_position\":\"center-center\",\"media_overlay_gradient\":\"\",\"width_medium\":\"1-4\",\"width_small\":\"1-2\"},\"children\":[{\"type\":\"module_position\",\"props\":{\"layout\":\"stack\",\"breakpoint\":\"m\",\"content\":\"builder-2\"}}]},{\"type\":\"column\",\"props\":{\"image_position\":\"center-center\",\"media_overlay_gradient\":\"\",\"width_medium\":\"1-4\",\"width_small\":\"1-2\"},\"children\":[{\"type\":\"module_position\",\"props\":{\"layout\":\"stack\",\"breakpoint\":\"m\",\"content\":\"builder-3\"}}]},{\"type\":\"column\",\"props\":{\"image_position\":\"center-center\",\"media_overlay_gradient\":\"\",\"width_medium\":\"1-4\",\"width_small\":\"1-2\"},\"children\":[{\"type\":\"module_position\",\"props\":{\"layout\":\"stack\",\"breakpoint\":\"m\",\"content\":\"builder-4\"}}]}]}],\"modified\":\"2021-12-13T07:18:28.297Z\",\"name\":\"Footer EN\"}],\"version\":\"2.5.10\"} --><\/p>\n","protected":false},"excerpt":{"rendered":"<p>CAPACITANDO AL PROFESORADO LOOP SIGNIFICA POTENCIAR EL DESARROLLO CONTINUO PERSONAL, PROFESIONAL Y SOCIAL DEL PROFESORADO A TRAV\u00c9S DE PROGRAMAS INNOVADORES DE INICIACI\u00d3N ENTRE IGUALES. \u00bfQU\u00c9 ES LOOP? LOOP significa potenciar el desarrollo continuo personal, profesional y social del profesorado a trav\u00e9s de programas innovadores de iniciaci\u00f3n entre iguales. LOOP es un proyecto de implementaci\u00f3n de [&hellip;]<\/p>\n","protected":false},"author":1,"featured_media":0,"parent":0,"menu_order":0,"comment_status":"closed","ping_status":"closed","template":"","meta":{"footnotes":""},"class_list":["post-1169","page","type-page","status-publish","hentry"],"_links":{"self":[{"href":"https:\/\/empowering-teachers.eu\/es\/wp-json\/wp\/v2\/pages\/1169","targetHints":{"allow":["GET"]}}],"collection":[{"href":"https:\/\/empowering-teachers.eu\/es\/wp-json\/wp\/v2\/pages"}],"about":[{"href":"https:\/\/empowering-teachers.eu\/es\/wp-json\/wp\/v2\/types\/page"}],"author":[{"embeddable":true,"href":"https:\/\/empowering-teachers.eu\/es\/wp-json\/wp\/v2\/users\/1"}],"replies":[{"embeddable":true,"href":"https:\/\/empowering-teachers.eu\/es\/wp-json\/wp\/v2\/comments?post=1169"}],"version-history":[{"count":11,"href":"https:\/\/empowering-teachers.eu\/es\/wp-json\/wp\/v2\/pages\/1169\/revisions"}],"predecessor-version":[{"id":2267,"href":"https:\/\/empowering-teachers.eu\/es\/wp-json\/wp\/v2\/pages\/1169\/revisions\/2267"}],"wp:attachment":[{"href":"https:\/\/empowering-teachers.eu\/es\/wp-json\/wp\/v2\/media?parent=1169"}],"curies":[{"name":"wp","href":"https:\/\/api.w.org\/{rel}","templated":true}]}}