{"id":1449,"date":"2021-07-16T15:43:05","date_gmt":"2021-07-16T12:43:05","guid":{"rendered":"https:\/\/empowering-teachers.eu\/data-privacy-policy-for-the-loop-project-and-website\/"},"modified":"2022-02-01T12:54:31","modified_gmt":"2022-02-01T10:54:31","slug":"data-privacy-policy-for-the-loop-project-and-website","status":"publish","type":"page","link":"https:\/\/empowering-teachers.eu\/es\/data-privacy-policy-for-the-loop-project-and-website\/","title":{"rendered":"Pol\u00edtica de privacidad de datos para el proyecto LOOP y el sitio web"},"content":{"rendered":"\n<p><strong>TRATAMIENTO Y PROTECCI\u00d3N DE DATOS<\/strong>\u00a0<\/p>\n\n\n\n<p>Entendiendo que el uso de sus datos requiere su confianza, seguimos la normativa vigente y los procedimientos adecuados en el tratamiento y protecci\u00f3n de datos.\u00a0<\/p>\n\n\n\n<p>S\u00f3lo utilizaremos sus datos personales para los fines que identificamos a continuaci\u00f3n, siguiendo el Reglamento General de Protecci\u00f3n de Datos (RGPD) y garantizando la confidencialidad e integridad de sus datos personales.<\/p>\n\n\n\n<p>TLa Pol\u00edtica de Privacidad descrita a continuaci\u00f3n, establece c\u00f3mo el consorcio del proyecto LOOP (LOOP &#8211; Empowering teachers personal, professional and social continuous development through innovative peer-induction programmes, Proyecto n\u00famero 626148-EPP-1-2020-2-PT-EPPKA3-PI-POLICY) trata los datos personales de sus socios, el personal que participa en los cursos de formaci\u00f3n impartidos en el marco del proyecto, los participantes externos en la fase de investigaci\u00f3n documental, las sesiones de codise\u00f1o y la fase de prueba y validaci\u00f3n del proyecto, los participantes externos en los actos de difusi\u00f3n p\u00fablica del proyecto, los visitantes de nuestro sitio web (http: \/\/empowering-teachers. eu\/ ) y los medios sociales (<a href=\"https:\/\/www.facebook.com\/LOOP-Empowering-Teachers-106708451640410\" target=\"_blank\" rel=\"noreferrer noopener\">https:\/\/www.facebook.com\/LOOP-Empowering-Teachers-106708451640410<\/a>, <a href=\"https:\/\/twitter.com\/LoopTeachers\" target=\"_blank\" rel=\"noreferrer noopener\">https:\/\/twitter.com\/LoopTeachers<\/a>)<\/p>\n\n\n\n<p><strong>(+) \u00bfQui\u00e9n es el responsable del tratamiento de sus datos personales?<\/strong><\/p>\n\n\n\n<p>El consorcio del proyecto LOOP es responsable del tratamiento de los datos personales de sus socios, de los visitantes del sitio web que presenten una solicitud de contacto o de los participantes externos en las actividades relacionadas con el proyecto (encuestas, entrevistas, grupos focales, sesiones de codise\u00f1o, fase de prueba y validaci\u00f3n, eventos de difusi\u00f3n y conferencias, etc.), siguiendo los t\u00e9rminos de la legislaci\u00f3n de protecci\u00f3n de datos vigente en la Uni\u00f3n Europea (el Reglamento General de Protecci\u00f3n de Datos &#8211; GDPR). El consorcio del proyecto LOOP no comparte los datos personales proporcionados con ninguna otra entidad.<\/p>\n\n\n\n<p><strong>(+) \u00bfC\u00f3mo se recogen sus datos personales?<\/strong><\/p>\n\n\n\n<p>No recogemos informaci\u00f3n de los visitantes de nuestro sitio. Los datos personales se recoger\u00e1n y tratar\u00e1n s\u00f3lo si usted rellena:<\/p>\n\n\n\n<ul class=\"wp-block-list\"><li>el formulario de solicitud de contacto disponible en el sitio web del proyecto,<\/li><li>cualquier otro formulario y formato de recogida de datos disponible en el sitio web del proyecto,<\/li><li>la solicitud de recibir el bolet\u00edn informativo de LOOP,<\/li><li>el formulario de inscripci\u00f3n en cualquiera de los actos p\u00fablicos promovidos por cualquiera de los socios del consorcio,<\/li><li>la lista de firmas de los participantes cuando asistan a cualquier evento de formaci\u00f3n promovido en el marco del proyecto,<\/li><\/ul>\n\n\n\n<ul class=\"wp-block-list\"><li>la lista de firmas de los participantes que asistan a cualquier acto p\u00fablico de difusi\u00f3n promovido en el marco del proyecto.<\/li><\/ul>\n\n\n\n<p><strong>(+) \u00bfCon qu\u00e9 finalidad y por qu\u00e9 motivos se pueden utilizar sus datos personales?<\/strong><\/p>\n\n\n\n<p>Sus datos personales se recoger\u00e1n y utilizar\u00e1n para los fines espec\u00edficos para los que se facilitan los datos, a saber: para las consultas de las partes interesadas sobre la evaluaci\u00f3n de los resultados de la LOOP, sobre la elaboraci\u00f3n de informes que se presentar\u00e1n a la Comisi\u00f3n Europea y\/o a cualquiera de los organismos nacionales de financiaci\u00f3n del programa Erasmus+ (Agencia Ejecutiva en el \u00e1mbito Educativo, Audiovisual y Cultural) y para enviar actualizaciones sobre el progreso y los resultados del proyecto en los estrictos t\u00e9rminos que usted seleccione en la casilla de consentimiento incluida en cada uno de los formularios en l\u00ednea de este sitio web.\u00a0<\/p>\n\n\n\n<p>De acuerdo con la legislaci\u00f3n de protecci\u00f3n de datos vigente en la Uni\u00f3n Europea (el Reglamento General de Protecci\u00f3n de Datos &#8211; RGPD) el uso de los datos personales debe estar justificado bajo al menos una base legal para el tratamiento de los datos personales. La base jur\u00eddica aplicable a la recogida y uso de sus datos personales para los fines descritos anteriormente en relaci\u00f3n con el proyecto LOOP es su consentimiento.<\/p>\n\n\n\n<p><strong>(+) \u00bfCu\u00e1l es la base jur\u00eddica para el tratamiento de los datos personales?<\/strong>\u00a0<\/p>\n\n\n\n<ul class=\"wp-block-list\"><li>Cuando usted haya dado su consentimiento para el tratamiento de sus datos personales (para ello se le presentar\u00e1 un formulario de consentimiento para el uso de sus datos, consentimiento que podr\u00e1 ser retirado posteriormente);<\/li><li>Cuando el tratamiento sea necesario para cumplir con las obligaciones legales a las que est\u00e1 sujeto el proyecto LOOP;<\/li><li>Cuando el tratamiento es necesario para lograr un inter\u00e9s leg\u00edtimo y nuestras razones para su uso prevalecen sobre sus derechos de protecci\u00f3n de datos;<\/li><li>Cuando el tratamiento sea necesario para testificar, ejercer o defender un derecho en un procedimiento judicial contra usted, nosotros o un tercero.<\/li><\/ul>\n\n\n\n<p><strong>(+) \u00bfQu\u00e9 datos personales se pueden recoger?<\/strong><\/p>\n\n\n\n<p>Los datos personales recogidos pueden incluir su nombre, direcci\u00f3n de correo electr\u00f3nico, tipo de organizaci\u00f3n de afiliaci\u00f3n, pa\u00eds de residencia, ocupaci\u00f3n profesional, edad, sexo y\/o otros.\u00a0<\/p>\n\n\n\n<p><strong>(+) \u00bfC\u00f3mo mantenemos la seguridad de sus datos personales?<\/strong><\/p>\n\n\n\n<p>Utilizamos una variedad de medidas de seguridad, incluyendo herramientas de autenticaci\u00f3n, encriptaci\u00f3n y certificados digitales para ayudar a proteger y mantener la seguridad, integridad y disponibilidad de su informaci\u00f3n personal. Aunque la transmisi\u00f3n de datos a trav\u00e9s de Internet o de un sitio web no puede garantizar una seguridad total contra intrusiones, nosotros y nuestros proveedores de servicios hacemos todo lo posible por aplicar y mantener salvaguardias f\u00edsicas, electr\u00f3nicas y de procedimiento para proteger sus datos personales de acuerdo con los requisitos de protecci\u00f3n de datos aplicables. Entre otras, hemos implementado las siguientes:<\/p>\n\n\n\n<ul class=\"wp-block-list\"><li>Protecci\u00f3n de los sistemas de tecnolog\u00eda de la informaci\u00f3n mediante cortafuegos para evitar el acceso no autorizado a sus datos personales;<\/li><\/ul>\n\n\n\n<ul class=\"wp-block-list\"><li>Supervisi\u00f3n continua del acceso a los sistemas de tecnolog\u00eda de la informaci\u00f3n para prevenir, detectar y evitar el uso indebido de sus datos personales.<\/li><\/ul>\n\n\n\n<p><strong>(+) \u00bfCu\u00e1nto tiempo conservamos sus datos personales?<\/strong><\/p>\n\n\n\n<p>Conservamos sus datos s\u00f3lo durante el per\u00edodo en que es v\u00e1lida la finalidad para la que fueron recogidos. Una vez alcanzado el per\u00edodo m\u00e1ximo de conservaci\u00f3n, sus datos personales se anonimizar\u00e1n de forma irrevocable (los datos anonimizados pueden almacenarse) o se destruir\u00e1n de forma segura.\u00a0<\/p>\n\n\n\n<p>Para los fines descritos en esta Pol\u00edtica de Privacidad, sus datos personales se conservar\u00e1n desde la recogida de su consentimiento, o desde el \u00faltimo contacto realizado (lo que ocurra en \u00faltimo lugar) y si, dentro de este periodo, no han retirado su consentimiento.<\/p>\n\n\n\n<p>Sus datos personales se almacenan en los servidores protegidos de nuestros proveedores\/prestadores de servicios, accediendo a ellos y utiliz\u00e1ndolos exclusivamente bajo nuestras pol\u00edticas y normas (o pol\u00edticas y normas equivalentes de nuestros proveedores\/prestadores de servicios).<\/p>\n\n\n\n<p><strong>(+) \u00bfC\u00f3mo cambiar o eliminar su consentimiento?<\/strong>\u00a0<\/p>\n\n\n\n<p>En cualquier momento puede modificar o retirar su consentimiento, con efecto para el futuro. Al retirar completamente sus declaraciones de consentimiento dejar\u00e1 de ser contactado y de recibir comunicaciones para los fines descritos en esta Pol\u00edtica de Privacidad.\u00a0<\/p>\n\n\n\n<p><strong>(+) \u00bfCu\u00e1les son sus derechos a la protecci\u00f3n de datos y a presentar una reclamaci\u00f3n ante la autoridad de control?<\/strong><\/p>\n\n\n\n<p>Si tiene alguna pregunta sobre el uso que hacemos de sus datos personales, p\u00f3ngase en contacto con el coordinador del proyecto a trav\u00e9s del formulario de contacto en l\u00ednea disponible aqu\u00ed https:\/\/empowering-teachers.eu\/contact-us\/<\/p>\n\n\n\n<p>Sujeto a ciertas condiciones, puede tener derecho a solicitarnos que<\/p>\n\n\n\n<ul class=\"wp-block-list\"><li>Que le proporcionemos informaci\u00f3n adicional sobre el uso que hacemos de sus datos personales;<\/li><li>Que se le proporcione una copia de los datos personales facilitados;<\/li><li>Que se le faciliten los datos personales que ha proporcionado a otro responsable del tratamiento a petici\u00f3n suya;<\/li><li>Cualquier inexactitud en los datos personales que conservamos;<\/li><li>Deleted personal data whose use is no longer legitimate;\u00a0<\/li><\/ul>\n\n\n\n<ul class=\"wp-block-list\"><li>Limitar el uso de sus datos personales hasta que se investigue la reclamaci\u00f3n.<\/li><\/ul>\n\n\n\n<p>El ejercicio de estos derechos est\u00e1 sujeto a ciertas excepciones destinadas a salvaguardar el inter\u00e9s p\u00fablico (prevenci\u00f3n o detecci\u00f3n de delitos) o nuestro inter\u00e9s (mantenimiento del secreto profesional).<\/p>\n\n\n\n<p>Si usted ejerce alguno de estos derechos, lo analizaremos y responderemos en el plazo de un (1) mes.\u00a0<\/p>\n\n\n\n<p>ISi no est\u00e1 satisfecho con el uso que hacemos de sus datos personales o con nuestra respuesta despu\u00e9s de ejercer cualquiera de estos derechos, de acuerdo con la legislaci\u00f3n vigente, tiene derecho a presentar una reclamaci\u00f3n ante la autoridad de control de datos (<a rel=\"noreferrer noopener\" href=\"https:\/\/www.cnpd.pt\/\" target=\"_blank\">Comiss\u00e3o Nacional de Protec\u00e7\u00e3o de Dados &#8211; CNPD<\/a>).\u00a0\u00a0<\/p>\n\n\n\n<p><strong>(+) Enlaces disponibles en el sitio web y la plataforma de aprendizaje<\/strong>\u00a0<\/p>\n\n\n\n<p>Nuestro sitio web puede contener enlaces que le permitan visitar f\u00e1cilmente otros sitios web de inter\u00e9s. Sin embargo, una vez que haya utilizado estos enlaces para salir de nuestro sitio, debe tener en cuenta que no tenemos ning\u00fan control sobre ese sitio web. Por lo tanto, los socios del consorcio del proyecto LOOP no pueden responsabilizarse de la protecci\u00f3n y la privacidad de la informaci\u00f3n que usted proporcione al visitar dichos sitios y \u00e9stos no se rigen por esta declaraci\u00f3n de privacidad. Debe tener cuidado y consultar la declaraci\u00f3n de privacidad aplicable al sitio web en cuesti\u00f3n.<\/p>\n\n\n\n<p><strong>(+) Cookies<\/strong>&nbsp;<\/p>\n\n\n\n<p>No utilizamos cookies con fines de seguimiento.<\/p>\n","protected":false},"excerpt":{"rendered":"<p>TRATAMIENTO Y PROTECCI\u00d3N DE DATOS\u00a0 Entendiendo que el uso de sus datos requiere su confianza, seguimos la normativa vigente y los procedimientos adecuados en el tratamiento y protecci\u00f3n de datos.\u00a0 S\u00f3lo utilizaremos sus datos personales para los fines que identificamos a continuaci\u00f3n, siguiendo el Reglamento General de Protecci\u00f3n de Datos (RGPD) y garantizando la confidencialidad [&hellip;]<\/p>\n","protected":false},"author":1,"featured_media":0,"parent":0,"menu_order":0,"comment_status":"closed","ping_status":"closed","template":"","meta":{"footnotes":""},"class_list":["post-1449","page","type-page","status-publish","hentry"],"_links":{"self":[{"href":"https:\/\/empowering-teachers.eu\/es\/wp-json\/wp\/v2\/pages\/1449","targetHints":{"allow":["GET"]}}],"collection":[{"href":"https:\/\/empowering-teachers.eu\/es\/wp-json\/wp\/v2\/pages"}],"about":[{"href":"https:\/\/empowering-teachers.eu\/es\/wp-json\/wp\/v2\/types\/page"}],"author":[{"embeddable":true,"href":"https:\/\/empowering-teachers.eu\/es\/wp-json\/wp\/v2\/users\/1"}],"replies":[{"embeddable":true,"href":"https:\/\/empowering-teachers.eu\/es\/wp-json\/wp\/v2\/comments?post=1449"}],"version-history":[{"count":2,"href":"https:\/\/empowering-teachers.eu\/es\/wp-json\/wp\/v2\/pages\/1449\/revisions"}],"predecessor-version":[{"id":2183,"href":"https:\/\/empowering-teachers.eu\/es\/wp-json\/wp\/v2\/pages\/1449\/revisions\/2183"}],"wp:attachment":[{"href":"https:\/\/empowering-teachers.eu\/es\/wp-json\/wp\/v2\/media?parent=1449"}],"curies":[{"name":"wp","href":"https:\/\/api.w.org\/{rel}","templated":true}]}}