{"id":1156,"date":"2021-07-22T11:09:10","date_gmt":"2021-07-22T08:09:10","guid":{"rendered":"https:\/\/empowering-teachers.eu\/teachers-career\/"},"modified":"2024-05-28T11:04:12","modified_gmt":"2024-05-28T08:04:12","slug":"teachers-career","status":"publish","type":"page","link":"https:\/\/empowering-teachers.eu\/hr\/teachers-career\/","title":{"rendered":"Teachers career"},"content":{"rendered":"<h1><span data-contrast=\"auto\" xml:lang=\"EN-US\" lang=\"EN-US\" class=\"TextRun SCXW195325667 BCX0\"><span class=\"NormalTextRun SCXW195325667 BCX0\">U\u010cITELJSKA PROFESIJA<\/span><\/span><span class=\"EOP SCXW195325667 BCX0\" data-ccp-props=\"{&quot;201341983&quot;:0,&quot;335559740&quot;:259}\">\u00a0<\/span><\/h1>\n<div>\n<h2>PROGRAM UVO\u0110ENJA NOVIH U\u010cITELJA <\/h2>\n<div>\n<p>Formalni program uvo\u0111enja novih u\u010ditelja bit \u0107e osmi\u0161ljen na mentorskim aktivnostima, uklju\u010duju\u0107i alate i resurse za podr\u0161ku novih u\u010ditelja koji zapo\u010dinju svoju karijeru.<\/p>\n<p>Program \u0107e polaznicima omogu\u0107iti prilagodbu njihovoj profesiji i kulturi novog radnog mjesta, pokrivaju\u0107i stru\u010dna pitanja, pravne\/ administrativne teme u\u010diteljske profesije, te socio-kulturne aspekte vezane za \u0161kolske norme\/ procese.<\/p>\n<p>Istra\u017eite program uvo\u0111enja novih u\u010ditelja u va\u0161oj zemlji <a href=\"https:\/\/empowering-teachers.eu\/wp-content\/uploads\/2023\/04\/Program-uvodenja-novih-ucitelja-LOOP-TIP-HRV.pdf\">ovdje<\/a>.<\/p>\n<\/div>\n<p><a href=\"\/wp-content\/uploads\/2023\/07\/01-LOOP_TIP_HR.pdf\">bro\u0161ura<\/a><\/p>\n<\/div>\n<div>\n<h2>PROGRAM ZA OSPOSOBLJAVANJE MENTORA <\/h2>\n<div>\n<p>Program formalnog osposobljavanja mentora pru\u017eit \u0107e priliku iskusnim u\u010diteljima i \u0161kolskim ravnateljima da prihvate nove profesionalne mogu\u0107nosti.<\/p>\n<p>Mentori \u0107e biti osposobljeni da djeluju kao posrednici u primjeni u\u010dinkovitih i formalnih programa uvo\u0111enja novih u\u010ditelja, a program \u0107e sadr\u017eavati smjernice i izvore koje mentoru mogu koristiti pri radi s njihovim manje iskusnim kolegama.<\/p>\n<p>Istra\u017eite program za osposobljavanje mentora u va\u0161oj zemlji <a href=\"https:\/\/empowering-teachers.eu\/wp-content\/uploads\/2023\/04\/Program-osposobljavanja-mentora-LOOP-MCP-HRV.pdf\">ovdje<\/a>.<\/p>\n<\/div>\n<p><a href=\"https:\/\/empowering-teachers.eu\/wp-content\/uploads\/2024\/05\/HR_02-LOOP-Bifold-Brochure_MCP_FINAL.pdf\">bro\u0161ura<\/a><\/p>\n<\/div>\n<div>\n<h2>IZJAVE U\u010cITELJA<\/h2>\n<\/div>\n<h1>\n<h4 style=\"text-align: center;\">\u00a0 \u00a0 \u00a0 \u00a0 \u00a0 \u00a0 \u00a0 \u00a0 \u00a0 \u00a0 \u00a0 \u00a0 \u00a0 \u00a0 \u00a0 \u00a0 \u00a0 \u00a0 \u00a0 \u00a0 \u00a0 \u00a0SPAIN<\/h4>\n<\/h1>\n<p><iframe src=\"https:\/\/www.youtube.com\/watch?v=nYoncg-o0F4&#038;list=PL1N_BKzdVWnvBAFFhMiY5KkbbKESHXUoY&#038;index=1&#038;t=1s\"><\/iframe><\/p>\n<h1>\n<h4>\u00a0 \u00a0 \u00a0 \u00a0 \u00a0 \u00a0 \u00a0 \u00a0 \u00a0GREECE<\/h4>\n<\/h1>\n<p><iframe src=\"https:\/\/www.youtube.com\/watch?v=P9y0ghYLTuA&#038;list=PL1N_BKzdVWnvBAFFhMiY5KkbbKESHXUoY&#038;index=3\"><\/iframe><\/p>\n<h1>\n<h4 style=\"text-align: center;\">\u00a0 \u00a0 \u00a0 \u00a0 \u00a0 \u00a0 \u00a0 \u00a0 \u00a0 \u00a0 \u00a0 \u00a0 \u00a0 \u00a0 \u00a0 \u00a0 \u00a0 \u00a0 \u00a0 \u00a0 \u00a0 \u00a0SLOVENIA<\/h4>\n<\/h1>\n<p><iframe src=\"https:\/\/www.youtube.com\/watch?v=-nNTXL0Df2o&#038;list=PL1N_BKzdVWnvBAFFhMiY5KkbbKESHXUoY&#038;index=4\"><\/iframe><\/p>\n<h1>\n<h4 style=\"text-align: left;\">\u00a0 \u00a0 \u00a0 \u00a0 \u00a0 \u00a0 \u00a0 PORTUGAL<\/h4>\n<\/h1>\n<p><iframe src=\"https:\/\/www.youtube.com\/watch?v=_eIDltY-Uyc&#038;list=PL1N_BKzdVWnvBAFFhMiY5KkbbKESHXUoY&#038;index=4\"><\/iframe><\/p>\n<h1>\n<h4>\u00a0 \u00a0 \u00a0 \u00a0 \u00a0 \u00a0 \u00a0 \u00a0 CROATIA<\/h4>\n<\/h1>\n<p><iframe src=\"https:\/\/www.youtube.com\/watch?v=5NdLm4JrJGA\"><\/iframe><\/p>\n<p><!--more--><br \/>\n<!-- {\"name\":\"Support\",\"type\":\"layout\",\"children\":[{\"name\":\"Support\",\"type\":\"section\",\"props\":{\"animation\":\"slide-bottom-medium\",\"animation_delay\":\"200\",\"css\":\".el-section > [class*='uk-background-'] { min-height: 50vh; }\",\"image\":\"wp-content\\\/uploads\\\/2021\\\/08\\\/teacher-teaching-at-school.jpg\",\"image_parallax_bgy\":\"0,500\",\"image_position\":\"top-right\",\"image_width\":\"1600\",\"padding\":\"xlarge\",\"padding_remove_bottom\":true,\"padding_remove_horizontal\":true,\"style\":\"default\",\"title_breakpoint\":\"xl\",\"title_position\":\"top-left\",\"title_rotation\":\"left\",\"vertical_align\":\"middle\",\"width\":\"default\"},\"children\":[{\"name\":\"\",\"type\":\"row\",\"props\":{\"margin\":\"xlarge\",\"match\":false,\"vertical_align\":false},\"children\":[{\"name\":\"\",\"type\":\"column\",\"props\":{\"image\":\"\",\"image_position\":\"center-center\",\"media_overlay_gradient\":\"\",\"position_sticky_breakpoint\":\"m\",\"width_medium\":\"1-1\"},\"children\":[]}]}]},{\"type\":\"section\",\"props\":{\"image_position\":\"center-center\",\"style\":\"default\",\"title_breakpoint\":\"xl\",\"title_position\":\"top-left\",\"title_rotation\":\"left\",\"vertical_align\":\"middle\",\"width\":\"default\"},\"children\":[{\"type\":\"row\",\"children\":[{\"type\":\"column\",\"props\":{\"image_position\":\"center-center\",\"media_overlay_gradient\":\"\",\"position_sticky_breakpoint\":\"m\"},\"children\":[{\"type\":\"headline\",\"props\":{\"content\":\"<span data-contrast=\\\"auto\\\" xml:lang=\\\"EN-US\\\" lang=\\\"EN-US\\\" class=\\\"TextRun SCXW195325667 BCX0\\\"><span class=\\\"NormalTextRun SCXW195325667 BCX0\\\">U\\u010cITELJSKA PROFESIJA<\\\/span><\\\/span><span class=\\\"EOP SCXW195325667 BCX0\\\" data-ccp-props=\\\"{&quot;201341983&quot;:0,&quot;335559740&quot;:259}\\\">\\u00a0<\\\/span>\",\"text_align\":\"center\",\"title_element\":\"h1\",\"title_style\":\"heading-medium\"}}]}]},{\"type\":\"row\",\"props\":{\"layout\":\"1-2,1-2\"},\"children\":[{\"type\":\"column\",\"props\":{\"image_position\":\"center-center\",\"media_overlay_gradient\":\"\",\"position_sticky_breakpoint\":\"m\",\"width_medium\":\"1-2\"},\"children\":[{\"name\":\"\",\"type\":\"panel\",\"props\":{\"animation\":\"fade\",\"content\":\"\n\n<p>Formalni program uvo\\u0111enja novih u\\u010ditelja bit \\u0107e osmi\\u0161ljen na mentorskim aktivnostima, uklju\\u010duju\\u0107i alate i resurse za podr\\u0161ku novih u\\u010ditelja koji zapo\\u010dinju svoju karijeru.<\\\/p>\\n\n\n<p>Program \\u0107e polaznicima omogu\\u0107iti prilagodbu njihovoj profesiji i kulturi novog radnog mjesta, pokrivaju\\u0107i stru\\u010dna pitanja, pravne\\\/ administrativne teme u\\u010diteljske profesije, te socio-kulturne aspekte vezane za \\u0161kolske norme\\\/ procese.<\\\/p>\\n\n\n<p>Istra\\u017eite program uvo\\u0111enja novih u\\u010ditelja u va\\u0161oj zemlji <a href=\\\"https:\\\/\\\/empowering-teachers.eu\\\/wp-content\\\/uploads\\\/2023\\\/04\\\/Program-uvodenja-novih-ucitelja-LOOP-TIP-HRV.pdf\\\">ovdje<\\\/a>.<\\\/p>\",\"content_column_breakpoint\":\"m\",\"icon\":\"\",\"icon_color\":\"primary\",\"icon_width\":80,\"image\":\"\",\"image_align\":\"top\",\"image_grid_breakpoint\":\"m\",\"image_grid_width\":\"1-2\",\"image_svg_animate\":true,\"image_svg_color\":\"primary\",\"image_svg_inline\":true,\"link\":\"wp-content\\\/uploads\\\/2023\\\/07\\\/01-LOOP_TIP_HR.pdf\",\"link_fullwidth\":true,\"link_size\":\"small\",\"link_style\":\"danger\",\"link_target\":true,\"link_text\":\"bro\\u0161ura\",\"margin\":\"default\",\"meta\":\"\",\"meta_align\":\"below-title\",\"meta_element\":\"div\",\"meta_style\":\"text-meta\",\"panel_image_no_padding\":false,\"panel_padding\":\"large\",\"panel_style\":\"card-default\",\"text_align\":\"center\",\"title\":\"PROGRAM UVO\\u0110ENJA NOVIH U\\u010cITELJA \",\"title_align\":\"top\",\"title_element\":\"h2\",\"title_grid_breakpoint\":\"m\",\"title_grid_width\":\"1-2\",\"title_hover_style\":\"reset\",\"title_style\":\"h3\"}}]},{\"type\":\"column\",\"props\":{\"image_position\":\"center-center\",\"media_overlay_gradient\":\"\",\"position_sticky_breakpoint\":\"m\",\"width_medium\":\"1-2\"},\"children\":[{\"name\":\"\",\"type\":\"panel\",\"props\":{\"content\":\"\n\n<p>Program formalnog osposobljavanja mentora pru\\u017eit \\u0107e priliku iskusnim u\\u010diteljima i \\u0161kolskim ravnateljima da prihvate nove profesionalne mogu\\u0107nosti.<\\\/p>\\n\n\n<p>Mentori \\u0107e biti osposobljeni da djeluju kao posrednici u primjeni u\\u010dinkovitih i formalnih programa uvo\\u0111enja novih u\\u010ditelja, a program \\u0107e sadr\\u017eavati smjernice i izvore koje mentoru mogu koristiti pri radi s njihovim manje iskusnim kolegama.<\\\/p>\\n\n\n<p>Istra\\u017eite program za osposobljavanje mentora u va\\u0161oj zemlji <a href=\\\"https:\\\/\\\/empowering-teachers.eu\\\/wp-content\\\/uploads\\\/2023\\\/04\\\/Program-osposobljavanja-mentora-LOOP-MCP-HRV.pdf\\\">ovdje<\\\/a>.<\\\/p>\",\"content_column_breakpoint\":\"m\",\"icon\":\"\",\"icon_color\":\"primary\",\"icon_width\":80,\"image\":\"\",\"image_align\":\"top\",\"image_grid_breakpoint\":\"m\",\"image_grid_width\":\"1-2\",\"image_svg_animate\":true,\"image_svg_color\":\"primary\",\"image_svg_inline\":true,\"link\":\"https:\\\/\\\/empowering-teachers.eu\\\/wp-content\\\/uploads\\\/2024\\\/05\\\/HR_02-LOOP-Bifold-Brochure_MCP_FINAL.pdf\",\"link_fullwidth\":true,\"link_size\":\"small\",\"link_style\":\"danger\",\"link_target\":true,\"link_text\":\"bro\\u0161ura\",\"margin\":\"default\",\"meta\":\"\",\"meta_align\":\"below-title\",\"meta_element\":\"div\",\"meta_style\":\"text-meta\",\"panel_image_no_padding\":false,\"panel_padding\":\"large\",\"panel_style\":\"card-default\",\"text_align\":\"center\",\"title\":\"PROGRAM ZA OSPOSOBLJAVANJE MENTORA \",\"title_align\":\"top\",\"title_element\":\"h2\",\"title_grid_breakpoint\":\"m\",\"title_grid_width\":\"1-2\",\"title_hover_style\":\"reset\",\"title_style\":\"h3\"}}]}]},{\"type\":\"row\",\"children\":[{\"type\":\"column\",\"props\":{\"image_position\":\"center-center\",\"media_overlay_gradient\":\"\",\"position_sticky_breakpoint\":\"m\"},\"children\":[{\"type\":\"panel\",\"props\":{\"content_column_breakpoint\":\"m\",\"icon_width\":80,\"image_align\":\"top\",\"image_grid_breakpoint\":\"m\",\"image_grid_width\":\"1-2\",\"image_svg_color\":\"emphasis\",\"link_style\":\"default\",\"link_text\":\"Read more\",\"margin\":\"default\",\"meta_align\":\"below-title\",\"meta_element\":\"div\",\"meta_style\":\"text-meta\",\"panel_padding\":\"large\",\"panel_style\":\"card-default\",\"text_align\":\"center\",\"title\":\"IZJAVE U\\u010cITELJA\",\"title_align\":\"top\",\"title_element\":\"h2\",\"title_grid_breakpoint\":\"m\",\"title_grid_width\":\"1-2\",\"title_hover_style\":\"reset\"}}]}]}]},{\"type\":\"section\",\"props\":{\"image_position\":\"center-center\",\"style\":\"default\",\"title_breakpoint\":\"xl\",\"title_position\":\"top-left\",\"title_rotation\":\"left\",\"vertical_align\":\"middle\",\"width\":\"default\"},\"children\":[{\"type\":\"row\",\"props\":{\"layout\":\"1-2,1-2\"},\"children\":[{\"type\":\"column\",\"props\":{\"image_position\":\"center-center\",\"media_overlay_gradient\":\"\",\"position_sticky_breakpoint\":\"m\",\"width_medium\":\"1-2\"},\"children\":[{\"type\":\"headline\",\"props\":{\"content\":\"\n\n<h4 style=\\\"text-align: center;\\\">\\u00a0 \\u00a0 \\u00a0 \\u00a0 \\u00a0 \\u00a0 \\u00a0 \\u00a0 \\u00a0 \\u00a0 \\u00a0 \\u00a0 \\u00a0 \\u00a0 \\u00a0 \\u00a0 \\u00a0 \\u00a0 \\u00a0 \\u00a0 \\u00a0 \\u00a0SPAIN<\\\/h4>\",\"position\":\"relative\",\"position_left\":\"-20\",\"text_align\":\"center\",\"title_element\":\"h1\",\"title_style\":\"text-lead\"}},{\"type\":\"video\",\"props\":{\"margin\":\"default\",\"margin_remove_bottom\":false,\"text_align\":\"right\",\"video\":\"https:\\\/\\\/www.youtube.com\\\/watch?v=nYoncg-o0F4&list=PL1N_BKzdVWnvBAFFhMiY5KkbbKESHXUoY&index=1&t=1s\",\"video_controls\":true}}]},{\"type\":\"column\",\"props\":{\"image_position\":\"center-center\",\"media_overlay_gradient\":\"\",\"position_sticky_breakpoint\":\"m\",\"width_medium\":\"1-2\"},\"children\":[{\"type\":\"headline\",\"props\":{\"content\":\"\n\n<h4>\\u00a0 \\u00a0 \\u00a0 \\u00a0 \\u00a0 \\u00a0 \\u00a0 \\u00a0 \\u00a0GREECE<\\\/h4>\",\"title_element\":\"h1\"}},{\"type\":\"video\",\"props\":{\"margin\":\"default\",\"video\":\"https:\\\/\\\/www.youtube.com\\\/watch?v=P9y0ghYLTuA&list=PL1N_BKzdVWnvBAFFhMiY5KkbbKESHXUoY&index=3\",\"video_controls\":true}}]}]},{\"type\":\"row\",\"props\":{\"layout\":\"1-2,1-2\"},\"children\":[{\"type\":\"column\",\"props\":{\"image_position\":\"center-center\",\"media_overlay_gradient\":\"\",\"position_sticky_breakpoint\":\"m\",\"width_medium\":\"1-2\"},\"children\":[{\"type\":\"headline\",\"props\":{\"content\":\"\n\n<h4 style=\\\"text-align: center;\\\">\\u00a0 \\u00a0 \\u00a0 \\u00a0 \\u00a0 \\u00a0 \\u00a0 \\u00a0 \\u00a0 \\u00a0 \\u00a0 \\u00a0 \\u00a0 \\u00a0 \\u00a0 \\u00a0 \\u00a0 \\u00a0 \\u00a0 \\u00a0 \\u00a0 \\u00a0SLOVENIA<\\\/h4>\",\"title_element\":\"h1\"}},{\"type\":\"video\",\"props\":{\"margin\":\"default\",\"text_align\":\"right\",\"video\":\"https:\\\/\\\/www.youtube.com\\\/watch?v=-nNTXL0Df2o&list=PL1N_BKzdVWnvBAFFhMiY5KkbbKESHXUoY&index=4\",\"video_controls\":true}}]},{\"type\":\"column\",\"props\":{\"image_position\":\"center-center\",\"media_overlay_gradient\":\"\",\"position_sticky_breakpoint\":\"m\",\"width_medium\":\"1-2\"},\"children\":[{\"type\":\"headline\",\"props\":{\"content\":\"\n\n<h4 style=\\\"text-align: left;\\\">\\u00a0 \\u00a0 \\u00a0 \\u00a0 \\u00a0 \\u00a0 \\u00a0 PORTUGAL<\\\/h4>\",\"title_element\":\"h1\"}},{\"type\":\"video\",\"props\":{\"margin\":\"default\",\"video\":\"https:\\\/\\\/www.youtube.com\\\/watch?v=_eIDltY-Uyc&list=PL1N_BKzdVWnvBAFFhMiY5KkbbKESHXUoY&index=4\",\"video_controls\":true}}]}]},{\"type\":\"row\",\"props\":{\"layout\":\"1-3,1-3,1-3\"},\"children\":[{\"type\":\"column\",\"props\":{\"image_position\":\"center-center\",\"media_overlay_gradient\":\"\",\"position_sticky_breakpoint\":\"m\",\"width_medium\":\"1-3\"},\"children\":[]},{\"type\":\"column\",\"props\":{\"image_position\":\"center-center\",\"media_overlay_gradient\":\"\",\"position_sticky_breakpoint\":\"m\",\"width_medium\":\"1-3\"},\"children\":[{\"type\":\"headline\",\"props\":{\"content\":\"\n\n<h4>\\u00a0 \\u00a0 \\u00a0 \\u00a0 \\u00a0 \\u00a0 \\u00a0 \\u00a0 CROATIA<\\\/h4>\",\"title_element\":\"h1\"}},{\"type\":\"video\",\"props\":{\"margin\":\"default\",\"video\":\"https:\\\/\\\/www.youtube.com\\\/watch?v=5NdLm4JrJGA\",\"video_controls\":true}}]},{\"type\":\"column\",\"props\":{\"image_position\":\"center-center\",\"media_overlay_gradient\":\"\",\"position_sticky_breakpoint\":\"m\",\"width_medium\":\"1-3\"},\"children\":[]}]}]},{\"type\":\"section\",\"props\":{\"image_position\":\"center-center\",\"style\":\"primary\",\"title_breakpoint\":\"xl\",\"title_position\":\"top-left\",\"title_rotation\":\"left\",\"vertical_align\":\"middle\",\"width\":\"default\"},\"children\":[{\"type\":\"row\",\"props\":{\"layout\":\"1-4,1-4,1-4,1-4|1-2,1-2,1-2,1-2\"},\"children\":[{\"type\":\"column\",\"props\":{\"image_position\":\"center-center\",\"media_overlay_gradient\":\"\",\"position_sticky_breakpoint\":\"m\",\"width_medium\":\"1-4\",\"width_small\":\"1-2\"},\"children\":[{\"type\":\"module_position\",\"props\":{\"breakpoint\":\"m\",\"content\":\"builder-1\",\"layout\":\"stack\"}}]},{\"type\":\"column\",\"props\":{\"image_position\":\"center-center\",\"media_overlay_gradient\":\"\",\"position_sticky_breakpoint\":\"m\",\"width_medium\":\"1-4\",\"width_small\":\"1-2\"},\"children\":[{\"type\":\"module_position\",\"props\":{\"breakpoint\":\"m\",\"content\":\"builder-2\",\"layout\":\"stack\"}}]},{\"type\":\"column\",\"props\":{\"image_position\":\"center-center\",\"media_overlay_gradient\":\"\",\"position_sticky_breakpoint\":\"m\",\"width_medium\":\"1-4\",\"width_small\":\"1-2\"},\"children\":[{\"type\":\"module_position\",\"props\":{\"breakpoint\":\"m\",\"content\":\"builder-3\",\"layout\":\"stack\"}}]},{\"type\":\"column\",\"props\":{\"image_position\":\"center-center\",\"media_overlay_gradient\":\"\",\"position_sticky_breakpoint\":\"m\",\"width_medium\":\"1-4\",\"width_small\":\"1-2\"},\"children\":[{\"type\":\"module_position\",\"props\":{\"breakpoint\":\"m\",\"content\":\"builder-4\",\"layout\":\"stack\"}}]}]}],\"modified\":\"2021-12-13T09:22:23.786Z\",\"name\":\"Footer HR\"}],\"version\":\"3.0.25\"} --><\/p>\n","protected":false},"excerpt":{"rendered":"<p>U\u010cITELJSKA PROFESIJA\u00a0 PROGRAM UVO\u0110ENJA NOVIH U\u010cITELJA Formalni program uvo\u0111enja novih u\u010ditelja bit \u0107e osmi\u0161ljen na mentorskim aktivnostima, uklju\u010duju\u0107i alate i resurse za podr\u0161ku novih u\u010ditelja koji zapo\u010dinju svoju karijeru. Program \u0107e polaznicima omogu\u0107iti prilagodbu njihovoj profesiji i kulturi novog radnog mjesta, pokrivaju\u0107i stru\u010dna pitanja, pravne\/ administrativne teme u\u010diteljske profesije, te socio-kulturne aspekte vezane za \u0161kolske [&hellip;]<\/p>\n","protected":false},"author":1,"featured_media":0,"parent":0,"menu_order":0,"comment_status":"closed","ping_status":"closed","template":"","meta":{"footnotes":""},"class_list":["post-1156","page","type-page","status-publish","hentry"],"_links":{"self":[{"href":"https:\/\/empowering-teachers.eu\/hr\/wp-json\/wp\/v2\/pages\/1156","targetHints":{"allow":["GET"]}}],"collection":[{"href":"https:\/\/empowering-teachers.eu\/hr\/wp-json\/wp\/v2\/pages"}],"about":[{"href":"https:\/\/empowering-teachers.eu\/hr\/wp-json\/wp\/v2\/types\/page"}],"author":[{"embeddable":true,"href":"https:\/\/empowering-teachers.eu\/hr\/wp-json\/wp\/v2\/users\/1"}],"replies":[{"embeddable":true,"href":"https:\/\/empowering-teachers.eu\/hr\/wp-json\/wp\/v2\/comments?post=1156"}],"version-history":[{"count":21,"href":"https:\/\/empowering-teachers.eu\/hr\/wp-json\/wp\/v2\/pages\/1156\/revisions"}],"predecessor-version":[{"id":12072,"href":"https:\/\/empowering-teachers.eu\/hr\/wp-json\/wp\/v2\/pages\/1156\/revisions\/12072"}],"wp:attachment":[{"href":"https:\/\/empowering-teachers.eu\/hr\/wp-json\/wp\/v2\/media?parent=1156"}],"curies":[{"name":"wp","href":"https:\/\/api.w.org\/{rel}","templated":true}]}}