{"id":1163,"date":"2021-07-12T15:23:43","date_gmt":"2021-07-12T12:23:43","guid":{"rendered":"https:\/\/empowering-teachers.eu\/home\/"},"modified":"2022-02-03T15:45:13","modified_gmt":"2022-02-03T13:45:13","slug":"home","status":"publish","type":"page","link":"https:\/\/empowering-teachers.eu\/hr\/","title":{"rendered":"What is Loop about"},"content":{"rendered":"<h1>OSNA\u017dIVANJE U\u010cITELJA<\/h1>\n<h1>LOOP OZNA\u010cAVA OSNA\u017dIVANJE OSOBNOG, PROFESIONALNOG I DRU\u0160TVENOG KONTINUIRANOG RAZVOJA U\u010cITELJA KROZ INOVATIVNE PROGRAME UVO\u0110ENJA NOVIH KOLEGA U U\u010cITELJSKU PROFESIJU.<\/h1>\n<h2>\u0160TO JE LOOP?<\/h2>\n<div>\n<p>LOOP ozna\u010dava osna\u017eivanje osobnog, profesionalnog i dru\u0161tvenog kontinuiranog razvoja u\u010ditelja kroz inovativne programe uvo\u0111enja novih kolega u u\u010diteljsku profesiju.<\/p>\n<p>LOOP je projekt podr\u0161ke eksperimentalnih reformi politika, s ciljem doprinosa razvoju cjelovitog pristupa u\u010diteljskoj profesiji koja obuhva\u0107a sve faze u\u010diteljske karijere, i to kroz:<\/p>\n<\/div>\n<p>[arrow-right]<\/p>\n<div>\n<p>Strukturiranje programa uvo\u0111enja u u\u010diteljsku profesiju, utemeljenog na mentorstvu, kako bi se podr\u017ealo uvo\u0111enje novih u\u010ditelja i njihovo prilago\u0111avanje novom radnom mjestu.<\/p>\n<p><a href=\"https:\/\/empowering-teachers.eu\/hr\/teachers-career\/\">Pro\u010ditajte vi\u0161e<\/a><\/p>\n<\/div>\n<p>[arrow-right]<\/p>\n<div>\n<p>Izrada mentorskog programa za razvoj kompetencija za usmjeravanje i podr\u0161ku novim u\u010diteljima tijekom provedbe programa uvo\u0111enja.<\/p>\n<p><a href=\"https:\/\/empowering-teachers.eu\/hr\/teachers-career\/\">Pro\u010ditajte vi\u0161e<\/a><\/p>\n<\/div>\n<p>[arrow-right]<\/p>\n<div>\n<p>Testiranje i validacija programa uvo\u0111enja i mentorskih programa u \u0161kolama LOOP mre\u017ee.<\/p>\n<p><a href=\"https:\/\/empowering-teachers.eu\/hr\/policy-experimentation\/\">Pro\u010ditajte vi\u0161e<\/a><\/p>\n<\/div>\n<p>[arrow-right]<\/p>\n<div>\n<p>Priprema preporuka politika za integraciju programa uvo\u0111enja i mentorstva u nacionalne politike i okvire kontinuiranog profesionalnog razvoja nastavnika.<\/p>\n<p><a href=\"https:\/\/empowering-teachers.eu\/hr\/policy-experimentation\/\"><span data-contrast=\"auto\" xml:lang=\"EN-US\" lang=\"EN-US\" class=\"TextRun Highlight SCXW119195141 BCX0\"><span class=\"NormalTextRun SpellingErrorV2 SCXW119195141 BCX0\">Pro\u010ditajte<\/span><span class=\"NormalTextRun SCXW119195141 BCX0\"><span>\u00a0<\/span><\/span><span class=\"NormalTextRun SpellingErrorV2 SCXW119195141 BCX0\">vi\u0161e<\/span><\/span><span class=\"EOP SCXW119195141 BCX0\" data-ccp-props=\"{&quot;201341983&quot;:0,&quot;335559740&quot;:259}\">\u00a0<\/span><\/a><\/p>\n<\/div>\n<h2>KAKO VAM LOOP MO\u017dE KORISTITI?<\/h2>\n<p><img decoding=\"async\" src=\"\/wp-content\/uploads\/2021\/07\/home-banner-1.jpg\" alt=\"\"><\/p>\n<div>\n<p><strong>JESTE LI NOVI U\u010cITELJ? <\/strong><\/p>\n<p>(do 5 godina radnog iskustva i do 35 godina starosti)<\/p>\n<\/div>\n<div>\n<p>Imat \u0107ete pristup programu uvo\u0111enja u u\u010diteljsku profesiju te oja\u010dati va\u0161e mogu\u0107nosti uz pomo\u0107 mentorskih aktivnosti s iskusnijim kolegama.<\/p>\n<\/div>\n<p><img decoding=\"async\" src=\"\/wp-content\/uploads\/2021\/07\/home-banner-2.jpg\" alt=\"\"><\/p>\n<div>\n<p><strong>JESTE LI ISKUSNI U\u010cITELJ? <\/strong><\/p>\n<p>(&gt; 20 godina radnog iskustva i &gt; 45 godina starosti)<\/p>\n<\/div>\n<div>\n<p>Imat \u0107ete priliku postati mentor novim u\u010diteljima, razviti svoje mentorske kompetencije, te obogatiti svoj profesionalni razvoj.<\/p>\n<\/div>\n<p><img decoding=\"async\" src=\"\/wp-content\/uploads\/home-courses-06.jpg\" alt=\"\"><\/p>\n<div>\n<p><strong>JESTE LI \u0160KOLSKI RAVNATELJ? <\/strong><\/p>\n<\/div>\n<div>\n<p>Your school can integrate the LOOP network and benefit from the induction and mentoring programmes to motivate your teachers<\/p>\n<p><a href=\"https:\/\/empowering-teachers.eu\/hr\/loop-network\/\">Saznajte vi\u0161e<\/a><\/p>\n<\/div>\n<p><img decoding=\"async\" src=\"\/wp-content\/uploads\/home-courses-14.jpg\" alt=\"\"><\/p>\n<div>\n<p><strong>JESTE LI POLITI\u010cKA OSOBA? <\/strong><\/p>\n<\/div>\n<div>\n<p>Imat \u0107ete pristup modelima, programima i smjernicama politike za (pre)oblikovanje u\u010diteljske karijere te kontinuirani profesionalni razvoj u\u010ditelja u va\u0161oj zemlji.<\/p>\n<p><a href=\"https:\/\/empowering-teachers.eu\/hr\/loop-network\/\">Saznajte vi\u0161e<\/a><\/p>\n<\/div>\n<p><!--more--><br \/>\n<!-- {\"name\":\"Home\",\"type\":\"layout\",\"children\":[{\"name\":\"Hero\",\"type\":\"section\",\"props\":{\"style\":\"default\",\"width\":\"large\",\"vertical_align\":\"middle\",\"title_position\":\"top-left\",\"title_rotation\":\"left\",\"title_breakpoint\":\"xl\",\"image_position\":\"center-center\",\"padding\":\"none\",\"image\":\"wp-content\\\/uploads\\\/2021\\\/07\\\/home-banner.jpg\",\"text_color\":\"light\",\"image_size\":\"cover\",\"image_width\":\"1600\",\"padding_remove_bottom\":false,\"css\":\".el-section > [class*='uk-background-'] { min-height: 60vh; }\",\"media_overlay\":\"rgba(8, 8, 8, 0.56)\"},\"children\":[{\"name\":\"\",\"type\":\"row\",\"children\":[{\"name\":\"\",\"type\":\"column\",\"props\":{\"image_position\":\"center-center\",\"width_medium\":\"1-1\",\"media_overlay_gradient\":\"\"},\"children\":[{\"type\":\"divider\",\"props\":{\"divider_element\":\"div\"}},{\"type\":\"headline\",\"props\":{\"title_element\":\"h1\",\"content\":\"OSNA\\u017dIVANJE U\\u010cITELJA\",\"title_style\":\"heading-medium\",\"text_align\":\"center\",\"margin\":\"xlarge\",\"position_top\":\"40%\"}},{\"type\":\"headline\",\"props\":{\"title_element\":\"h1\",\"content\":\"LOOP OZNA\\u010cAVA OSNA\\u017dIVANJE OSOBNOG, PROFESIONALNOG I DRU\\u0160TVENOG KONTINUIRANOG RAZVOJA U\\u010cITELJA KROZ INOVATIVNE PROGRAME UVO\\u0110ENJA NOVIH KOLEGA U U\\u010cITELJSKU PROFESIJU.\",\"text_align\":\"center\",\"position_top\":\"60%\"}}]}]}]},{\"name\":\"Products\",\"type\":\"section\",\"props\":{\"style\":\"default\",\"width\":\"default\",\"vertical_align\":\"middle\",\"title_position\":\"top-left\",\"title_rotation\":\"left\",\"title_breakpoint\":\"xl\",\"image_position\":\"bottom-right\",\"image\":\"\",\"image_effect\":\"parallax\",\"image_parallax_bgy_start\":\"300\",\"image_parallax_bgy_end\":\"450\",\"image_width\":\"700\",\"padding_remove_top\":false},\"children\":[{\"name\":\"\",\"type\":\"row\",\"props\":{\"width\":\"large\",\"margin_remove_bottom\":true,\"margin_remove_top\":false},\"children\":[{\"name\":\"\",\"type\":\"column\",\"props\":{\"image_position\":\"center-center\",\"width_medium\":\"1-1\",\"media_overlay_gradient\":\"\"},\"children\":[{\"name\":\"\",\"type\":\"headline\",\"props\":{\"title_element\":\"h2\",\"title_style\":\"heading-small\",\"text_align\":\"center\",\"maxwidth\":\"xlarge\",\"margin\":\"medium\",\"content\":\"\\u0160TO JE LOOP?\",\"block_align\":\"center\"}}]}]},{\"type\":\"row\",\"children\":[{\"type\":\"column\",\"props\":{\"image_position\":\"center-center\",\"media_overlay_gradient\":\"\"},\"children\":[{\"type\":\"text\",\"props\":{\"margin\":\"default\",\"column_breakpoint\":\"m\",\"content\":\"\n\n<p>LOOP ozna\\u010dava osna\\u017eivanje osobnog, profesionalnog i dru\\u0161tvenog kontinuiranog razvoja u\\u010ditelja kroz inovativne programe uvo\\u0111enja novih kolega u u\\u010diteljsku profesiju.<\\\/p>\\n\n\n<p>LOOP je projekt podr\\u0161ke eksperimentalnih reformi politika, s ciljem doprinosa razvoju cjelovitog pristupa u\\u010diteljskoj profesiji koja obuhva\\u0107a sve faze u\\u010diteljske karijere, i to kroz:<\\\/p>\"}}]}]},{\"name\":\"\",\"type\":\"row\",\"children\":[{\"name\":\"\",\"type\":\"column\",\"props\":{\"image_position\":\"center-center\",\"width_medium\":\"1-4\",\"media_overlay_gradient\":\"\",\"width_small\":\"1-2\"},\"children\":[{\"type\":\"icon\",\"props\":{\"icon_width\":60,\"margin\":\"default\",\"icon\":\"arrow-right\"}},{\"type\":\"text\",\"props\":{\"margin\":\"default\",\"column_breakpoint\":\"m\",\"content\":\"\n\n<p>Strukturiranje programa uvo\\u0111enja u u\\u010diteljsku profesiju, utemeljenog na mentorstvu, kako bi se podr\\u017ealo uvo\\u0111enje novih u\\u010ditelja i njihovo prilago\\u0111avanje novom radnom mjestu.<\\\/p>\\n\n\n<p><a href=\\\"https:\\\/\\\/empowering-teachers.eu\\\/hr\\\/teachers-career\\\/\\\">Pro\\u010ditajte vi\\u0161e<\\\/a><\\\/p>\"}}]},{\"type\":\"column\",\"props\":{\"image_position\":\"center-center\",\"media_overlay_gradient\":\"\",\"width_medium\":\"1-4\",\"width_small\":\"1-2\"},\"children\":[{\"type\":\"icon\",\"props\":{\"icon_width\":60,\"margin\":\"default\",\"icon\":\"arrow-right\"}},{\"type\":\"text\",\"props\":{\"margin\":\"default\",\"column_breakpoint\":\"m\",\"content\":\"\n\n<p>Izrada mentorskog programa za razvoj kompetencija za usmjeravanje i podr\\u0161ku novim u\\u010diteljima tijekom provedbe programa uvo\\u0111enja.<\\\/p>\\n\n\n<p><a href=\\\"https:\\\/\\\/empowering-teachers.eu\\\/hr\\\/teachers-career\\\/\\\">Pro\\u010ditajte vi\\u0161e<\\\/a><\\\/p>\"}}]},{\"type\":\"column\",\"props\":{\"image_position\":\"center-center\",\"media_overlay_gradient\":\"\",\"width_medium\":\"1-4\",\"width_small\":\"1-2\"},\"children\":[{\"type\":\"icon\",\"props\":{\"icon_width\":60,\"margin\":\"default\",\"icon\":\"arrow-right\"}},{\"type\":\"text\",\"props\":{\"margin\":\"default\",\"column_breakpoint\":\"m\",\"content\":\"\n\n<p>Testiranje i validacija programa uvo\\u0111enja i mentorskih programa u \\u0161kolama LOOP mre\\u017ee.<\\\/p>\\n\n\n<p><a href=\\\"https:\\\/\\\/empowering-teachers.eu\\\/hr\\\/policy-experimentation\\\/\\\">Pro\\u010ditajte vi\\u0161e<\\\/a><\\\/p>\"}}]},{\"type\":\"column\",\"props\":{\"image_position\":\"center-center\",\"media_overlay_gradient\":\"\",\"width_medium\":\"1-4\",\"width_small\":\"1-2\"},\"children\":[{\"type\":\"icon\",\"props\":{\"icon_width\":60,\"margin\":\"default\",\"icon\":\"arrow-right\"}},{\"type\":\"text\",\"props\":{\"margin\":\"default\",\"column_breakpoint\":\"m\",\"content\":\"\n\n<p>Priprema preporuka politika za integraciju programa uvo\\u0111enja i mentorstva u nacionalne politike i okvire kontinuiranog profesionalnog razvoja nastavnika.<\\\/p>\\n\n\n<p><a href=\\\"https:\\\/\\\/empowering-teachers.eu\\\/hr\\\/policy-experimentation\\\/\\\"><span data-contrast=\\\"auto\\\" xml:lang=\\\"EN-US\\\" lang=\\\"EN-US\\\" class=\\\"TextRun Highlight SCXW119195141 BCX0\\\"><span class=\\\"NormalTextRun SpellingErrorV2 SCXW119195141 BCX0\\\">Pro\\u010ditajte<\\\/span><span class=\\\"NormalTextRun SCXW119195141 BCX0\\\"><span>\\u00a0<\\\/span><\\\/span><span class=\\\"NormalTextRun SpellingErrorV2 SCXW119195141 BCX0\\\">vi\\u0161e<\\\/span><\\\/span><span class=\\\"EOP SCXW119195141 BCX0\\\" data-ccp-props=\\\"{&quot;201341983&quot;:0,&quot;335559740&quot;:259}\\\">\\u00a0<\\\/span><\\\/a><\\\/p>\"}}]}],\"props\":{\"layout\":\"1-4,1-4,1-4,1-4|1-2,1-2,1-2,1-2\"}}]},{\"type\":\"section\",\"props\":{\"style\":\"default\",\"width\":\"default\",\"vertical_align\":\"middle\",\"title_position\":\"top-left\",\"title_rotation\":\"left\",\"title_breakpoint\":\"xl\",\"image_position\":\"center-center\"},\"children\":[{\"type\":\"row\",\"children\":[{\"type\":\"column\",\"props\":{\"image_position\":\"center-center\",\"media_overlay_gradient\":\"\"},\"children\":[{\"name\":\"\",\"type\":\"headline\",\"props\":{\"title_element\":\"h2\",\"title_style\":\"heading-small\",\"text_align\":\"center\",\"maxwidth\":\"xlarge\",\"margin\":\"medium\",\"content\":\"KAKO VAM LOOP MO\\u017dE KORISTITI?\",\"block_align\":\"center\"}}]}]},{\"type\":\"row\",\"props\":{\"layout\":\"1-4,1-4,1-4,1-4|1-2,1-2,1-2,1-2\"},\"children\":[{\"type\":\"column\",\"props\":{\"image_position\":\"center-center\",\"media_overlay_gradient\":\"\",\"width_medium\":\"1-4\",\"width_small\":\"1-2\"},\"children\":[{\"type\":\"image\",\"props\":{\"margin\":\"default\",\"image_svg_color\":\"emphasis\",\"image\":\"wp-content\\\/uploads\\\/2021\\\/07\\\/home-banner-1.jpg\"}},{\"type\":\"text\",\"props\":{\"margin\":\"default\",\"column_breakpoint\":\"m\",\"content\":\"\n\n<p><strong>JESTE LI NOVI U\\u010cITELJ? <\\\/strong><\\\/p>\\n\n\n<p>(do 5 godina radnog iskustva i do 35 godina starosti)<\\\/p>\"}},{\"type\":\"text\",\"props\":{\"margin\":\"default\",\"column_breakpoint\":\"m\",\"content\":\"\n\n<p>Imat \\u0107ete pristup programu uvo\\u0111enja u u\\u010diteljsku profesiju te oja\\u010dati va\\u0161e mogu\\u0107nosti uz pomo\\u0107 mentorskih aktivnosti s iskusnijim kolegama.<\\\/p>\"}}]},{\"type\":\"column\",\"props\":{\"image_position\":\"center-center\",\"media_overlay_gradient\":\"\",\"width_medium\":\"1-4\",\"width_small\":\"1-2\"},\"children\":[{\"type\":\"image\",\"props\":{\"margin\":\"default\",\"image_svg_color\":\"emphasis\",\"image\":\"wp-content\\\/uploads\\\/2021\\\/07\\\/home-banner-2.jpg\"}},{\"type\":\"text\",\"props\":{\"margin\":\"default\",\"column_breakpoint\":\"m\",\"content\":\"\n\n<p><strong>JESTE LI ISKUSNI U\\u010cITELJ? <\\\/strong><\\\/p>\\n\n\n<p>(&gt; 20 godina radnog iskustva i &gt; 45 godina starosti)<\\\/p>\"}},{\"type\":\"text\",\"props\":{\"margin\":\"default\",\"column_breakpoint\":\"m\",\"content\":\"\n\n<p>Imat \\u0107ete priliku postati mentor novim u\\u010diteljima, razviti svoje mentorske kompetencije, te obogatiti svoj profesionalni razvoj.<\\\/p>\"}}]},{\"type\":\"column\",\"props\":{\"image_position\":\"center-center\",\"media_overlay_gradient\":\"\",\"width_medium\":\"1-4\",\"width_small\":\"1-2\"},\"children\":[{\"type\":\"image\",\"props\":{\"margin\":\"default\",\"image_svg_color\":\"emphasis\",\"image\":\"wp-content\\\/uploads\\\/home-courses-06.jpg\"}},{\"type\":\"text\",\"props\":{\"margin\":\"default\",\"column_breakpoint\":\"m\",\"content\":\"\n\n<p><strong>JESTE LI \\u0160KOLSKI RAVNATELJ? <\\\/strong><\\\/p>\"}},{\"type\":\"text\",\"props\":{\"margin\":\"default\",\"column_breakpoint\":\"m\",\"content\":\"\n\n<p>Your school can integrate the LOOP network and benefit from the induction and mentoring programmes to motivate your teachers<\\\/p>\\n\n\n<p><a href=\\\"https:\\\/\\\/empowering-teachers.eu\\\/hr\\\/loop-network\\\/\\\">Saznajte vi\\u0161e<\\\/a><\\\/p>\"}}]},{\"type\":\"column\",\"props\":{\"image_position\":\"center-center\",\"media_overlay_gradient\":\"\",\"width_medium\":\"1-4\",\"width_small\":\"1-2\"},\"children\":[{\"type\":\"image\",\"props\":{\"margin\":\"default\",\"image_svg_color\":\"emphasis\",\"image\":\"wp-content\\\/uploads\\\/home-courses-14.jpg\"}},{\"type\":\"text\",\"props\":{\"margin\":\"default\",\"column_breakpoint\":\"m\",\"content\":\"\n\n<p><strong>JESTE LI POLITI\\u010cKA OSOBA? <\\\/strong><\\\/p>\"}},{\"type\":\"text\",\"props\":{\"margin\":\"default\",\"column_breakpoint\":\"m\",\"content\":\"\n\n<p>Imat \\u0107ete pristup modelima, programima i smjernicama politike za (pre)oblikovanje u\\u010diteljske karijere te kontinuirani profesionalni razvoj u\\u010ditelja u va\\u0161oj zemlji.<\\\/p>\\n\n\n<p><a href=\\\"https:\\\/\\\/empowering-teachers.eu\\\/hr\\\/loop-network\\\/\\\">Saznajte vi\\u0161e<\\\/a><\\\/p>\"}}]}]}]},{\"type\":\"section\",\"props\":{\"style\":\"primary\",\"width\":\"default\",\"vertical_align\":\"middle\",\"title_position\":\"top-left\",\"title_rotation\":\"left\",\"title_breakpoint\":\"xl\",\"image_position\":\"center-center\"},\"children\":[{\"type\":\"row\",\"props\":{\"layout\":\"1-4,1-4,1-4,1-4|1-2,1-2,1-2,1-2\"},\"children\":[{\"type\":\"column\",\"props\":{\"image_position\":\"center-center\",\"media_overlay_gradient\":\"\",\"width_medium\":\"1-4\",\"width_small\":\"1-2\"},\"children\":[{\"type\":\"module_position\",\"props\":{\"layout\":\"stack\",\"breakpoint\":\"m\",\"content\":\"builder-1\"}}]},{\"type\":\"column\",\"props\":{\"image_position\":\"center-center\",\"media_overlay_gradient\":\"\",\"width_medium\":\"1-4\",\"width_small\":\"1-2\"},\"children\":[{\"type\":\"module_position\",\"props\":{\"layout\":\"stack\",\"breakpoint\":\"m\",\"content\":\"builder-2\"}}]},{\"type\":\"column\",\"props\":{\"image_position\":\"center-center\",\"media_overlay_gradient\":\"\",\"width_medium\":\"1-4\",\"width_small\":\"1-2\"},\"children\":[{\"type\":\"module_position\",\"props\":{\"layout\":\"stack\",\"breakpoint\":\"m\",\"content\":\"builder-3\"}}]},{\"type\":\"column\",\"props\":{\"image_position\":\"center-center\",\"media_overlay_gradient\":\"\",\"width_medium\":\"1-4\",\"width_small\":\"1-2\"},\"children\":[{\"type\":\"module_position\",\"props\":{\"layout\":\"stack\",\"breakpoint\":\"m\",\"content\":\"builder-4\"}}]}]}],\"modified\":\"2021-12-13T07:18:28.297Z\",\"name\":\"Footer HR\"}],\"version\":\"2.5.10\"} --><\/p>\n","protected":false},"excerpt":{"rendered":"<p>OSNA\u017dIVANJE U\u010cITELJA LOOP OZNA\u010cAVA OSNA\u017dIVANJE OSOBNOG, PROFESIONALNOG I DRU\u0160TVENOG KONTINUIRANOG RAZVOJA U\u010cITELJA KROZ INOVATIVNE PROGRAME UVO\u0110ENJA NOVIH KOLEGA U U\u010cITELJSKU PROFESIJU. \u0160TO JE LOOP? LOOP ozna\u010dava osna\u017eivanje osobnog, profesionalnog i dru\u0161tvenog kontinuiranog razvoja u\u010ditelja kroz inovativne programe uvo\u0111enja novih kolega u u\u010diteljsku profesiju. LOOP je projekt podr\u0161ke eksperimentalnih reformi politika, s ciljem doprinosa razvoju cjelovitog [&hellip;]<\/p>\n","protected":false},"author":1,"featured_media":0,"parent":0,"menu_order":0,"comment_status":"closed","ping_status":"closed","template":"","meta":{"footnotes":""},"class_list":["post-1163","page","type-page","status-publish","hentry"],"_links":{"self":[{"href":"https:\/\/empowering-teachers.eu\/hr\/wp-json\/wp\/v2\/pages\/1163","targetHints":{"allow":["GET"]}}],"collection":[{"href":"https:\/\/empowering-teachers.eu\/hr\/wp-json\/wp\/v2\/pages"}],"about":[{"href":"https:\/\/empowering-teachers.eu\/hr\/wp-json\/wp\/v2\/types\/page"}],"author":[{"embeddable":true,"href":"https:\/\/empowering-teachers.eu\/hr\/wp-json\/wp\/v2\/users\/1"}],"replies":[{"embeddable":true,"href":"https:\/\/empowering-teachers.eu\/hr\/wp-json\/wp\/v2\/comments?post=1163"}],"version-history":[{"count":13,"href":"https:\/\/empowering-teachers.eu\/hr\/wp-json\/wp\/v2\/pages\/1163\/revisions"}],"predecessor-version":[{"id":2233,"href":"https:\/\/empowering-teachers.eu\/hr\/wp-json\/wp\/v2\/pages\/1163\/revisions\/2233"}],"wp:attachment":[{"href":"https:\/\/empowering-teachers.eu\/hr\/wp-json\/wp\/v2\/media?parent=1163"}],"curies":[{"name":"wp","href":"https:\/\/api.w.org\/{rel}","templated":true}]}}