{"id":1446,"date":"2021-07-16T15:43:05","date_gmt":"2021-07-16T12:43:05","guid":{"rendered":"https:\/\/empowering-teachers.eu\/data-privacy-policy-for-the-loop-project-and-website\/"},"modified":"2022-01-04T16:04:13","modified_gmt":"2022-01-04T14:04:13","slug":"data-privacy-policy-for-the-loop-project-and-website","status":"publish","type":"page","link":"https:\/\/empowering-teachers.eu\/it\/data-privacy-policy-for-the-loop-project-and-website\/","title":{"rendered":"INFORMATIVA SULLA PRIVACY DEI DATI PER IL PROGETTO LOOP E IL SITO WEB"},"content":{"rendered":"\n<p><strong>TRATTAMENTO E PROTEZIONE DEI DATI<\/strong><\/p>\n\n\n\n<p>Comprendendo che l&#8217;uso dei tuoi dati personali richiede la tua fiducia, seguiamo le normative vigenti e le procedure appropriate nel trattamento e nella protezione dei dati.<\/p>\n\n\n\n<p>Utilizzeremo i tuoi dati personali solo per gli scopi che identifichiamo di seguito, seguendo il Regolamento generale sulla protezione dei dati (GDPR) e garantendo la riservatezza e l&#8217;integrit\u00e0 dei tuoi dati personali.<\/p>\n\n\n\n<p>La Privacy Policy descritta di seguito, stabilisce come il consorzio del progetto LOOP (LOOP \u2013 Empowering teachers personal, professional and social continuous development through innovative peer-induction programs, Project number 626148-EPP-1-2020-2-PT-EPPKA3-PI-POLICY) tratta i dati personali dei suoi partner, del personale che partecipa ai corsi di formazione erogati nell&#8217;ambito del progetto, dei partecipanti esterni alla fase di ricerca desk, sessioni di co-design e fase di test e validazione del progetto, partecipanti esterni agli eventi pubblici di divulgazione del progetto, visitatori del nostro sito web (http:\/\/empowering-teachers.eu\/ ) e social media (https:\/\/www.facebook.com\/LOOP-Empowering-Teachers-106708451640410, https:\/\/twitter.com\/LoopTeachers)<\/p>\n\n\n\n<p><strong>(+) Chi \u00e8 responsabile del trattamento dei tuoi dati personali?<\/strong><\/p>\n\n\n\n<p>Il consorzio del progetto LOOP \u00e8 responsabile del trattamento dei dati personali dei suoi partner, visitatori del sito web che presentano una richiesta di contatto o partecipanti esterni ad attivit\u00e0 correlate al progetto (sondaggi, interviste, focus group, sessioni di co-design, fase di test e convalida, eventi di diffusione e conferenze, ecc.), Seguendo i termini della legislazione sulla protezione dei dati in vigore nell&#8217;Unione Europea (il Regolamento generale sulla protezione dei dati &#8211; GDPR). Il consorzio del progetto LOOP non condivide i dati personali forniti con nessun&#8217;altra entit\u00e0.<\/p>\n\n\n\n<p><strong>(+) Come vengono raccolti i tuoi dati personali?<\/strong><\/p>\n\n\n\n<p>Non raccogliamo informazioni dai visitatori del nostro sito. I dati personali saranno raccolti e trattati solo se completi:&nbsp;&nbsp;&nbsp;<\/p>\n\n\n\n<ul class=\"wp-block-list\"><li>il modulo di richiesta di contatto disponibile sul sito web del progetto,&nbsp;&nbsp;<\/li><li>qualsiasi altra forma e formato di raccolta dei dati disponibile sul sito web del progetto,&nbsp;&nbsp;<\/li><li>la richiesta di ricevere la newsletter LOOP,&nbsp;&nbsp;<\/li><li>il modulo di registrazione per uno qualsiasi degli eventi pubblici promossi da uno dei partner del consorzio,&nbsp;&nbsp;<\/li><li>l&#8217;elenco delle firme dei partecipanti quando partecipano a qualsiasi evento di formazione promosso nell&#8217;ambito del progetto,&nbsp;&nbsp;<\/li><li>l&#8217;elenco delle firme dei partecipanti quando partecipano a qualsiasi evento di divulgazione pubblica promosso nell&#8217;ambito del progetto.&nbsp;<\/li><\/ul>\n\n\n\n<p><strong>(+) Per quale scopo e per quali motivi possono essere utilizzati i tuoi dati personali?\u00a0<\/strong><\/p>\n\n\n\n<p>I tuoi dati personali saranno raccolti e utilizzati per gli scopi specifici per i quali i dati sono forniti, vale a dire: per le consultazioni delle parti interessate sulla valutazione dei risultati del LOOP, sulla produzione di relazioni da presentare alla Commissione europea e\/o a uno qualsiasi degli enti nazionali di finanziamento del programma Erasmus+&nbsp; (<a href=\"https:\/\/www.eacea.ec.europa.eu\/index_en\" target=\"_blank\" rel=\"noreferrer noopener\">Education, Audiovisual and Culture Executive Agency<\/a>) e per inviare aggiornamenti sullo stato di avanzamento e sui risultati del progetto in termini rigorosi che l&#8217;utente seleziona nella casella di consenso inclusa in ciascuno dei moduli online in questo sito Web.&nbsp;&nbsp;<\/p>\n\n\n\n<p>Ai sensi della legislazione sulla protezione dei dati in vigore nell&#8217;Unione europea (regolamento generale sulla protezione dei dati \u2013 GRDP) l&#8217;uso dei dati personali deve essere giustificato da almeno una base giuridica per il trattamento dei dati personali. La base giuridica applicabile alla raccolta e all&#8217;utilizzo dei tuoi dati personali per le finalit\u00e0 sopra descritte relative al progetto LOOP \u00e8 il tuo consenso.<\/p>\n\n\n\n<p><strong>(+) Qual \u00e8 la base giuridica per il trattamento dei dati personali?<\/strong><\/p>\n\n\n\n<ul class=\"wp-block-list\"><li>Quando hai dato il consenso al trattamento dei tuoi dati personali (a tale scopo ti verr\u00e0 presentato un modulo di consenso per l&#8217;utilizzo dei tuoi dati, il cui consenso potr\u00e0 essere successivamente revocato);&nbsp;<\/li><li>Quando il trattamento \u00e8 necessario per adempiere agli obblighi di legge a cui \u00e8 soggetto il progetto LOOP;&nbsp;<\/li><li>Quando il trattamento \u00e8 necessario per raggiungere un interesse legittimo e le nostre ragioni per il suo utilizzo prevalgono sui tuoi diritti di protezione dei dati;&nbsp;<\/li><li>Quando il trattamento \u00e8 necessario per noi per testimoniare, esercitare o difendere un diritto in procedimenti legali contro di te, noi o una terza parte.&nbsp;<\/li><\/ul>\n\n\n\n<p><strong>(+) Quali dati personali possono essere raccolti?\u00a0<\/strong><\/p>\n\n\n\n<p>The personal data collectI dati personali raccolti possono includere il tuo nome, indirizzo\u00a0e-mail, tipo di organizzazione di affiliazione, paese di residenza, occupazione professionale, et\u00e0, sesso e\/o altro.\u00a0<\/p>\n\n\n\n<p><strong>(+) Come manteniamo la sicurezza dei tuoi dati personali?\u00a0<\/strong><\/p>\n\n\n\n<p>Utilizziamo una variet\u00e0 di misure di sicurezza, tra cui strumenti di autenticazione, crittografia e certificati digitali per proteggere e mantenere la sicurezza, l&#8217;integrit\u00e0 e la disponibilit\u00e0 delle tue informazioni personali. Sebbene la trasmissione di dati su Internet o sul sito Web non possa garantire la completa&nbsp;sicurezza contro le intrusioni, noi e i nostri fornitori di servizi facciamo ogni sforzo per implementare e mantenere garanzie fisiche, elettroniche e procedurali per proteggere i tuoi dati personali in conformit\u00e0 con i requisiti di protezione dei dati applicabili. Tra gli altri, abbiamo implementato quanto segue:&nbsp;&nbsp;<\/p>\n\n\n\n<ul class=\"wp-block-list\"><li>Protezione dei sistemi informatici attraverso firewall per impedire l&#8217;accesso non autorizzato ai tuoi dati personali;&nbsp;<\/li><li>Monitoraggio continuo dell&#8217;accesso ai sistemi informatici per prevenire, rilevare e prevenire l&#8217;uso improprio dei tuoi dati personali.<\/li><\/ul>\n\n\n\n<p><strong>(+) Per quanto tempo conserviamo i tuoi dati personali?\u00a0<\/strong><\/p>\n\n\n\n<p>Conserviamo i tuoi dati solo per il periodo in cui lo scopo per il quale sono stati raccolti \u00e8 valido. Una volta raggiunto il periodo massimo di conservazione, i tuoi dati personali saranno irrevocabilmente resi anonimi (i dati anonimizzati possono essere memorizzati) o distrutti in modo sicuro.&nbsp;&nbsp;&nbsp;<\/p>\n\n\n\n<p>Per le finalit\u00e0 descritte nella presente Privacy Policy, i tuoi dati personali saranno conservati dalla raccolta del tuo consenso, o dall&#8217;ultimo contatto effettuato (a seconda di quale evento si verifichi per ultimo) e se, entro tale periodo, non hanno revocato il loro consenso.&nbsp;&nbsp;<\/p>\n\n\n\n<p>I tuoi dati personali sono archiviati sui server protetti dei nostri fornitori \/ fornitori di servizi, essendo accessibili e utilizzati esclusivamente in base alle nostre politiche e standard (o politiche e standard equivalenti dei nostri&nbsp;fornitori di servizi).&nbsp;<\/p>\n\n\n\n<p><strong>(+) Come modificare o rimuovere il tuo consenso?\u00a0<\/strong><\/p>\n\n\n\n<p>At aIn qualsiasi momento, \u00e8 possibile modificare o revocare il consenso. Una volta completata la rimozione delle tue dichiarazioni di consenso, non sarai pi\u00f9 contattato e non riceverai comunicazioni per le finalit\u00e0\u00a0descritte nella presente Informativa sulla privacy.\u00a0<\/p>\n\n\n\n<p><strong>(+) Quali sono i tuoi diritti alla protezione dei dati e\u00a0come puoi\u00a0presentare un reclamo all&#8217;autorit\u00e0 di controllo\u00a0<\/strong><\/p>\n\n\n\n<p>Se&nbsp;hai&nbsp;domande sul nostro utilizzo dei vostri dati personali, contatta il coordinatore del progetto tramite il modulo online disponibile qui&nbsp;<a href=\"https:\/\/empowering-teachers.eu\/contact-us\/\" target=\"_blank\" rel=\"noreferrer noopener\">https:\/\/empowering-teachers.eu\/contact-us\/<\/a>&nbsp;<\/p>\n\n\n\n<p>A determinate condizioni, potresti avere il diritto di richiederci di:&nbsp;&nbsp;<\/p>\n\n\n\n<ul class=\"wp-block-list\"><li>Fornirti ulteriori informazioni su come utilizziamo le tue informazioni personali;&nbsp;<\/li><li>Essere fornito con una copia dei dati personali forniti;&nbsp;<\/li><li>Ti vengono forniti i dati personali che hai fornito a un altro responsabile del trattamento su tua richiesta;&nbsp;<\/li><li>Qualsiasi inesattezza nei dati personali che conserviamo;&nbsp;<\/li><li>Dati personali cancellati il cui utilizzo non \u00e8 pi\u00f9 legittimo;&nbsp;<\/li><li>Limitiamo il modo in cui utilizziamo i tuoi dati personali fino a quando il reclamo non viene esaminato.&nbsp;&nbsp;<\/li><\/ul>\n\n\n\n<p>L&#8217;esercizio di tali diritti \u00e8 soggetto a determinate eccezioni volte a salvaguardare l&#8217;interesse pubblico (prevenzione o accertamento di reati) o il nostro interesse (mantenimento del segreto professionale).&nbsp;&nbsp;<\/p>\n\n\n\n<p>Se eserciti uno di questi diritti, li analizzeremo e risponderemo entro un (1) mese.&nbsp;&nbsp;<\/p>\n\n\n\n<p>Se non sei soddisfatto del nostro utilizzo dei tuoi dati personali o della nostra risposta dopo aver esercitato uno di questi diritti, in conformit\u00e0 con la legislazione in vigore, hai il diritto di presentare un reclamo all&#8217;autorit\u00e0 di controllo (<a rel=\"noreferrer noopener\" href=\"https:\/\/www.cnpd.pt\/\" target=\"_blank\">Comiss\u00e3o Nacional de Protec\u00e7\u00e3o de Dados \u2013 CNPD<\/a>).<\/p>\n\n\n\n<p><strong>(+) Link disponibili nel sito web e nella piattaforma di apprendimento<\/strong>\u00a0<\/p>\n\n\n\n<p>Il nostro sito web pu\u00f2 contenere collegamenti per consentire all&#8217;utente di visitare facilmente altri siti web di interesse. Tuttavia, una volta che hai utilizzato questi link per lasciare il nostro sito, dovresti notare che non abbiamo alcun controllo su quel sito web. Pertanto, i partner del consorzio del progetto LOOP non possono essere responsabili per la protezione e la privacy delle informazioni fornite durante la visita di tali siti, ed essi non sono regolati dalla presente informativa sulla privacy. \u00c8 necessario prestare attenzione e guardare l&#8217;informativa sulla privacy applicabile al sito web in questione.\u00a0<\/p>\n\n\n\n<p><strong>(+) Cookies<\/strong>&nbsp;<\/p>\n\n\n\n<p>Non utilizziamo i cookie per scopi di tracciamento.\u00a0<\/p>\n","protected":false},"excerpt":{"rendered":"<p>TRATTAMENTO E PROTEZIONE DEI DATI Comprendendo che l&#8217;uso dei tuoi dati personali richiede la tua fiducia, seguiamo le normative vigenti e le procedure appropriate nel trattamento e nella protezione dei dati. Utilizzeremo i tuoi dati personali solo per gli scopi che identifichiamo di seguito, seguendo il Regolamento generale sulla protezione dei dati (GDPR) e garantendo [&hellip;]<\/p>\n","protected":false},"author":1,"featured_media":0,"parent":0,"menu_order":0,"comment_status":"closed","ping_status":"closed","template":"","meta":{"footnotes":""},"class_list":["post-1446","page","type-page","status-publish","hentry"],"_links":{"self":[{"href":"https:\/\/empowering-teachers.eu\/it\/wp-json\/wp\/v2\/pages\/1446","targetHints":{"allow":["GET"]}}],"collection":[{"href":"https:\/\/empowering-teachers.eu\/it\/wp-json\/wp\/v2\/pages"}],"about":[{"href":"https:\/\/empowering-teachers.eu\/it\/wp-json\/wp\/v2\/types\/page"}],"author":[{"embeddable":true,"href":"https:\/\/empowering-teachers.eu\/it\/wp-json\/wp\/v2\/users\/1"}],"replies":[{"embeddable":true,"href":"https:\/\/empowering-teachers.eu\/it\/wp-json\/wp\/v2\/comments?post=1446"}],"version-history":[{"count":1,"href":"https:\/\/empowering-teachers.eu\/it\/wp-json\/wp\/v2\/pages\/1446\/revisions"}],"predecessor-version":[{"id":1852,"href":"https:\/\/empowering-teachers.eu\/it\/wp-json\/wp\/v2\/pages\/1446\/revisions\/1852"}],"wp:attachment":[{"href":"https:\/\/empowering-teachers.eu\/it\/wp-json\/wp\/v2\/media?parent=1446"}],"curies":[{"name":"wp","href":"https:\/\/api.w.org\/{rel}","templated":true}]}}