{"id":1160,"date":"2021-07-22T11:09:10","date_gmt":"2021-07-22T08:09:10","guid":{"rendered":"https:\/\/empowering-teachers.eu\/teachers-career\/"},"modified":"2024-05-28T11:07:21","modified_gmt":"2024-05-28T08:07:21","slug":"teachers-career","status":"publish","type":"page","link":"https:\/\/empowering-teachers.eu\/pt-pt\/teachers-career\/","title":{"rendered":"Teachers career"},"content":{"rendered":"<h1>PROFISS\u00c3O DOCENTE<\/h1>\n<div>\n<h2>PROGRAMAS DE INDU\u00c7\u00c3O PARA PROFESSORES <\/h2>\n<div>\n<p>PROGRAMAS DE INDU\u00c7\u00c3O PARA PROFESSORES<\/p>\n<p>Ser\u00e1 desenhado um programa formal de indu\u00e7\u00e3o de professores, baseado em atividades de mentoria, incluindo a disponibiliza\u00e7\u00e3o de ferramentas e recursos para apoio dos novos professores em in\u00edcio de atividade profissional.<\/p>\n<p>O programa ir\u00e1 permitir a adapta\u00e7\u00e3o dos participantes \u00e0 sua profiss\u00e3o e \u00e0 nova cultura de trabalho; compreendendo aspetos profissionais, tem\u00e1ticas jur\u00eddico\/administrativas e perspetivas socioculturais relacionadas com as normas\/processos da escola\/agrupamento de escolas onde os novos professores ser\u00e3o colocados.<\/p>\n<p>Consulte o programa de indu\u00e7\u00e3o de professores no seu pa\u00eds <a href=\"https:\/\/empowering-teachers.eu\/wp-content\/uploads\/2023\/04\/Programa_inducao_LOOP_pt.pdf\">aqui<\/a>.<\/p>\n<\/div>\n<p><a href=\"\/wp-content\/uploads\/2023\/07\/PT-01-LOOP-Bifold-Brochure.v2.pdf\">Brochura<\/a><\/p>\n<\/div>\n<div>\n<h2>PROGRAMA DE CAPACITA\u00c7\u00c3O DE MENTORES<\/h2>\n<div>\n<p>PROGRAMA DE CAPACITA\u00c7\u00c3O DE MENTORES<\/p>\n<p>O programa formal de capacita\u00e7\u00e3o de mentores ir\u00e1 proporcionar aos professores experientes e l\u00edderes escolares a oportunidade de assumir uma nova op\u00e7\u00e3o na sua atividade profissional.<\/p>\n<p>Os mentores ser\u00e3o capacitados para atuarem como facilitadores na implementa\u00e7\u00e3o de programas de indu\u00e7\u00e3o de professores.<\/p>\n<p>Este programa ir\u00e1 disponibilizar orienta\u00e7\u00f5es e recursos para mentores, numa nova perspetiva de desenvolvimento profissional.<\/p>\n<p>Consulte o programa de mentores no seu pa\u00eds <a href=\"https:\/\/empowering-teachers.eu\/wp-content\/uploads\/2023\/04\/Programa_capacitacao_mentores.pdf\">aqui<\/a>.<\/p>\n<\/div>\n<p><a href=\"https:\/\/empowering-teachers.eu\/wp-content\/uploads\/2024\/05\/PT_02-LOOP-Bifold-Brochure_MCP_FINAL.pdf\">Brochura<\/a><\/p>\n<\/div>\n<div>\n<h2>TESTEMUNHOS DOS PROFESSORES<\/h2>\n<\/div>\n<h1>\n<h4 style=\"text-align: center;\">\u00a0 \u00a0 \u00a0 \u00a0 \u00a0 \u00a0 \u00a0 \u00a0 \u00a0 \u00a0 \u00a0 \u00a0 \u00a0 \u00a0 \u00a0 \u00a0 \u00a0 \u00a0 \u00a0 \u00a0 \u00a0 \u00a0 SPAIN<\/h4>\n<\/h1>\n<p><iframe src=\"https:\/\/www.youtube.com\/watch?v=nYoncg-o0F4&#038;list=PL1N_BKzdVWnvBAFFhMiY5KkbbKESHXUoY&#038;index=1&#038;t=1s\"><\/iframe><\/p>\n<h1>\n<h4>\u00a0 \u00a0 \u00a0 \u00a0 \u00a0 \u00a0 \u00a0 \u00a0 \u00a0GREECE<\/h4>\n<\/h1>\n<p><iframe src=\"https:\/\/www.youtube.com\/watch?v=P9y0ghYLTuA&#038;list=PL1N_BKzdVWnvBAFFhMiY5KkbbKESHXUoY&#038;index=3\"><\/iframe><\/p>\n<h1>\n<h4 style=\"text-align: center;\">\u00a0 \u00a0 \u00a0 \u00a0 \u00a0 \u00a0 \u00a0 \u00a0 \u00a0 \u00a0 \u00a0 \u00a0 \u00a0 \u00a0 \u00a0 \u00a0 \u00a0 \u00a0 \u00a0 \u00a0 \u00a0 \u00a0SLOVENIA<\/h4>\n<\/h1>\n<p><iframe src=\"https:\/\/www.youtube.com\/watch?v=-nNTXL0Df2o&#038;list=PL1N_BKzdVWnvBAFFhMiY5KkbbKESHXUoY&#038;index=4\"><\/iframe><\/p>\n<h1>\n<h4><strong><\/strong>\u00a0 \u00a0 \u00a0 \u00a0 \u00a0 \u00a0 \u00a0 \u00a0PORTUGAL<strong><br \/><\/strong><\/h4>\n<\/h1>\n<p><iframe src=\"https:\/\/www.youtube.com\/watch?v=_eIDltY-Uyc&#038;list=PL1N_BKzdVWnvBAFFhMiY5KkbbKESHXUoY&#038;index=4\"><\/iframe><\/p>\n<h1>\n<h4>\u00a0 \u00a0 \u00a0 \u00a0 \u00a0 \u00a0 \u00a0 \u00a0 CROATIA<\/h4>\n<\/h1>\n<p><iframe src=\"https:\/\/www.youtube.com\/watch?v=5NdLm4JrJGA\"><\/iframe><\/p>\n<p><!--more--><br \/>\n<!-- {\"name\":\"Support\",\"type\":\"layout\",\"children\":[{\"name\":\"Support\",\"type\":\"section\",\"props\":{\"animation\":\"slide-bottom-medium\",\"animation_delay\":\"200\",\"css\":\".el-section > [class*='uk-background-'] { min-height: 50vh; }\",\"image\":\"wp-content\\\/uploads\\\/2021\\\/08\\\/teacher-teaching-at-school.jpg\",\"image_parallax_bgy\":\"0,500\",\"image_position\":\"top-right\",\"image_width\":\"1600\",\"padding\":\"xlarge\",\"padding_remove_bottom\":true,\"style\":\"default\",\"title_breakpoint\":\"xl\",\"title_position\":\"top-left\",\"title_rotation\":\"left\",\"vertical_align\":\"middle\",\"width\":\"default\"},\"children\":[{\"name\":\"\",\"type\":\"row\",\"props\":{\"margin\":\"xlarge\",\"match\":false,\"vertical_align\":false},\"children\":[{\"name\":\"\",\"type\":\"column\",\"props\":{\"image\":\"\",\"image_position\":\"center-center\",\"media_overlay_gradient\":\"\",\"position_sticky_breakpoint\":\"m\",\"width_medium\":\"1-1\"},\"children\":[]}]}]},{\"type\":\"section\",\"props\":{\"image_position\":\"center-center\",\"style\":\"default\",\"title_breakpoint\":\"xl\",\"title_position\":\"top-left\",\"title_rotation\":\"left\",\"vertical_align\":\"middle\",\"width\":\"default\"},\"children\":[{\"type\":\"row\",\"children\":[{\"type\":\"column\",\"props\":{\"image_position\":\"center-center\",\"media_overlay_gradient\":\"\",\"position_sticky_breakpoint\":\"m\"},\"children\":[{\"type\":\"headline\",\"props\":{\"content\":\"PROFISS\\u00c3O DOCENTE\",\"text_align\":\"center\",\"title_element\":\"h1\",\"title_style\":\"heading-medium\"}}]}]},{\"type\":\"row\",\"props\":{\"layout\":\"1-2,1-2\"},\"children\":[{\"type\":\"column\",\"props\":{\"image_position\":\"center-center\",\"media_overlay_gradient\":\"\",\"position_sticky_breakpoint\":\"m\",\"width_medium\":\"1-2\"},\"children\":[{\"name\":\"\",\"type\":\"panel\",\"props\":{\"animation\":\"fade\",\"content\":\"\n\n<p>PROGRAMAS DE INDU\\u00c7\\u00c3O PARA PROFESSORES<\\\/p>\\n\n\n<p>Ser\\u00e1 desenhado um programa formal de indu\\u00e7\\u00e3o de professores, baseado em atividades de mentoria, incluindo a disponibiliza\\u00e7\\u00e3o de ferramentas e recursos para apoio dos novos professores em in\\u00edcio de atividade profissional.<\\\/p>\\n\n\n<p>O programa ir\\u00e1 permitir a adapta\\u00e7\\u00e3o dos participantes \\u00e0 sua profiss\\u00e3o e \\u00e0 nova cultura de trabalho; compreendendo aspetos profissionais, tem\\u00e1ticas jur\\u00eddico\\\/administrativas e perspetivas socioculturais relacionadas com as normas\\\/processos da escola\\\/agrupamento de escolas onde os novos professores ser\\u00e3o colocados.<\\\/p>\\n\n\n<p>Consulte o programa de indu\\u00e7\\u00e3o de professores no seu pa\\u00eds <a href=\\\"https:\\\/\\\/empowering-teachers.eu\\\/wp-content\\\/uploads\\\/2023\\\/04\\\/Programa_inducao_LOOP_pt.pdf\\\">aqui<\\\/a>.<\\\/p>\",\"content_column_breakpoint\":\"m\",\"icon\":\"\",\"icon_color\":\"primary\",\"icon_width\":80,\"image\":\"\",\"image_align\":\"top\",\"image_grid_breakpoint\":\"m\",\"image_grid_width\":\"1-2\",\"image_svg_animate\":true,\"image_svg_color\":\"primary\",\"image_svg_inline\":true,\"link\":\"wp-content\\\/uploads\\\/2023\\\/07\\\/PT-01-LOOP-Bifold-Brochure.v2.pdf\",\"link_fullwidth\":true,\"link_size\":\"small\",\"link_style\":\"danger\",\"link_target\":true,\"link_text\":\"Brochura\",\"margin\":\"default\",\"meta\":\"\",\"meta_align\":\"below-title\",\"meta_element\":\"div\",\"meta_style\":\"text-meta\",\"panel_image_no_padding\":false,\"panel_padding\":\"large\",\"panel_style\":\"card-default\",\"text_align\":\"center\",\"title\":\"PROGRAMAS DE INDU\\u00c7\\u00c3O PARA PROFESSORES \",\"title_align\":\"top\",\"title_element\":\"h2\",\"title_grid_breakpoint\":\"m\",\"title_grid_width\":\"1-2\",\"title_hover_style\":\"reset\",\"title_style\":\"h3\"}}]},{\"type\":\"column\",\"props\":{\"image_position\":\"center-center\",\"media_overlay_gradient\":\"\",\"position_sticky_breakpoint\":\"m\",\"width_medium\":\"1-2\"},\"children\":[{\"name\":\"\",\"type\":\"panel\",\"props\":{\"content\":\"\n\n<p>PROGRAMA DE CAPACITA\\u00c7\\u00c3O DE MENTORES<\\\/p>\\n\n\n<p>O programa formal de capacita\\u00e7\\u00e3o de mentores ir\\u00e1 proporcionar aos professores experientes e l\\u00edderes escolares a oportunidade de assumir uma nova op\\u00e7\\u00e3o na sua atividade profissional.<\\\/p>\\n\n\n<p>Os mentores ser\\u00e3o capacitados para atuarem como facilitadores na implementa\\u00e7\\u00e3o de programas de indu\\u00e7\\u00e3o de professores.<\\\/p>\\n\n\n<p>Este programa ir\\u00e1 disponibilizar orienta\\u00e7\\u00f5es e recursos para mentores, numa nova perspetiva de desenvolvimento profissional.<\\\/p>\\n\n\n<p>Consulte o programa de mentores no seu pa\\u00eds <a href=\\\"https:\\\/\\\/empowering-teachers.eu\\\/wp-content\\\/uploads\\\/2023\\\/04\\\/Programa_capacitacao_mentores.pdf\\\">aqui<\\\/a>.<\\\/p>\",\"content_column_breakpoint\":\"m\",\"icon\":\"\",\"icon_color\":\"primary\",\"icon_width\":80,\"image\":\"\",\"image_align\":\"top\",\"image_grid_breakpoint\":\"m\",\"image_grid_width\":\"1-2\",\"image_svg_animate\":true,\"image_svg_color\":\"primary\",\"image_svg_inline\":true,\"link\":\"https:\\\/\\\/empowering-teachers.eu\\\/wp-content\\\/uploads\\\/2024\\\/05\\\/PT_02-LOOP-Bifold-Brochure_MCP_FINAL.pdf\",\"link_fullwidth\":true,\"link_size\":\"small\",\"link_style\":\"danger\",\"link_target\":true,\"link_text\":\"Brochura\",\"margin\":\"default\",\"meta\":\"\",\"meta_align\":\"below-title\",\"meta_element\":\"div\",\"meta_style\":\"text-meta\",\"panel_image_no_padding\":false,\"panel_padding\":\"large\",\"panel_style\":\"card-default\",\"text_align\":\"center\",\"title\":\"PROGRAMA DE CAPACITA\\u00c7\\u00c3O DE MENTORES\",\"title_align\":\"top\",\"title_element\":\"h2\",\"title_grid_breakpoint\":\"m\",\"title_grid_width\":\"1-2\",\"title_hover_style\":\"reset\",\"title_style\":\"h3\"}}]}]},{\"type\":\"row\",\"children\":[{\"type\":\"column\",\"props\":{\"image_position\":\"center-center\",\"media_overlay_gradient\":\"\",\"position_sticky_breakpoint\":\"m\"},\"children\":[{\"type\":\"panel\",\"props\":{\"content_column_breakpoint\":\"m\",\"icon_width\":80,\"image_align\":\"top\",\"image_grid_breakpoint\":\"m\",\"image_grid_width\":\"1-2\",\"image_svg_color\":\"emphasis\",\"link_style\":\"default\",\"link_text\":\"Read more\",\"margin\":\"default\",\"meta_align\":\"below-title\",\"meta_element\":\"div\",\"meta_style\":\"text-meta\",\"panel_padding\":\"large\",\"panel_style\":\"card-default\",\"text_align\":\"center\",\"title\":\"TESTEMUNHOS DOS PROFESSORES\",\"title_align\":\"top\",\"title_element\":\"h2\",\"title_grid_breakpoint\":\"m\",\"title_grid_width\":\"1-2\",\"title_hover_style\":\"reset\"}}]}]}]},{\"type\":\"section\",\"props\":{\"image_position\":\"center-center\",\"style\":\"default\",\"title_breakpoint\":\"xl\",\"title_position\":\"top-left\",\"title_rotation\":\"left\",\"vertical_align\":\"middle\",\"width\":\"default\"},\"children\":[{\"type\":\"row\",\"props\":{\"layout\":\"1-2,1-2\"},\"children\":[{\"type\":\"column\",\"props\":{\"image_position\":\"center-center\",\"media_overlay_gradient\":\"\",\"position_sticky_breakpoint\":\"m\",\"width_medium\":\"1-2\"},\"children\":[{\"type\":\"headline\",\"props\":{\"content\":\"\n\n<h4 style=\\\"text-align: center;\\\">\\u00a0 \\u00a0 \\u00a0 \\u00a0 \\u00a0 \\u00a0 \\u00a0 \\u00a0 \\u00a0 \\u00a0 \\u00a0 \\u00a0 \\u00a0 \\u00a0 \\u00a0 \\u00a0 \\u00a0 \\u00a0 \\u00a0 \\u00a0 \\u00a0 \\u00a0 SPAIN<\\\/h4>\",\"title_element\":\"h1\"}},{\"type\":\"video\",\"props\":{\"margin\":\"default\",\"text_align\":\"right\",\"video\":\"https:\\\/\\\/www.youtube.com\\\/watch?v=nYoncg-o0F4&list=PL1N_BKzdVWnvBAFFhMiY5KkbbKESHXUoY&index=1&t=1s\",\"video_controls\":true}}]},{\"type\":\"column\",\"props\":{\"image_position\":\"center-center\",\"media_overlay_gradient\":\"\",\"position_sticky_breakpoint\":\"m\",\"width_medium\":\"1-2\"},\"children\":[{\"type\":\"headline\",\"props\":{\"content\":\"\n\n<h4>\\u00a0 \\u00a0 \\u00a0 \\u00a0 \\u00a0 \\u00a0 \\u00a0 \\u00a0 \\u00a0GREECE<\\\/h4>\",\"title_element\":\"h1\"}},{\"type\":\"video\",\"props\":{\"margin\":\"default\",\"video\":\"https:\\\/\\\/www.youtube.com\\\/watch?v=P9y0ghYLTuA&list=PL1N_BKzdVWnvBAFFhMiY5KkbbKESHXUoY&index=3\",\"video_controls\":true}}]}]},{\"type\":\"row\",\"props\":{\"layout\":\"1-2,1-2\"},\"children\":[{\"type\":\"column\",\"props\":{\"image_position\":\"center-center\",\"media_overlay_gradient\":\"\",\"position_sticky_breakpoint\":\"m\",\"width_medium\":\"1-2\"},\"children\":[{\"type\":\"headline\",\"props\":{\"content\":\"\n\n<h4 style=\\\"text-align: center;\\\">\\u00a0 \\u00a0 \\u00a0 \\u00a0 \\u00a0 \\u00a0 \\u00a0 \\u00a0 \\u00a0 \\u00a0 \\u00a0 \\u00a0 \\u00a0 \\u00a0 \\u00a0 \\u00a0 \\u00a0 \\u00a0 \\u00a0 \\u00a0 \\u00a0 \\u00a0SLOVENIA<\\\/h4>\",\"title_element\":\"h1\"}},{\"type\":\"video\",\"props\":{\"margin\":\"default\",\"text_align\":\"right\",\"video\":\"https:\\\/\\\/www.youtube.com\\\/watch?v=-nNTXL0Df2o&list=PL1N_BKzdVWnvBAFFhMiY5KkbbKESHXUoY&index=4\",\"video_controls\":true}}]},{\"type\":\"column\",\"props\":{\"image_position\":\"center-center\",\"media_overlay_gradient\":\"\",\"position_sticky_breakpoint\":\"m\",\"width_medium\":\"1-2\"},\"children\":[{\"type\":\"headline\",\"props\":{\"content\":\"\n\n<h4><strong><\\\/strong>\\u00a0 \\u00a0 \\u00a0 \\u00a0 \\u00a0 \\u00a0 \\u00a0 \\u00a0PORTUGAL<strong><br \\\/><\\\/strong><\\\/h4>\",\"title_element\":\"h1\"}},{\"type\":\"video\",\"props\":{\"margin\":\"default\",\"video\":\"https:\\\/\\\/www.youtube.com\\\/watch?v=_eIDltY-Uyc&list=PL1N_BKzdVWnvBAFFhMiY5KkbbKESHXUoY&index=4\",\"video_controls\":true}}]}]},{\"type\":\"row\",\"props\":{\"layout\":\"1-3,1-3,1-3\"},\"children\":[{\"type\":\"column\",\"props\":{\"image_position\":\"center-center\",\"media_overlay_gradient\":\"\",\"position_sticky_breakpoint\":\"m\",\"width_medium\":\"1-3\"},\"children\":[]},{\"type\":\"column\",\"props\":{\"image_position\":\"center-center\",\"media_overlay_gradient\":\"\",\"position_sticky_breakpoint\":\"m\",\"width_medium\":\"1-3\"},\"children\":[{\"type\":\"headline\",\"props\":{\"content\":\"\n\n<h4>\\u00a0 \\u00a0 \\u00a0 \\u00a0 \\u00a0 \\u00a0 \\u00a0 \\u00a0 CROATIA<\\\/h4>\",\"title_element\":\"h1\"}},{\"type\":\"video\",\"props\":{\"margin\":\"default\",\"video\":\"https:\\\/\\\/www.youtube.com\\\/watch?v=5NdLm4JrJGA\",\"video_controls\":true}}]},{\"type\":\"column\",\"props\":{\"image_position\":\"center-center\",\"media_overlay_gradient\":\"\",\"position_sticky_breakpoint\":\"m\",\"width_medium\":\"1-3\"},\"children\":[]}]}]},{\"type\":\"section\",\"props\":{\"image_position\":\"center-center\",\"style\":\"primary\",\"title_breakpoint\":\"xl\",\"title_position\":\"top-left\",\"title_rotation\":\"left\",\"vertical_align\":\"middle\",\"width\":\"default\"},\"children\":[{\"type\":\"row\",\"props\":{\"layout\":\"1-4,1-4,1-4,1-4|1-2,1-2,1-2,1-2\"},\"children\":[{\"type\":\"column\",\"props\":{\"image_position\":\"center-center\",\"media_overlay_gradient\":\"\",\"position_sticky_breakpoint\":\"m\",\"width_medium\":\"1-4\",\"width_small\":\"1-2\"},\"children\":[{\"type\":\"module_position\",\"props\":{\"breakpoint\":\"m\",\"content\":\"builder-1\",\"layout\":\"stack\"}}]},{\"type\":\"column\",\"props\":{\"image_position\":\"center-center\",\"media_overlay_gradient\":\"\",\"position_sticky_breakpoint\":\"m\",\"width_medium\":\"1-4\",\"width_small\":\"1-2\"},\"children\":[{\"type\":\"module_position\",\"props\":{\"breakpoint\":\"m\",\"content\":\"builder-2\",\"layout\":\"stack\"}}]},{\"type\":\"column\",\"props\":{\"image_position\":\"center-center\",\"media_overlay_gradient\":\"\",\"position_sticky_breakpoint\":\"m\",\"width_medium\":\"1-4\",\"width_small\":\"1-2\"},\"children\":[{\"type\":\"module_position\",\"props\":{\"breakpoint\":\"m\",\"content\":\"builder-3\",\"layout\":\"stack\"}}]},{\"type\":\"column\",\"props\":{\"image_position\":\"center-center\",\"media_overlay_gradient\":\"\",\"position_sticky_breakpoint\":\"m\",\"width_medium\":\"1-4\",\"width_small\":\"1-2\"},\"children\":[{\"type\":\"module_position\",\"props\":{\"breakpoint\":\"m\",\"content\":\"builder-4\",\"layout\":\"stack\"}}]}]}],\"modified\":\"2021-12-13T07:29:39.129Z\",\"name\":\"Footer PT\"}],\"version\":\"3.0.25\"} --><\/p>\n","protected":false},"excerpt":{"rendered":"<p>PROFISS\u00c3O DOCENTE PROGRAMAS DE INDU\u00c7\u00c3O PARA PROFESSORES PROGRAMAS DE INDU\u00c7\u00c3O PARA PROFESSORES Ser\u00e1 desenhado um programa formal de indu\u00e7\u00e3o de professores, baseado em atividades de mentoria, incluindo a disponibiliza\u00e7\u00e3o de ferramentas e recursos para apoio dos novos professores em in\u00edcio de atividade profissional. O programa ir\u00e1 permitir a adapta\u00e7\u00e3o dos participantes \u00e0 sua profiss\u00e3o e [&hellip;]<\/p>\n","protected":false},"author":1,"featured_media":0,"parent":0,"menu_order":0,"comment_status":"closed","ping_status":"closed","template":"","meta":{"footnotes":""},"class_list":["post-1160","page","type-page","status-publish","hentry"],"_links":{"self":[{"href":"https:\/\/empowering-teachers.eu\/pt-pt\/wp-json\/wp\/v2\/pages\/1160","targetHints":{"allow":["GET"]}}],"collection":[{"href":"https:\/\/empowering-teachers.eu\/pt-pt\/wp-json\/wp\/v2\/pages"}],"about":[{"href":"https:\/\/empowering-teachers.eu\/pt-pt\/wp-json\/wp\/v2\/types\/page"}],"author":[{"embeddable":true,"href":"https:\/\/empowering-teachers.eu\/pt-pt\/wp-json\/wp\/v2\/users\/1"}],"replies":[{"embeddable":true,"href":"https:\/\/empowering-teachers.eu\/pt-pt\/wp-json\/wp\/v2\/comments?post=1160"}],"version-history":[{"count":18,"href":"https:\/\/empowering-teachers.eu\/pt-pt\/wp-json\/wp\/v2\/pages\/1160\/revisions"}],"predecessor-version":[{"id":12075,"href":"https:\/\/empowering-teachers.eu\/pt-pt\/wp-json\/wp\/v2\/pages\/1160\/revisions\/12075"}],"wp:attachment":[{"href":"https:\/\/empowering-teachers.eu\/pt-pt\/wp-json\/wp\/v2\/media?parent=1160"}],"curies":[{"name":"wp","href":"https:\/\/api.w.org\/{rel}","templated":true}]}}