{"id":1167,"date":"2021-07-12T15:23:43","date_gmt":"2021-07-12T12:23:43","guid":{"rendered":"https:\/\/empowering-teachers.eu\/home\/"},"modified":"2022-02-03T17:04:11","modified_gmt":"2022-02-03T15:04:11","slug":"home","status":"publish","type":"page","link":"https:\/\/empowering-teachers.eu\/pt-pt\/","title":{"rendered":"What is Loop about"},"content":{"rendered":"<h1>CAPACITAR PROFESSORES<\/h1>\n<h1>O LOOP \u00c9 UM PROJETO QUE PRETENDE CAPACITAR OS PROFESSORES NO SEU DESENVOLVIMENTO CONT\u00cdNUO A N\u00cdVEL PESSOAL, PROFISSIONAL E SOCIAL, ATRAV\u00c9S DE PROGRAMAS INOVADORES DE INDU\u00c7\u00c3O.<\/h1>\n<h2>O QUE \u00c9 O LOOP?<\/h2>\n<div>\n<p>O LOOP visa o desenvolvimento profissional e pessoal dos professores, atrav\u00e9s de programas de indu\u00e7\u00e3o inovadores.<\/p>\n<p>O LOOP \u00e9 um projeto de experimenta\u00e7\u00e3o que pretende contribuir para a mudan\u00e7a no \u00e2mbito das pol\u00edticas educativas, abrangendo diferentes fases da profiss\u00e3o docente, nomeadamente:<\/p>\n<\/div>\n<p>[arrow-right]<\/p>\n<div>\n<p>Estruturando um programa de indu\u00e7\u00e3o de aprendizagem entre pares, assente em mentoria, para apoio de docentes em in\u00edcio de atividade profissional e para adapta\u00e7\u00e3o a uma nova cultura de trabalho<\/p>\n<p><a href=\"https:\/\/empowering-teachers.eu\/pt-pt\/teachers-career\/\">Ler mais<\/a><\/p>\n<\/div>\n<p>[arrow-right]<\/p>\n<div>\n<p>Criando um programa de mentores (professores experientes) que potencie o desenvolvimento de compet\u00eancias visando a implementa\u00e7\u00e3o de programas de indu\u00e7\u00e3o para professores em in\u00edcio de atividade profissional<\/p>\n<p><a href=\"https:\/\/empowering-teachers.eu\/pt-pt\/teachers-career\/\">Ler mais<\/a><\/p>\n<\/div>\n<p>[arrow-right]<\/p>\n<div>\n<p>Testando e validando programas de indu\u00e7\u00e3o e de mentoria em escolas da rede LOOP<\/p>\n<p><a href=\"https:\/\/empowering-teachers.eu\/pt-pt\/loop-network\/\">Ler mais<\/a><\/p>\n<\/div>\n<p>[arrow-right]<\/p>\n<div>\n<p>Preparando recomenda\u00e7\u00f5es que promovam a integra\u00e7\u00e3o de programas de indu\u00e7\u00e3o e de mentoria nas pol\u00edticas nacionais para o desenvolvimento profissional e pessoal de professores<\/p>\n<p><a href=\"https:\/\/empowering-teachers.eu\/pt-pt\/policy-experimentation\/\">Ler mais<\/a><\/p>\n<\/div>\n<h2>COMO PODER\u00c1 BENEFICIAR DO LOOP?<\/h2>\n<p><img decoding=\"async\" src=\"\/wp-content\/uploads\/2021\/07\/home-banner-1.jpg\" alt=\"\"><\/p>\n<div>\n<p><strong>\u00c9 PROFESSOR EM IN\u00cdCIO DE ATIVIDADE PROFISSIONAL? <\/strong><\/p>\n<p>(at\u00e9 5 anos de experi\u00eancia e at\u00e9 35 anos de idade)<\/p>\n<\/div>\n<div>\n<p>Ter\u00e1 acesso a um programa de indu\u00e7\u00e3o e refor\u00e7ar\u00e1 as suas compet\u00eancias profissionais, com o apoio de professores experientes (mentores).<\/p>\n<\/div>\n<p><img decoding=\"async\" src=\"\/wp-content\/uploads\/2021\/07\/home-banner-2.jpg\" alt=\"\"><\/p>\n<div>\n<p><strong>\u00c9 UM PROFESSOR EXPERIENTE? <\/strong><\/p>\n<p>(com mais de 20 anos de experi\u00eancia e mais de 45 anos de idade)<\/p>\n<\/div>\n<div>\n<p>Ter\u00e1 a oportunidade de promover as suas compet\u00eancias de mentoria e tornar-se mentor de novos professores, diversificando o seu percurso profissional.<\/p>\n<\/div>\n<p><img decoding=\"async\" src=\"\/wp-content\/uploads\/home-courses-06.jpg\" alt=\"\"><\/p>\n<div>\n<p><strong>\u00c9 UM DIRETOR\/GESTOR ESCOLAR? <\/strong><\/p>\n<\/div>\n<div>\n<p>A sua escola pode integrar a rede LOOP e beneficiar dos programas de indu\u00e7\u00e3o e mentoria, aumentando a motiva\u00e7\u00e3o dos seus professores.<\/p>\n<p><a href=\"https:\/\/empowering-teachers.eu\/pt-pt\/loop-network\/\">Saber mais<\/a><\/p>\n<\/div>\n<p><img decoding=\"async\" src=\"\/wp-content\/uploads\/home-courses-14.jpg\" alt=\"\"><\/p>\n<div>\n<p><strong>\u00c9 UM DECISOR POL\u00cdTICO? <\/strong><\/p>\n<\/div>\n<div>\n<p>Ter\u00e1 acesso a modelos, programas e orienta\u00e7\u00f5es pol\u00edticas que permitir\u00e3o (re)configurar a profiss\u00e3o docente e inovar as pr\u00e1ticas de desenvolvimento profissional docente.<\/p>\n<p><a href=\"https:\/\/empowering-teachers.eu\/pt-pt\/policy-experimentation\/\">Saber mais<\/a><\/p>\n<\/div>\n<p><!--more--><br \/>\n<!-- {\"name\":\"Home\",\"type\":\"layout\",\"children\":[{\"name\":\"Hero\",\"type\":\"section\",\"props\":{\"style\":\"default\",\"width\":\"large\",\"vertical_align\":\"middle\",\"title_position\":\"top-left\",\"title_rotation\":\"left\",\"title_breakpoint\":\"xl\",\"image_position\":\"center-center\",\"padding\":\"none\",\"image\":\"wp-content\\\/uploads\\\/2021\\\/07\\\/home-banner.jpg\",\"text_color\":\"light\",\"image_size\":\"cover\",\"image_width\":\"1600\",\"padding_remove_bottom\":false,\"css\":\".el-section > [class*='uk-background-'] { min-height: 60vh; }\",\"media_overlay\":\"rgba(8, 8, 8, 0.56)\"},\"children\":[{\"name\":\"\",\"type\":\"row\",\"children\":[{\"name\":\"\",\"type\":\"column\",\"props\":{\"image_position\":\"center-center\",\"width_medium\":\"1-1\",\"media_overlay_gradient\":\"\"},\"children\":[{\"type\":\"divider\",\"props\":{\"divider_element\":\"div\"}},{\"type\":\"headline\",\"props\":{\"title_element\":\"h1\",\"content\":\"CAPACITAR PROFESSORES\",\"title_style\":\"heading-medium\",\"text_align\":\"center\",\"margin\":\"xlarge\",\"position_top\":\"40%\"}},{\"type\":\"headline\",\"props\":{\"title_element\":\"h1\",\"content\":\"O LOOP \\u00c9 UM PROJETO QUE PRETENDE CAPACITAR OS PROFESSORES NO SEU DESENVOLVIMENTO CONT\\u00cdNUO A N\\u00cdVEL PESSOAL, PROFISSIONAL E SOCIAL, ATRAV\\u00c9S DE PROGRAMAS INOVADORES DE INDU\\u00c7\\u00c3O.\",\"text_align\":\"center\",\"position_top\":\"60%\"}}]}]}]},{\"name\":\"Products\",\"type\":\"section\",\"props\":{\"style\":\"default\",\"width\":\"default\",\"vertical_align\":\"middle\",\"title_position\":\"top-left\",\"title_rotation\":\"left\",\"title_breakpoint\":\"xl\",\"image_position\":\"bottom-right\",\"image\":\"\",\"image_effect\":\"parallax\",\"image_parallax_bgy_start\":\"300\",\"image_parallax_bgy_end\":\"450\",\"image_width\":\"700\",\"padding_remove_top\":false},\"children\":[{\"name\":\"\",\"type\":\"row\",\"props\":{\"width\":\"large\",\"margin_remove_bottom\":true,\"margin_remove_top\":false},\"children\":[{\"name\":\"\",\"type\":\"column\",\"props\":{\"image_position\":\"center-center\",\"width_medium\":\"1-1\",\"media_overlay_gradient\":\"\"},\"children\":[{\"name\":\"\",\"type\":\"headline\",\"props\":{\"title_element\":\"h2\",\"title_style\":\"heading-small\",\"text_align\":\"center\",\"maxwidth\":\"xlarge\",\"margin\":\"medium\",\"content\":\"O QUE \\u00c9 O LOOP?\",\"block_align\":\"center\"}}]}]},{\"type\":\"row\",\"children\":[{\"type\":\"column\",\"props\":{\"image_position\":\"center-center\",\"media_overlay_gradient\":\"\"},\"children\":[{\"type\":\"text\",\"props\":{\"margin\":\"default\",\"column_breakpoint\":\"m\",\"content\":\"\n\n<p>O LOOP visa o desenvolvimento profissional e pessoal dos professores, atrav\\u00e9s de programas de indu\\u00e7\\u00e3o inovadores.<\\\/p>\\n\n\n<p>O LOOP \\u00e9 um projeto de experimenta\\u00e7\\u00e3o que pretende contribuir para a mudan\\u00e7a no \\u00e2mbito das pol\\u00edticas educativas, abrangendo diferentes fases da profiss\\u00e3o docente, nomeadamente:<\\\/p>\"}}]}]},{\"name\":\"\",\"type\":\"row\",\"children\":[{\"name\":\"\",\"type\":\"column\",\"props\":{\"image_position\":\"center-center\",\"width_medium\":\"1-4\",\"media_overlay_gradient\":\"\",\"width_small\":\"1-2\"},\"children\":[{\"type\":\"icon\",\"props\":{\"icon_width\":60,\"margin\":\"default\",\"icon\":\"arrow-right\"}},{\"type\":\"text\",\"props\":{\"margin\":\"default\",\"column_breakpoint\":\"m\",\"content\":\"\n\n<p>Estruturando um programa de indu\\u00e7\\u00e3o de aprendizagem entre pares, assente em mentoria, para apoio de docentes em in\\u00edcio de atividade profissional e para adapta\\u00e7\\u00e3o a uma nova cultura de trabalho<\\\/p>\\n\n\n<p><a href=\\\"https:\\\/\\\/empowering-teachers.eu\\\/pt-pt\\\/teachers-career\\\/\\\">Ler mais<\\\/a><\\\/p>\"}}]},{\"type\":\"column\",\"props\":{\"image_position\":\"center-center\",\"media_overlay_gradient\":\"\",\"width_medium\":\"1-4\",\"width_small\":\"1-2\"},\"children\":[{\"type\":\"icon\",\"props\":{\"icon_width\":60,\"margin\":\"default\",\"icon\":\"arrow-right\"}},{\"type\":\"text\",\"props\":{\"margin\":\"default\",\"column_breakpoint\":\"m\",\"content\":\"\n\n<p>Criando um programa de mentores (professores experientes) que potencie o desenvolvimento de compet\\u00eancias visando a implementa\\u00e7\\u00e3o de programas de indu\\u00e7\\u00e3o para professores em in\\u00edcio de atividade profissional<\\\/p>\\n\n\n<p><a href=\\\"https:\\\/\\\/empowering-teachers.eu\\\/pt-pt\\\/teachers-career\\\/\\\">Ler mais<\\\/a><\\\/p>\"}}]},{\"type\":\"column\",\"props\":{\"image_position\":\"center-center\",\"media_overlay_gradient\":\"\",\"width_medium\":\"1-4\",\"width_small\":\"1-2\"},\"children\":[{\"type\":\"icon\",\"props\":{\"icon_width\":60,\"margin\":\"default\",\"icon\":\"arrow-right\"}},{\"type\":\"text\",\"props\":{\"margin\":\"default\",\"column_breakpoint\":\"m\",\"content\":\"\n\n<p>Testando e validando programas de indu\\u00e7\\u00e3o e de mentoria em escolas da rede LOOP<\\\/p>\\n\n\n<p><a href=\\\"https:\\\/\\\/empowering-teachers.eu\\\/pt-pt\\\/loop-network\\\/\\\">Ler mais<\\\/a><\\\/p>\"}}]},{\"type\":\"column\",\"props\":{\"image_position\":\"center-center\",\"media_overlay_gradient\":\"\",\"width_medium\":\"1-4\",\"width_small\":\"1-2\"},\"children\":[{\"type\":\"icon\",\"props\":{\"icon_width\":60,\"margin\":\"default\",\"icon\":\"arrow-right\"}},{\"type\":\"text\",\"props\":{\"margin\":\"default\",\"column_breakpoint\":\"m\",\"content\":\"\n\n<p>Preparando recomenda\\u00e7\\u00f5es que promovam a integra\\u00e7\\u00e3o de programas de indu\\u00e7\\u00e3o e de mentoria nas pol\\u00edticas nacionais para o desenvolvimento profissional e pessoal de professores<\\\/p>\\n\n\n<p><a href=\\\"https:\\\/\\\/empowering-teachers.eu\\\/pt-pt\\\/policy-experimentation\\\/\\\">Ler mais<\\\/a><\\\/p>\"}}]}],\"props\":{\"layout\":\"1-4,1-4,1-4,1-4|1-2,1-2,1-2,1-2\"}}]},{\"type\":\"section\",\"props\":{\"style\":\"default\",\"width\":\"default\",\"vertical_align\":\"middle\",\"title_position\":\"top-left\",\"title_rotation\":\"left\",\"title_breakpoint\":\"xl\",\"image_position\":\"center-center\"},\"children\":[{\"type\":\"row\",\"children\":[{\"type\":\"column\",\"props\":{\"image_position\":\"center-center\",\"media_overlay_gradient\":\"\"},\"children\":[{\"name\":\"\",\"type\":\"headline\",\"props\":{\"title_element\":\"h2\",\"title_style\":\"heading-small\",\"text_align\":\"center\",\"maxwidth\":\"xlarge\",\"margin\":\"medium\",\"content\":\"COMO PODER\\u00c1 BENEFICIAR DO LOOP?\",\"block_align\":\"center\"}}]}]},{\"type\":\"row\",\"props\":{\"layout\":\"1-4,1-4,1-4,1-4|1-2,1-2,1-2,1-2\"},\"children\":[{\"type\":\"column\",\"props\":{\"image_position\":\"center-center\",\"media_overlay_gradient\":\"\",\"width_medium\":\"1-4\",\"width_small\":\"1-2\"},\"children\":[{\"type\":\"image\",\"props\":{\"margin\":\"default\",\"image_svg_color\":\"emphasis\",\"image\":\"wp-content\\\/uploads\\\/2021\\\/07\\\/home-banner-1.jpg\"}},{\"type\":\"text\",\"props\":{\"margin\":\"default\",\"column_breakpoint\":\"m\",\"content\":\"\n\n<p><strong>\\u00c9 PROFESSOR EM IN\\u00cdCIO DE ATIVIDADE PROFISSIONAL? <\\\/strong><\\\/p>\\n\n\n<p>(at\\u00e9 5 anos de experi\\u00eancia e at\\u00e9 35 anos de idade)<\\\/p>\"}},{\"type\":\"text\",\"props\":{\"margin\":\"default\",\"column_breakpoint\":\"m\",\"content\":\"\n\n<p>Ter\\u00e1 acesso a um programa de indu\\u00e7\\u00e3o e refor\\u00e7ar\\u00e1 as suas compet\\u00eancias profissionais, com o apoio de professores experientes (mentores).<\\\/p>\"}}]},{\"type\":\"column\",\"props\":{\"image_position\":\"center-center\",\"media_overlay_gradient\":\"\",\"width_medium\":\"1-4\",\"width_small\":\"1-2\"},\"children\":[{\"type\":\"image\",\"props\":{\"margin\":\"default\",\"image_svg_color\":\"emphasis\",\"image\":\"wp-content\\\/uploads\\\/2021\\\/07\\\/home-banner-2.jpg\"}},{\"type\":\"text\",\"props\":{\"margin\":\"default\",\"column_breakpoint\":\"m\",\"content\":\"\n\n<p><strong>\\u00c9 UM PROFESSOR EXPERIENTE? <\\\/strong><\\\/p>\\n\n\n<p>(com mais de 20 anos de experi\\u00eancia e mais de 45 anos de idade)<\\\/p>\"}},{\"type\":\"text\",\"props\":{\"margin\":\"default\",\"column_breakpoint\":\"m\",\"content\":\"\n\n<p>Ter\\u00e1 a oportunidade de promover as suas compet\\u00eancias de mentoria e tornar-se mentor de novos professores, diversificando o seu percurso profissional.<\\\/p>\"}}]},{\"type\":\"column\",\"props\":{\"image_position\":\"center-center\",\"media_overlay_gradient\":\"\",\"width_medium\":\"1-4\",\"width_small\":\"1-2\"},\"children\":[{\"type\":\"image\",\"props\":{\"margin\":\"default\",\"image_svg_color\":\"emphasis\",\"image\":\"wp-content\\\/uploads\\\/home-courses-06.jpg\"}},{\"type\":\"text\",\"props\":{\"margin\":\"default\",\"column_breakpoint\":\"m\",\"content\":\"\n\n<p><strong>\\u00c9 UM DIRETOR\\\/GESTOR ESCOLAR? <\\\/strong><\\\/p>\"}},{\"type\":\"text\",\"props\":{\"margin\":\"default\",\"column_breakpoint\":\"m\",\"content\":\"\n\n<p>A sua escola pode integrar a rede LOOP e beneficiar dos programas de indu\\u00e7\\u00e3o e mentoria, aumentando a motiva\\u00e7\\u00e3o dos seus professores.<\\\/p>\\n\n\n<p><a href=\\\"https:\\\/\\\/empowering-teachers.eu\\\/pt-pt\\\/loop-network\\\/\\\">Saber mais<\\\/a><\\\/p>\"}}]},{\"type\":\"column\",\"props\":{\"image_position\":\"center-center\",\"media_overlay_gradient\":\"\",\"width_medium\":\"1-4\",\"width_small\":\"1-2\"},\"children\":[{\"type\":\"image\",\"props\":{\"margin\":\"default\",\"image_svg_color\":\"emphasis\",\"image\":\"wp-content\\\/uploads\\\/home-courses-14.jpg\"}},{\"type\":\"text\",\"props\":{\"margin\":\"default\",\"column_breakpoint\":\"m\",\"content\":\"\n\n<p><strong>\\u00c9 UM DECISOR POL\\u00cdTICO? <\\\/strong><\\\/p>\"}},{\"type\":\"text\",\"props\":{\"margin\":\"default\",\"column_breakpoint\":\"m\",\"content\":\"\n\n<p>Ter\\u00e1 acesso a modelos, programas e orienta\\u00e7\\u00f5es pol\\u00edticas que permitir\\u00e3o (re)configurar a profiss\\u00e3o docente e inovar as pr\\u00e1ticas de desenvolvimento profissional docente.<\\\/p>\\n\n\n<p><a href=\\\"https:\\\/\\\/empowering-teachers.eu\\\/pt-pt\\\/policy-experimentation\\\/\\\">Saber mais<\\\/a><\\\/p>\"}}]}]}]},{\"type\":\"section\",\"props\":{\"style\":\"primary\",\"width\":\"default\",\"vertical_align\":\"middle\",\"title_position\":\"top-left\",\"title_rotation\":\"left\",\"title_breakpoint\":\"xl\",\"image_position\":\"center-center\"},\"children\":[{\"type\":\"row\",\"props\":{\"layout\":\"1-4,1-4,1-4,1-4|1-2,1-2,1-2,1-2\"},\"children\":[{\"type\":\"column\",\"props\":{\"image_position\":\"center-center\",\"media_overlay_gradient\":\"\",\"width_medium\":\"1-4\",\"width_small\":\"1-2\"},\"children\":[{\"type\":\"module_position\",\"props\":{\"layout\":\"stack\",\"breakpoint\":\"m\",\"content\":\"builder-1\"}}]},{\"type\":\"column\",\"props\":{\"image_position\":\"center-center\",\"media_overlay_gradient\":\"\",\"width_medium\":\"1-4\",\"width_small\":\"1-2\"},\"children\":[{\"type\":\"module_position\",\"props\":{\"layout\":\"stack\",\"breakpoint\":\"m\",\"content\":\"builder-2\"}}]},{\"type\":\"column\",\"props\":{\"image_position\":\"center-center\",\"media_overlay_gradient\":\"\",\"width_medium\":\"1-4\",\"width_small\":\"1-2\"},\"children\":[{\"type\":\"module_position\",\"props\":{\"layout\":\"stack\",\"breakpoint\":\"m\",\"content\":\"builder-3\"}}]},{\"type\":\"column\",\"props\":{\"image_position\":\"center-center\",\"media_overlay_gradient\":\"\",\"width_medium\":\"1-4\",\"width_small\":\"1-2\"},\"children\":[{\"type\":\"module_position\",\"props\":{\"layout\":\"stack\",\"breakpoint\":\"m\",\"content\":\"builder-4\"}}]}]}],\"modified\":\"2021-12-13T07:18:28.297Z\",\"name\":\"Footer PT\"}],\"version\":\"2.5.10\"} --><\/p>\n","protected":false},"excerpt":{"rendered":"<p>CAPACITAR PROFESSORES O LOOP \u00c9 UM PROJETO QUE PRETENDE CAPACITAR OS PROFESSORES NO SEU DESENVOLVIMENTO CONT\u00cdNUO A N\u00cdVEL PESSOAL, PROFISSIONAL E SOCIAL, ATRAV\u00c9S DE PROGRAMAS INOVADORES DE INDU\u00c7\u00c3O. O QUE \u00c9 O LOOP? O LOOP visa o desenvolvimento profissional e pessoal dos professores, atrav\u00e9s de programas de indu\u00e7\u00e3o inovadores. O LOOP \u00e9 um projeto de [&hellip;]<\/p>\n","protected":false},"author":1,"featured_media":0,"parent":0,"menu_order":0,"comment_status":"closed","ping_status":"closed","template":"","meta":{"footnotes":""},"class_list":["post-1167","page","type-page","status-publish","hentry"],"_links":{"self":[{"href":"https:\/\/empowering-teachers.eu\/pt-pt\/wp-json\/wp\/v2\/pages\/1167","targetHints":{"allow":["GET"]}}],"collection":[{"href":"https:\/\/empowering-teachers.eu\/pt-pt\/wp-json\/wp\/v2\/pages"}],"about":[{"href":"https:\/\/empowering-teachers.eu\/pt-pt\/wp-json\/wp\/v2\/types\/page"}],"author":[{"embeddable":true,"href":"https:\/\/empowering-teachers.eu\/pt-pt\/wp-json\/wp\/v2\/users\/1"}],"replies":[{"embeddable":true,"href":"https:\/\/empowering-teachers.eu\/pt-pt\/wp-json\/wp\/v2\/comments?post=1167"}],"version-history":[{"count":11,"href":"https:\/\/empowering-teachers.eu\/pt-pt\/wp-json\/wp\/v2\/pages\/1167\/revisions"}],"predecessor-version":[{"id":2257,"href":"https:\/\/empowering-teachers.eu\/pt-pt\/wp-json\/wp\/v2\/pages\/1167\/revisions\/2257"}],"wp:attachment":[{"href":"https:\/\/empowering-teachers.eu\/pt-pt\/wp-json\/wp\/v2\/media?parent=1167"}],"curies":[{"name":"wp","href":"https:\/\/api.w.org\/{rel}","templated":true}]}}