{"id":1161,"date":"2021-07-22T11:09:10","date_gmt":"2021-07-22T08:09:10","guid":{"rendered":"https:\/\/empowering-teachers.eu\/teachers-career\/"},"modified":"2024-05-28T11:08:09","modified_gmt":"2024-05-28T08:08:09","slug":"teachers-career","status":"publish","type":"page","link":"https:\/\/empowering-teachers.eu\/sl\/teachers-career\/","title":{"rendered":"Teachers career"},"content":{"rendered":"<h1>U\u010cITELJSKA KARIERA<\/h1>\n<div>\n<h2>UVAJALNI PROGRAMI ZA U\u010cITELJE<\/h2>\n<div>\n<p>Oblikovan bo formalni uvajalni program za u\u010ditelje, ki bo temeljil na mentorskih dejavnostih ter vklju\u010deval orodja in vire za podporo novim u\u010diteljem na za\u010detku njihove poklicne poti.<\/p>\n<p>Program bo udele\u017eencem omogo\u010dil prilagajanje njihovemu poklicu in novi kulturi na delovnem mestu ter bo zajemal strokovna vpra\u0161anja, pravne\/administrativne teme u\u010diteljskega poklica in dru\u017ebeno-kulturne vidike, povezane z normami\/procesi \u0161ole\/skupine \u0161ol, kamor bodo novi u\u010ditelji razporejeni.<\/p>\n<p>Oglejte si mo\u017enosti v va\u0161i dr\u017eavi <a href=\"https:\/\/empowering-teachers.eu\/wp-content\/uploads\/2023\/04\/Uvajalni-program-za-ucitelje-zacetnike.pdf\">tukaj<\/a>.<\/p>\n<\/div>\n<p><a href=\"\/wp-content\/uploads\/2023\/07\/01-LOOP-TIP_SLO_FIN-1.pdf\">bro\u017e\u00fara<\/a><\/p>\n<\/div>\n<div>\n<h2>PROGRAM ZA USPOSABLJANJE MENTORJEV<\/h2>\n<div>\n<p>Formalni programi usposabljanja mentorjev bodo izku\u0161enim u\u010diteljem in vodjem \u0161ol ponudili prilo\u017enost, da se odlo\u010dijo za novo poklicno pot.<\/p>\n<p>Mentorji bodo usposobljeni, da bodo delovali kot pomo\u010dniki pri izvajanju u\u010dinkovitih in formalnih programov uvajanja u\u010diteljev. Program bo opremljen s smernicami za mentorje in viri za uporabo, namenjen pa bo izku\u0161enim u\u010diteljem in vodstvom \u0161ol, ki \u017eelijo postati mentorji svojim manj izku\u0161enim vrstnikom pri sprejemanju nove poklicne mo\u017enosti.<\/p>\n<p>Oglejte si mo\u017enosti v va\u0161i dr\u017eavi <a href=\"https:\/\/empowering-teachers.eu\/wp-content\/uploads\/2023\/04\/Uvajalni-program-za-mentorje.pdf\">tukaj<\/a>.<\/p>\n<\/div>\n<p><a href=\"https:\/\/empowering-teachers.eu\/wp-content\/uploads\/2024\/05\/SL_02-LOOP-Bifold-Brochure_MCP_FINAL-1.pdf\">bro\u017e\u00fara<\/a><\/p>\n<\/div>\n<div>\n<h2>PRI\u010cEVANJA U\u010cITELJEV<\/h2>\n<\/div>\n<h1>\n<h4 style=\"text-align: center;\">\u00a0 \u00a0 \u00a0 \u00a0 \u00a0 \u00a0 \u00a0 \u00a0 \u00a0 \u00a0 \u00a0 \u00a0 \u00a0 \u00a0 \u00a0 \u00a0 \u00a0 \u00a0 \u00a0 \u00a0 \u00a0 \u00a0SPAIN<\/h4>\n<\/h1>\n<p><iframe src=\"https:\/\/www.youtube.com\/watch?v=nYoncg-o0F4&#038;list=PL1N_BKzdVWnvBAFFhMiY5KkbbKESHXUoY&#038;index=1&#038;t=1s\"><\/iframe><\/p>\n<h1>\n<h4>\u00a0 \u00a0 \u00a0 \u00a0 \u00a0 \u00a0 \u00a0 \u00a0 GREECE<\/h4>\n<\/h1>\n<p><iframe src=\"https:\/\/www.youtube.com\/watch?v=P9y0ghYLTuA&#038;list=PL1N_BKzdVWnvBAFFhMiY5KkbbKESHXUoY&#038;index=3\"><\/iframe><\/p>\n<h1>\n<h4 style=\"text-align: center;\">\u00a0 \u00a0 \u00a0 \u00a0 \u00a0 \u00a0 \u00a0 \u00a0 \u00a0 \u00a0 \u00a0 \u00a0 \u00a0 \u00a0 \u00a0 \u00a0 \u00a0 \u00a0 \u00a0 \u00a0 \u00a0 \u00a0SLOVENIA<\/h4>\n<\/h1>\n<p><iframe src=\"https:\/\/www.youtube.com\/watch?v=-nNTXL0Df2o&#038;list=PL1N_BKzdVWnvBAFFhMiY5KkbbKESHXUoY&#038;index=4\"><\/iframe><\/p>\n<h1>\n<h4 style=\"text-align: left;\">\u00a0 \u00a0 \u00a0 \u00a0 \u00a0 \u00a0 \u00a0 PORTUGAL<\/h4>\n<\/h1>\n<p><iframe src=\"https:\/\/www.youtube.com\/watch?v=_eIDltY-Uyc&#038;list=PL1N_BKzdVWnvBAFFhMiY5KkbbKESHXUoY&#038;index=4\"><\/iframe><\/p>\n<h1>\n<h4>\u00a0 \u00a0 \u00a0 \u00a0 \u00a0 \u00a0 \u00a0 \u00a0CROATIA<\/h4>\n<\/h1>\n<p><iframe src=\"https:\/\/www.youtube.com\/watch?v=5NdLm4JrJGA\"><\/iframe><\/p>\n<p><!--more--><br \/>\n<!-- {\"name\":\"Support\",\"type\":\"layout\",\"children\":[{\"name\":\"Support\",\"type\":\"section\",\"props\":{\"animation\":\"slide-bottom-medium\",\"animation_delay\":\"200\",\"css\":\".el-section > [class*='uk-background-'] { min-height: 50vh; }\",\"image\":\"wp-content\\\/uploads\\\/2021\\\/08\\\/teacher-teaching-at-school.jpg\",\"image_parallax_bgy\":\"0,500\",\"image_position\":\"top-right\",\"image_width\":\"1600\",\"padding\":\"xlarge\",\"padding_remove_bottom\":true,\"style\":\"default\",\"title_breakpoint\":\"xl\",\"title_position\":\"top-left\",\"title_rotation\":\"left\",\"vertical_align\":\"middle\",\"width\":\"default\"},\"children\":[{\"name\":\"\",\"type\":\"row\",\"props\":{\"margin\":\"xlarge\",\"match\":false,\"vertical_align\":false},\"children\":[{\"name\":\"\",\"type\":\"column\",\"props\":{\"image\":\"\",\"image_position\":\"center-center\",\"media_overlay_gradient\":\"\",\"position_sticky_breakpoint\":\"m\",\"width_medium\":\"1-1\"},\"children\":[]}]}]},{\"type\":\"section\",\"props\":{\"image_position\":\"center-center\",\"style\":\"default\",\"title_breakpoint\":\"xl\",\"title_position\":\"top-left\",\"title_rotation\":\"left\",\"vertical_align\":\"middle\",\"width\":\"default\"},\"children\":[{\"type\":\"row\",\"children\":[{\"type\":\"column\",\"props\":{\"image_position\":\"center-center\",\"media_overlay_gradient\":\"\",\"position_sticky_breakpoint\":\"m\"},\"children\":[{\"type\":\"headline\",\"props\":{\"content\":\"U\\u010cITELJSKA KARIERA\",\"text_align\":\"center\",\"title_element\":\"h1\",\"title_style\":\"heading-medium\"}}]}]},{\"type\":\"row\",\"props\":{\"layout\":\"1-2,1-2\"},\"children\":[{\"type\":\"column\",\"props\":{\"image_position\":\"center-center\",\"media_overlay_gradient\":\"\",\"position_sticky_breakpoint\":\"m\",\"width_medium\":\"1-2\"},\"children\":[{\"name\":\"\",\"type\":\"panel\",\"props\":{\"animation\":\"fade\",\"content\":\"\n\n<p>Oblikovan bo formalni uvajalni program za u\\u010ditelje, ki bo temeljil na mentorskih dejavnostih ter vklju\\u010deval orodja in vire za podporo novim u\\u010diteljem na za\\u010detku njihove poklicne poti.<br \\\/><br \\\/>Program bo udele\\u017eencem omogo\\u010dil prilagajanje njihovemu poklicu in novi kulturi na delovnem mestu ter bo zajemal strokovna vpra\\u0161anja, pravne\\\/administrativne teme u\\u010diteljskega poklica in dru\\u017ebeno-kulturne vidike, povezane z normami\\\/procesi \\u0161ole\\\/skupine \\u0161ol, kamor bodo novi u\\u010ditelji razporejeni.<br \\\/><br \\\/>Oglejte si mo\\u017enosti v va\\u0161i dr\\u017eavi <a href=\\\"https:\\\/\\\/empowering-teachers.eu\\\/wp-content\\\/uploads\\\/2023\\\/04\\\/Uvajalni-program-za-ucitelje-zacetnike.pdf\\\">tukaj<\\\/a>.<\\\/p>\",\"content_column_breakpoint\":\"m\",\"icon\":\"\",\"icon_color\":\"primary\",\"icon_width\":80,\"image\":\"\",\"image_align\":\"top\",\"image_grid_breakpoint\":\"m\",\"image_grid_width\":\"1-2\",\"image_svg_animate\":true,\"image_svg_color\":\"primary\",\"image_svg_inline\":true,\"link\":\"wp-content\\\/uploads\\\/2023\\\/07\\\/01-LOOP-TIP_SLO_FIN-1.pdf\",\"link_fullwidth\":true,\"link_size\":\"small\",\"link_style\":\"danger\",\"link_target\":true,\"link_text\":\"bro\\u017e\\u00fara\",\"margin\":\"default\",\"meta\":\"\",\"meta_align\":\"below-title\",\"meta_element\":\"div\",\"meta_style\":\"text-meta\",\"panel_image_no_padding\":false,\"panel_padding\":\"large\",\"panel_style\":\"card-default\",\"text_align\":\"center\",\"title\":\"UVAJALNI PROGRAMI ZA U\\u010cITELJE\",\"title_align\":\"top\",\"title_element\":\"h2\",\"title_grid_breakpoint\":\"m\",\"title_grid_width\":\"1-2\",\"title_hover_style\":\"reset\",\"title_style\":\"h3\"}}]},{\"type\":\"column\",\"props\":{\"image_position\":\"center-center\",\"media_overlay_gradient\":\"\",\"position_sticky_breakpoint\":\"m\",\"width_medium\":\"1-2\"},\"children\":[{\"name\":\"\",\"type\":\"panel\",\"props\":{\"content\":\"\n\n<p>Formalni programi usposabljanja mentorjev bodo izku\\u0161enim u\\u010diteljem in vodjem \\u0161ol ponudili prilo\\u017enost, da se odlo\\u010dijo za novo poklicno pot.<br \\\/><br \\\/>Mentorji bodo usposobljeni, da bodo delovali kot pomo\\u010dniki pri izvajanju u\\u010dinkovitih in formalnih programov uvajanja u\\u010diteljev. Program bo opremljen s smernicami za mentorje in viri za uporabo, namenjen pa bo izku\\u0161enim u\\u010diteljem in vodstvom \\u0161ol, ki \\u017eelijo postati mentorji svojim manj izku\\u0161enim vrstnikom pri sprejemanju nove poklicne mo\\u017enosti.<br \\\/><br \\\/>Oglejte si mo\\u017enosti v va\\u0161i dr\\u017eavi <a href=\\\"https:\\\/\\\/empowering-teachers.eu\\\/wp-content\\\/uploads\\\/2023\\\/04\\\/Uvajalni-program-za-mentorje.pdf\\\">tukaj<\\\/a>.<\\\/p>\",\"content_column_breakpoint\":\"m\",\"icon\":\"\",\"icon_color\":\"primary\",\"icon_width\":80,\"image\":\"\",\"image_align\":\"top\",\"image_grid_breakpoint\":\"m\",\"image_grid_width\":\"1-2\",\"image_svg_animate\":true,\"image_svg_color\":\"primary\",\"image_svg_inline\":true,\"link\":\"https:\\\/\\\/empowering-teachers.eu\\\/wp-content\\\/uploads\\\/2024\\\/05\\\/SL_02-LOOP-Bifold-Brochure_MCP_FINAL-1.pdf\",\"link_fullwidth\":true,\"link_size\":\"small\",\"link_style\":\"danger\",\"link_target\":true,\"link_text\":\"bro\\u017e\\u00fara\",\"margin\":\"default\",\"meta\":\"\",\"meta_align\":\"below-title\",\"meta_element\":\"div\",\"meta_style\":\"text-meta\",\"panel_image_no_padding\":false,\"panel_padding\":\"large\",\"panel_style\":\"card-default\",\"text_align\":\"center\",\"title\":\"PROGRAM ZA USPOSABLJANJE MENTORJEV\",\"title_align\":\"top\",\"title_element\":\"h2\",\"title_grid_breakpoint\":\"m\",\"title_grid_width\":\"1-2\",\"title_hover_style\":\"reset\",\"title_style\":\"h3\"}}]}]},{\"type\":\"row\",\"children\":[{\"type\":\"column\",\"props\":{\"image_position\":\"center-center\",\"media_overlay_gradient\":\"\",\"position_sticky_breakpoint\":\"m\"},\"children\":[{\"type\":\"panel\",\"props\":{\"content_column_breakpoint\":\"m\",\"icon_width\":80,\"image_align\":\"top\",\"image_grid_breakpoint\":\"m\",\"image_grid_width\":\"1-2\",\"image_svg_color\":\"emphasis\",\"link_style\":\"default\",\"link_text\":\"Read more\",\"margin\":\"default\",\"meta_align\":\"below-title\",\"meta_element\":\"div\",\"meta_style\":\"text-meta\",\"panel_padding\":\"large\",\"panel_style\":\"card-default\",\"text_align\":\"center\",\"title\":\"PRI\\u010cEVANJA U\\u010cITELJEV\",\"title_align\":\"top\",\"title_element\":\"h2\",\"title_grid_breakpoint\":\"m\",\"title_grid_width\":\"1-2\",\"title_hover_style\":\"reset\"}}]}]}]},{\"type\":\"section\",\"props\":{\"image_position\":\"center-center\",\"style\":\"default\",\"title_breakpoint\":\"xl\",\"title_position\":\"top-left\",\"title_rotation\":\"left\",\"vertical_align\":\"middle\",\"width\":\"default\"},\"children\":[{\"type\":\"row\",\"props\":{\"layout\":\"1-2,1-2\"},\"children\":[{\"type\":\"column\",\"props\":{\"image_position\":\"center-center\",\"media_overlay_gradient\":\"\",\"position_sticky_breakpoint\":\"m\",\"width_medium\":\"1-2\"},\"children\":[{\"type\":\"headline\",\"props\":{\"content\":\"\n\n<h4 style=\\\"text-align: center;\\\">\\u00a0 \\u00a0 \\u00a0 \\u00a0 \\u00a0 \\u00a0 \\u00a0 \\u00a0 \\u00a0 \\u00a0 \\u00a0 \\u00a0 \\u00a0 \\u00a0 \\u00a0 \\u00a0 \\u00a0 \\u00a0 \\u00a0 \\u00a0 \\u00a0 \\u00a0SPAIN<\\\/h4>\",\"title_element\":\"h1\"}},{\"type\":\"video\",\"props\":{\"margin\":\"default\",\"text_align\":\"right\",\"video\":\"https:\\\/\\\/www.youtube.com\\\/watch?v=nYoncg-o0F4&list=PL1N_BKzdVWnvBAFFhMiY5KkbbKESHXUoY&index=1&t=1s\",\"video_controls\":true}}]},{\"type\":\"column\",\"props\":{\"image_position\":\"center-center\",\"media_overlay_gradient\":\"\",\"position_sticky_breakpoint\":\"m\",\"width_medium\":\"1-2\"},\"children\":[{\"type\":\"headline\",\"props\":{\"content\":\"\n\n<h4>\\u00a0 \\u00a0 \\u00a0 \\u00a0 \\u00a0 \\u00a0 \\u00a0 \\u00a0 GREECE<\\\/h4>\",\"title_element\":\"h1\"}},{\"type\":\"video\",\"props\":{\"margin\":\"default\",\"video\":\"https:\\\/\\\/www.youtube.com\\\/watch?v=P9y0ghYLTuA&list=PL1N_BKzdVWnvBAFFhMiY5KkbbKESHXUoY&index=3\",\"video_controls\":true}}]}]},{\"type\":\"row\",\"props\":{\"layout\":\"1-2,1-2\"},\"children\":[{\"type\":\"column\",\"props\":{\"image_position\":\"center-center\",\"media_overlay_gradient\":\"\",\"position_sticky_breakpoint\":\"m\",\"width_medium\":\"1-2\"},\"children\":[{\"type\":\"headline\",\"props\":{\"content\":\"\n\n<h4 style=\\\"text-align: center;\\\">\\u00a0 \\u00a0 \\u00a0 \\u00a0 \\u00a0 \\u00a0 \\u00a0 \\u00a0 \\u00a0 \\u00a0 \\u00a0 \\u00a0 \\u00a0 \\u00a0 \\u00a0 \\u00a0 \\u00a0 \\u00a0 \\u00a0 \\u00a0 \\u00a0 \\u00a0SLOVENIA<\\\/h4>\",\"title_element\":\"h1\"}},{\"type\":\"video\",\"props\":{\"margin\":\"default\",\"text_align\":\"right\",\"video\":\"https:\\\/\\\/www.youtube.com\\\/watch?v=-nNTXL0Df2o&list=PL1N_BKzdVWnvBAFFhMiY5KkbbKESHXUoY&index=4\",\"video_controls\":true}}]},{\"type\":\"column\",\"props\":{\"image_position\":\"center-center\",\"media_overlay_gradient\":\"\",\"position_sticky_breakpoint\":\"m\",\"width_medium\":\"1-2\"},\"children\":[{\"type\":\"headline\",\"props\":{\"content\":\"\n\n<h4 style=\\\"text-align: left;\\\">\\u00a0 \\u00a0 \\u00a0 \\u00a0 \\u00a0 \\u00a0 \\u00a0 PORTUGAL<\\\/h4>\",\"title_element\":\"h1\"}},{\"type\":\"video\",\"props\":{\"margin\":\"default\",\"video\":\"https:\\\/\\\/www.youtube.com\\\/watch?v=_eIDltY-Uyc&list=PL1N_BKzdVWnvBAFFhMiY5KkbbKESHXUoY&index=4\",\"video_controls\":true}}]}]},{\"type\":\"row\",\"props\":{\"layout\":\"1-3,1-3,1-3\"},\"children\":[{\"type\":\"column\",\"props\":{\"image_position\":\"center-center\",\"media_overlay_gradient\":\"\",\"position_sticky_breakpoint\":\"m\",\"width_medium\":\"1-3\"},\"children\":[]},{\"type\":\"column\",\"props\":{\"image_position\":\"center-center\",\"media_overlay_gradient\":\"\",\"position_sticky_breakpoint\":\"m\",\"width_medium\":\"1-3\"},\"children\":[{\"type\":\"headline\",\"props\":{\"content\":\"\n\n<h4>\\u00a0 \\u00a0 \\u00a0 \\u00a0 \\u00a0 \\u00a0 \\u00a0 \\u00a0CROATIA<\\\/h4>\",\"title_element\":\"h1\"}},{\"type\":\"video\",\"props\":{\"margin\":\"default\",\"video\":\"https:\\\/\\\/www.youtube.com\\\/watch?v=5NdLm4JrJGA\",\"video_controls\":true}}]},{\"type\":\"column\",\"props\":{\"image_position\":\"center-center\",\"media_overlay_gradient\":\"\",\"position_sticky_breakpoint\":\"m\",\"width_medium\":\"1-3\"},\"children\":[]}]}]},{\"type\":\"section\",\"props\":{\"image_position\":\"center-center\",\"style\":\"primary\",\"title_breakpoint\":\"xl\",\"title_position\":\"top-left\",\"title_rotation\":\"left\",\"vertical_align\":\"middle\",\"width\":\"default\"},\"children\":[{\"type\":\"row\",\"props\":{\"layout\":\"1-4,1-4,1-4,1-4|1-2,1-2,1-2,1-2\"},\"children\":[{\"type\":\"column\",\"props\":{\"image_position\":\"center-center\",\"media_overlay_gradient\":\"\",\"position_sticky_breakpoint\":\"m\",\"width_medium\":\"1-4\",\"width_small\":\"1-2\"},\"children\":[{\"type\":\"module_position\",\"props\":{\"breakpoint\":\"m\",\"content\":\"builder-1\",\"layout\":\"stack\"}}]},{\"type\":\"column\",\"props\":{\"image_position\":\"center-center\",\"media_overlay_gradient\":\"\",\"position_sticky_breakpoint\":\"m\",\"width_medium\":\"1-4\",\"width_small\":\"1-2\"},\"children\":[{\"type\":\"module_position\",\"props\":{\"breakpoint\":\"m\",\"content\":\"builder-2\",\"layout\":\"stack\"}}]},{\"type\":\"column\",\"props\":{\"image_position\":\"center-center\",\"media_overlay_gradient\":\"\",\"position_sticky_breakpoint\":\"m\",\"width_medium\":\"1-4\",\"width_small\":\"1-2\"},\"children\":[{\"type\":\"module_position\",\"props\":{\"breakpoint\":\"m\",\"content\":\"builder-3\",\"layout\":\"stack\"}}]},{\"type\":\"column\",\"props\":{\"image_position\":\"center-center\",\"media_overlay_gradient\":\"\",\"position_sticky_breakpoint\":\"m\",\"width_medium\":\"1-4\",\"width_small\":\"1-2\"},\"children\":[{\"type\":\"module_position\",\"props\":{\"breakpoint\":\"m\",\"content\":\"builder-4\",\"layout\":\"stack\"}}]}]}],\"modified\":\"2022-01-17T10:47:06.634Z\",\"name\":\"Footer SL\"}],\"version\":\"3.0.25\"} --><\/p>\n","protected":false},"excerpt":{"rendered":"<p>U\u010cITELJSKA KARIERA UVAJALNI PROGRAMI ZA U\u010cITELJE Oblikovan bo formalni uvajalni program za u\u010ditelje, ki bo temeljil na mentorskih dejavnostih ter vklju\u010deval orodja in vire za podporo novim u\u010diteljem na za\u010detku njihove poklicne poti. Program bo udele\u017eencem omogo\u010dil prilagajanje njihovemu poklicu in novi kulturi na delovnem mestu ter bo zajemal strokovna vpra\u0161anja, pravne\/administrativne teme u\u010diteljskega poklica [&hellip;]<\/p>\n","protected":false},"author":1,"featured_media":0,"parent":0,"menu_order":0,"comment_status":"closed","ping_status":"closed","template":"","meta":{"footnotes":""},"class_list":["post-1161","page","type-page","status-publish","hentry"],"_links":{"self":[{"href":"https:\/\/empowering-teachers.eu\/sl\/wp-json\/wp\/v2\/pages\/1161","targetHints":{"allow":["GET"]}}],"collection":[{"href":"https:\/\/empowering-teachers.eu\/sl\/wp-json\/wp\/v2\/pages"}],"about":[{"href":"https:\/\/empowering-teachers.eu\/sl\/wp-json\/wp\/v2\/types\/page"}],"author":[{"embeddable":true,"href":"https:\/\/empowering-teachers.eu\/sl\/wp-json\/wp\/v2\/users\/1"}],"replies":[{"embeddable":true,"href":"https:\/\/empowering-teachers.eu\/sl\/wp-json\/wp\/v2\/comments?post=1161"}],"version-history":[{"count":16,"href":"https:\/\/empowering-teachers.eu\/sl\/wp-json\/wp\/v2\/pages\/1161\/revisions"}],"predecessor-version":[{"id":12076,"href":"https:\/\/empowering-teachers.eu\/sl\/wp-json\/wp\/v2\/pages\/1161\/revisions\/12076"}],"wp:attachment":[{"href":"https:\/\/empowering-teachers.eu\/sl\/wp-json\/wp\/v2\/media?parent=1161"}],"curies":[{"name":"wp","href":"https:\/\/api.w.org\/{rel}","templated":true}]}}