{"id":1168,"date":"2021-07-12T15:23:43","date_gmt":"2021-07-12T12:23:43","guid":{"rendered":"https:\/\/empowering-teachers.eu\/home\/"},"modified":"2022-02-03T17:07:05","modified_gmt":"2022-02-03T15:07:05","slug":"home","status":"publish","type":"page","link":"https:\/\/empowering-teachers.eu\/sl\/","title":{"rendered":"What is Loop about"},"content":{"rendered":"<h1>Empowering teachers<\/h1>\n<h1>LOOP PREDSTAVLJA KREPITEV OSEBNEGA, POKLICNEGA IN SOCIALNEGA KONTINUIRANEGA RAZVOJA U\u010cITELJEV S POMO\u010cJO INOVATIVNIH PROGRAMOV KOLEGIALNEGA UVAJANJA.<\/h1>\n<h2>KAJ JE LOOP?<\/h2>\n<div>\n<p>Loop predstavlja krepitev osebnega, poklicnega in socialnega kontinuiranega razvoja u\u010diteljev s pomo\u010djo inovativnih programov kolegialnega uvajanja.<\/p>\n<p>LOOP je projekt eksperimentiranja na podro\u010dju politike, katerega cilj je prispevati k prehodu na celovito politiko u\u010diteljskega poklica, ki zajema vse faze poklicne kariere, in sicer z naslednjimi elementi.<\/p>\n<\/div>\n<p>[arrow-right]<\/p>\n<div>\n<p>Strukturiranje uvajalnega programa kolegialnega u\u010denja, ki temelji na mentorstvu, za podporo pri uvajanju v u\u010diteljski poklic in prilagajanju na novo kulturo delovnega mesta.<\/p>\n<p><a href=\"https:\/\/empowering-teachers.eu\/sl\/teachers-career\/\">Preberite ve\u010d<\/a><\/p>\n<\/div>\n<p>[arrow-right]<\/p>\n<div>\n<p>Oblikovanje mentorskega programa za razvoj kompetenc za usmerjanje in podporo novim u\u010diteljem med izvajanjem uvajalnega programa.<\/p>\n<p><a href=\"https:\/\/empowering-teachers.eu\/sl\/teachers-career\/\">Preberite ve\u010d<\/a><\/p>\n<\/div>\n<p>[arrow-right]<\/p>\n<div>\n<p>Testiranje in potrjevanje programov uvajanja in mentorstva v \u0161olah mre\u017ee LOOP.<\/p>\n<p><a href=\"https:\/\/empowering-teachers.eu\/sl\/policy-experimentation\/\">Preberite ve\u010d<\/a><\/p>\n<\/div>\n<p>[arrow-right]<\/p>\n<div>\n<p>Priprava priporo\u010dil za vklju\u010devanje programov uvajanja in mentorstva v nacionalne politike in okvire stalnega strokovnega izpopolnjevanja u\u010diteljev.<\/p>\n<p><a href=\"https:\/\/empowering-teachers.eu\/policy-experimentation\/\">Preberite ve\u010d<\/a><\/p>\n<\/div>\n<h2>KAKO VAM LAHKO LOOP KORISTI?<\/h2>\n<p><img decoding=\"async\" src=\"\/wp-content\/uploads\/2021\/07\/home-banner-1.jpg\" alt=\"\"><\/p>\n<div>\n<p><strong>STE U\u010cITELJ ZA\u010cETNIK?<\/strong><\/p>\n<p>(starost do 35 let in do 5 let delovnih izku\u0161enj)<\/p>\n<\/div>\n<div>\n<p>Imejte dostop do uvajalnega programa ter krepite svojo u\u010diteljsko kariero in izbolj\u0161ujte prilo\u017enosti na podlagi mentorskih dejavnosti z izku\u0161enimi u\u010ditelji.<\/p>\n<\/div>\n<p><img decoding=\"async\" src=\"\/wp-content\/uploads\/2021\/07\/home-banner-2.jpg\" alt=\"\"><\/p>\n<div>\n<p><strong>STE IZKU\u0160EN U\u010cITELJ<\/strong><\/p>\n<p>(ve\u010d kot 45 let in ve\u010d kot 20 let izku\u0161enj)<\/p>\n<\/div>\n<div>\n<p>Imeli boste prilo\u017enost izpopolniti svoje mentorske kompetence, postati mentor novim u\u010diteljem in si popestriti svojo poklicno pot.<\/p>\n<\/div>\n<p><img decoding=\"async\" src=\"\/wp-content\/uploads\/home-courses-06.jpg\" alt=\"\"><\/p>\n<div>\n<p><strong>STE RAVNATELJ?<\/strong><\/p>\n<\/div>\n<div>\n<p>Va\u0161a \u0161ola se lahko vklju\u010di v mre\u017eo LOOP in izkoristi uvajalne in mentorske programe za motivacijo u\u010diteljev.<\/p>\n<p><a href=\"https:\/\/empowering-teachers.eu\/sl\/loop-network\/\">Izvedite ve\u010d<\/a><\/p>\n<\/div>\n<p><img decoding=\"async\" src=\"\/wp-content\/uploads\/home-courses-14.jpg\" alt=\"\"><\/p>\n<div>\n<p><strong>STE ODLO\u010cEVALEC?<\/strong><\/p>\n<\/div>\n<div>\n<p>Imeli boste dostop do modelov, programov in smernic politike za (pre)oblikovanje poklicne poti u\u010diteljev in njihovega stalnega poklicnega razvoja v va\u0161i dr\u017eavi.<\/p>\n<p><a href=\"https:\/\/empowering-teachers.eu\/sl\/loop-network\/\">Izvedite ve\u010d<\/a><\/p>\n<\/div>\n<p><!--more--><br \/>\n<!-- {\"name\":\"Home\",\"type\":\"layout\",\"children\":[{\"name\":\"Hero\",\"type\":\"section\",\"props\":{\"style\":\"default\",\"width\":\"large\",\"vertical_align\":\"middle\",\"title_position\":\"top-left\",\"title_rotation\":\"left\",\"title_breakpoint\":\"xl\",\"image_position\":\"center-center\",\"padding\":\"none\",\"image\":\"wp-content\\\/uploads\\\/2021\\\/07\\\/home-banner.jpg\",\"text_color\":\"light\",\"image_size\":\"cover\",\"image_width\":\"1600\",\"padding_remove_bottom\":false,\"css\":\".el-section > [class*='uk-background-'] { min-height: 60vh; }\",\"media_overlay\":\"rgba(8, 8, 8, 0.56)\"},\"children\":[{\"name\":\"\",\"type\":\"row\",\"children\":[{\"name\":\"\",\"type\":\"column\",\"props\":{\"image_position\":\"center-center\",\"width_medium\":\"1-1\",\"media_overlay_gradient\":\"\"},\"children\":[{\"type\":\"divider\",\"props\":{\"divider_element\":\"div\"}},{\"type\":\"headline\",\"props\":{\"title_element\":\"h1\",\"content\":\"Empowering teachers\",\"title_style\":\"heading-medium\",\"text_align\":\"center\",\"margin\":\"xlarge\",\"position_top\":\"40%\"}},{\"type\":\"headline\",\"props\":{\"title_element\":\"h1\",\"content\":\"LOOP PREDSTAVLJA KREPITEV OSEBNEGA, POKLICNEGA IN SOCIALNEGA KONTINUIRANEGA RAZVOJA U\\u010cITELJEV S POMO\\u010cJO INOVATIVNIH PROGRAMOV KOLEGIALNEGA UVAJANJA.\",\"text_align\":\"center\",\"position_top\":\"60%\"}}]}]}]},{\"name\":\"Products\",\"type\":\"section\",\"props\":{\"style\":\"default\",\"width\":\"default\",\"vertical_align\":\"middle\",\"title_position\":\"top-left\",\"title_rotation\":\"left\",\"title_breakpoint\":\"xl\",\"image_position\":\"bottom-right\",\"image\":\"\",\"image_effect\":\"parallax\",\"image_parallax_bgy_start\":\"300\",\"image_parallax_bgy_end\":\"450\",\"image_width\":\"700\",\"padding_remove_top\":false},\"children\":[{\"name\":\"\",\"type\":\"row\",\"props\":{\"width\":\"large\",\"margin_remove_bottom\":true,\"margin_remove_top\":false},\"children\":[{\"name\":\"\",\"type\":\"column\",\"props\":{\"image_position\":\"center-center\",\"width_medium\":\"1-1\",\"media_overlay_gradient\":\"\"},\"children\":[{\"name\":\"\",\"type\":\"headline\",\"props\":{\"title_element\":\"h2\",\"title_style\":\"heading-small\",\"text_align\":\"center\",\"maxwidth\":\"xlarge\",\"margin\":\"medium\",\"content\":\"KAJ JE LOOP?\",\"block_align\":\"center\"}}]}]},{\"type\":\"row\",\"children\":[{\"type\":\"column\",\"props\":{\"image_position\":\"center-center\",\"media_overlay_gradient\":\"\"},\"children\":[{\"type\":\"text\",\"props\":{\"margin\":\"default\",\"column_breakpoint\":\"m\",\"content\":\"\n\n<p>Loop predstavlja krepitev osebnega, poklicnega in socialnega kontinuiranega razvoja u\\u010diteljev s pomo\\u010djo inovativnih programov kolegialnega uvajanja.<\\\/p>\\n\n\n<p>LOOP je projekt eksperimentiranja na podro\\u010dju politike, katerega cilj je prispevati k prehodu na celovito politiko u\\u010diteljskega poklica, ki zajema vse faze poklicne kariere, in sicer z naslednjimi elementi.<\\\/p>\"}}]}]},{\"name\":\"\",\"type\":\"row\",\"children\":[{\"name\":\"\",\"type\":\"column\",\"props\":{\"image_position\":\"center-center\",\"width_medium\":\"1-4\",\"media_overlay_gradient\":\"\",\"width_small\":\"1-2\"},\"children\":[{\"type\":\"icon\",\"props\":{\"icon_width\":60,\"margin\":\"default\",\"icon\":\"arrow-right\"}},{\"type\":\"text\",\"props\":{\"margin\":\"default\",\"column_breakpoint\":\"m\",\"content\":\"\n\n<p>Strukturiranje uvajalnega programa kolegialnega u\\u010denja, ki temelji na mentorstvu, za podporo pri uvajanju v u\\u010diteljski poklic in prilagajanju na novo kulturo delovnega mesta.<\\\/p>\\n\n\n<p><a href=\\\"https:\\\/\\\/empowering-teachers.eu\\\/sl\\\/teachers-career\\\/\\\">Preberite ve\\u010d<\\\/a><\\\/p>\"}}]},{\"type\":\"column\",\"props\":{\"image_position\":\"center-center\",\"media_overlay_gradient\":\"\",\"width_medium\":\"1-4\",\"width_small\":\"1-2\"},\"children\":[{\"type\":\"icon\",\"props\":{\"icon_width\":60,\"margin\":\"default\",\"icon\":\"arrow-right\"}},{\"type\":\"text\",\"props\":{\"margin\":\"default\",\"column_breakpoint\":\"m\",\"content\":\"\n\n<p>Oblikovanje mentorskega programa za razvoj kompetenc za usmerjanje in podporo novim u\\u010diteljem med izvajanjem uvajalnega programa.<\\\/p>\\n\n\n<p><a href=\\\"https:\\\/\\\/empowering-teachers.eu\\\/sl\\\/teachers-career\\\/\\\">Preberite ve\\u010d<\\\/a><\\\/p>\"}}]},{\"type\":\"column\",\"props\":{\"image_position\":\"center-center\",\"media_overlay_gradient\":\"\",\"width_medium\":\"1-4\",\"width_small\":\"1-2\"},\"children\":[{\"type\":\"icon\",\"props\":{\"icon_width\":60,\"margin\":\"default\",\"icon\":\"arrow-right\"}},{\"type\":\"text\",\"props\":{\"margin\":\"default\",\"column_breakpoint\":\"m\",\"content\":\"\n\n<p>Testiranje in potrjevanje programov uvajanja in mentorstva v \\u0161olah mre\\u017ee LOOP.<\\\/p>\\n\n\n<p><a href=\\\"https:\\\/\\\/empowering-teachers.eu\\\/sl\\\/policy-experimentation\\\/\\\">Preberite ve\\u010d<\\\/a><\\\/p>\"}}]},{\"type\":\"column\",\"props\":{\"image_position\":\"center-center\",\"media_overlay_gradient\":\"\",\"width_medium\":\"1-4\",\"width_small\":\"1-2\"},\"children\":[{\"type\":\"icon\",\"props\":{\"icon_width\":60,\"margin\":\"default\",\"icon\":\"arrow-right\"}},{\"type\":\"text\",\"props\":{\"margin\":\"default\",\"column_breakpoint\":\"m\",\"content\":\"\n\n<p>Priprava priporo\\u010dil za vklju\\u010devanje programov uvajanja in mentorstva v nacionalne politike in okvire stalnega strokovnega izpopolnjevanja u\\u010diteljev.<\\\/p>\\n\n\n<p><a href=\\\"https:\\\/\\\/empowering-teachers.eu\\\/policy-experimentation\\\/\\\">Preberite ve\\u010d<\\\/a><\\\/p>\"}}]}],\"props\":{\"layout\":\"1-4,1-4,1-4,1-4|1-2,1-2,1-2,1-2\"}}]},{\"type\":\"section\",\"props\":{\"style\":\"default\",\"width\":\"default\",\"vertical_align\":\"middle\",\"title_position\":\"top-left\",\"title_rotation\":\"left\",\"title_breakpoint\":\"xl\",\"image_position\":\"center-center\"},\"children\":[{\"type\":\"row\",\"children\":[{\"type\":\"column\",\"props\":{\"image_position\":\"center-center\",\"media_overlay_gradient\":\"\"},\"children\":[{\"name\":\"\",\"type\":\"headline\",\"props\":{\"title_element\":\"h2\",\"title_style\":\"heading-small\",\"text_align\":\"center\",\"maxwidth\":\"xlarge\",\"margin\":\"medium\",\"content\":\"KAKO VAM LAHKO LOOP KORISTI?\",\"block_align\":\"center\"}}]}]},{\"type\":\"row\",\"props\":{\"layout\":\"1-4,1-4,1-4,1-4|1-2,1-2,1-2,1-2\"},\"children\":[{\"type\":\"column\",\"props\":{\"image_position\":\"center-center\",\"media_overlay_gradient\":\"\",\"width_medium\":\"1-4\",\"width_small\":\"1-2\"},\"children\":[{\"type\":\"image\",\"props\":{\"margin\":\"default\",\"image_svg_color\":\"emphasis\",\"image\":\"wp-content\\\/uploads\\\/2021\\\/07\\\/home-banner-1.jpg\"}},{\"type\":\"text\",\"props\":{\"margin\":\"default\",\"column_breakpoint\":\"m\",\"content\":\"\n\n<p><strong>STE U\\u010cITELJ ZA\\u010cETNIK?<\\\/strong><\\\/p>\\n\n\n<p>(starost do 35 let in do 5 let delovnih izku\\u0161enj)<\\\/p>\"}},{\"type\":\"text\",\"props\":{\"margin\":\"default\",\"column_breakpoint\":\"m\",\"content\":\"\n\n<p>Imejte dostop do uvajalnega programa ter krepite svojo u\\u010diteljsko kariero in izbolj\\u0161ujte prilo\\u017enosti na podlagi mentorskih dejavnosti z izku\\u0161enimi u\\u010ditelji.<\\\/p>\"}}]},{\"type\":\"column\",\"props\":{\"image_position\":\"center-center\",\"media_overlay_gradient\":\"\",\"width_medium\":\"1-4\",\"width_small\":\"1-2\"},\"children\":[{\"type\":\"image\",\"props\":{\"margin\":\"default\",\"image_svg_color\":\"emphasis\",\"image\":\"wp-content\\\/uploads\\\/2021\\\/07\\\/home-banner-2.jpg\"}},{\"type\":\"text\",\"props\":{\"margin\":\"default\",\"column_breakpoint\":\"m\",\"content\":\"\n\n<p><strong>STE IZKU\\u0160EN U\\u010cITELJ<\\\/strong><\\\/p>\\n\n\n<p>(ve\\u010d kot 45 let in ve\\u010d kot 20 let izku\\u0161enj)<\\\/p>\"}},{\"type\":\"text\",\"props\":{\"margin\":\"default\",\"column_breakpoint\":\"m\",\"content\":\"\n\n<p>Imeli boste prilo\\u017enost izpopolniti svoje mentorske kompetence, postati mentor novim u\\u010diteljem in si popestriti svojo poklicno pot.<\\\/p>\"}}]},{\"type\":\"column\",\"props\":{\"image_position\":\"center-center\",\"media_overlay_gradient\":\"\",\"width_medium\":\"1-4\",\"width_small\":\"1-2\"},\"children\":[{\"type\":\"image\",\"props\":{\"margin\":\"default\",\"image_svg_color\":\"emphasis\",\"image\":\"wp-content\\\/uploads\\\/home-courses-06.jpg\"}},{\"type\":\"text\",\"props\":{\"margin\":\"default\",\"column_breakpoint\":\"m\",\"content\":\"\n\n<p><strong>STE RAVNATELJ?<\\\/strong><\\\/p>\"}},{\"type\":\"text\",\"props\":{\"margin\":\"default\",\"column_breakpoint\":\"m\",\"content\":\"\n\n<p>Va\\u0161a \\u0161ola se lahko vklju\\u010di v mre\\u017eo LOOP in izkoristi uvajalne in mentorske programe za motivacijo u\\u010diteljev.<\\\/p>\\n\n\n<p><a href=\\\"https:\\\/\\\/empowering-teachers.eu\\\/sl\\\/loop-network\\\/\\\">Izvedite ve\\u010d<\\\/a><\\\/p>\"}}]},{\"type\":\"column\",\"props\":{\"image_position\":\"center-center\",\"media_overlay_gradient\":\"\",\"width_medium\":\"1-4\",\"width_small\":\"1-2\"},\"children\":[{\"type\":\"image\",\"props\":{\"margin\":\"default\",\"image_svg_color\":\"emphasis\",\"image\":\"wp-content\\\/uploads\\\/home-courses-14.jpg\"}},{\"type\":\"text\",\"props\":{\"margin\":\"default\",\"column_breakpoint\":\"m\",\"content\":\"\n\n<p><strong>STE ODLO\\u010cEVALEC?<\\\/strong><\\\/p>\"}},{\"type\":\"text\",\"props\":{\"margin\":\"default\",\"column_breakpoint\":\"m\",\"content\":\"\n\n<p>Imeli boste dostop do modelov, programov in smernic politike za (pre)oblikovanje poklicne poti u\\u010diteljev in njihovega stalnega poklicnega razvoja v va\\u0161i dr\\u017eavi.<\\\/p>\\n\n\n<p><a href=\\\"https:\\\/\\\/empowering-teachers.eu\\\/sl\\\/loop-network\\\/\\\">Izvedite ve\\u010d<\\\/a><\\\/p>\"}}]}]}]},{\"type\":\"section\",\"props\":{\"style\":\"primary\",\"width\":\"default\",\"vertical_align\":\"middle\",\"title_position\":\"top-left\",\"title_rotation\":\"left\",\"title_breakpoint\":\"xl\",\"image_position\":\"center-center\"},\"children\":[{\"type\":\"row\",\"props\":{\"layout\":\"1-4,1-4,1-4,1-4|1-2,1-2,1-2,1-2\"},\"children\":[{\"type\":\"column\",\"props\":{\"image_position\":\"center-center\",\"media_overlay_gradient\":\"\",\"width_medium\":\"1-4\",\"width_small\":\"1-2\"},\"children\":[{\"type\":\"module_position\",\"props\":{\"layout\":\"stack\",\"breakpoint\":\"m\",\"content\":\"builder-1\"}}]},{\"type\":\"column\",\"props\":{\"image_position\":\"center-center\",\"media_overlay_gradient\":\"\",\"width_medium\":\"1-4\",\"width_small\":\"1-2\"},\"children\":[{\"type\":\"module_position\",\"props\":{\"layout\":\"stack\",\"breakpoint\":\"m\",\"content\":\"builder-2\"}}]},{\"type\":\"column\",\"props\":{\"image_position\":\"center-center\",\"media_overlay_gradient\":\"\",\"width_medium\":\"1-4\",\"width_small\":\"1-2\"},\"children\":[{\"type\":\"module_position\",\"props\":{\"layout\":\"stack\",\"breakpoint\":\"m\",\"content\":\"builder-3\"}}]},{\"type\":\"column\",\"props\":{\"image_position\":\"center-center\",\"media_overlay_gradient\":\"\",\"width_medium\":\"1-4\",\"width_small\":\"1-2\"},\"children\":[{\"type\":\"module_position\",\"props\":{\"layout\":\"stack\",\"breakpoint\":\"m\",\"content\":\"builder-4\"}}]}]}],\"modified\":\"2021-12-13T07:18:28.297Z\",\"name\":\"Footer EN\"}],\"version\":\"2.5.10\"} --><\/p>\n","protected":false},"excerpt":{"rendered":"<p>Empowering teachers LOOP PREDSTAVLJA KREPITEV OSEBNEGA, POKLICNEGA IN SOCIALNEGA KONTINUIRANEGA RAZVOJA U\u010cITELJEV S POMO\u010cJO INOVATIVNIH PROGRAMOV KOLEGIALNEGA UVAJANJA. KAJ JE LOOP? Loop predstavlja krepitev osebnega, poklicnega in socialnega kontinuiranega razvoja u\u010diteljev s pomo\u010djo inovativnih programov kolegialnega uvajanja. LOOP je projekt eksperimentiranja na podro\u010dju politike, katerega cilj je prispevati k prehodu na celovito politiko u\u010diteljskega poklica, [&hellip;]<\/p>\n","protected":false},"author":1,"featured_media":0,"parent":0,"menu_order":0,"comment_status":"closed","ping_status":"closed","template":"","meta":{"footnotes":""},"class_list":["post-1168","page","type-page","status-publish","hentry"],"_links":{"self":[{"href":"https:\/\/empowering-teachers.eu\/sl\/wp-json\/wp\/v2\/pages\/1168","targetHints":{"allow":["GET"]}}],"collection":[{"href":"https:\/\/empowering-teachers.eu\/sl\/wp-json\/wp\/v2\/pages"}],"about":[{"href":"https:\/\/empowering-teachers.eu\/sl\/wp-json\/wp\/v2\/types\/page"}],"author":[{"embeddable":true,"href":"https:\/\/empowering-teachers.eu\/sl\/wp-json\/wp\/v2\/users\/1"}],"replies":[{"embeddable":true,"href":"https:\/\/empowering-teachers.eu\/sl\/wp-json\/wp\/v2\/comments?post=1168"}],"version-history":[{"count":7,"href":"https:\/\/empowering-teachers.eu\/sl\/wp-json\/wp\/v2\/pages\/1168\/revisions"}],"predecessor-version":[{"id":2261,"href":"https:\/\/empowering-teachers.eu\/sl\/wp-json\/wp\/v2\/pages\/1168\/revisions\/2261"}],"wp:attachment":[{"href":"https:\/\/empowering-teachers.eu\/sl\/wp-json\/wp\/v2\/media?parent=1168"}],"curies":[{"name":"wp","href":"https:\/\/api.w.org\/{rel}","templated":true}]}}