{"id":1448,"date":"2021-07-16T15:43:05","date_gmt":"2021-07-16T12:43:05","guid":{"rendered":"https:\/\/empowering-teachers.eu\/data-privacy-policy-for-the-loop-project-and-website\/"},"modified":"2022-01-17T13:14:09","modified_gmt":"2022-01-17T11:14:09","slug":"data-privacy-policy-for-the-loop-project-and-website","status":"publish","type":"page","link":"https:\/\/empowering-teachers.eu\/sl\/data-privacy-policy-for-the-loop-project-and-website\/","title":{"rendered":"POLITIKA ZASEBNOSTI PODATKOV ZA PROJEKT LOOP IN PROJEKTNO SPLETNO STRAN"},"content":{"rendered":"\n<p><strong>OBRAVNAVA IN VARSTVO PODATKOV<\/strong><\/p>\n\n\n\n<p>Ker se zavedamo, da uporaba va\u0161ih osebnih podatkov zahteva va\u0161e zaupanje, upo\u0161tevamo veljavne predpise in ustrezne postopke pri obdelavi in varstvu podatkov.<\/p>\n\n\n\n<p>Va\u0161e osebne podatke bomo uporabljali le za namene, ki jih navajamo v nadaljevanju, pri \u010demer bomo upo\u0161tevali Splo\u0161no uredbo o varstvu podatkov (GDPR) ter zagotovili zaupnost in celovitost va\u0161ih osebnih podatkov.<\/p>\n\n\n\n<p>Politika zasebnosti, opisana v nadaljevanju, dolo\u010da, kako konzorcij projekta LOOP (LOOP &#8211; Empowering teachers personal, professional and social continuous development through innovative peer-induction programmes, \u0161tevilka projekta 626148-EPP-1-2020-2-PT-EPPKA3-PI-POLICY) obravnava osebne podatke svojih partnerjev, osebja, ki se udele\u017euje usposabljanj, zagotovljenih v okviru projekta, zunanjih udele\u017eencev v fazi pregleda dokumentacije, sejah sooblikovanja ter fazi testiranja in potrjevanja projekta, zunanjih udele\u017eencev dogodkov javnega raz\u0161irjanja projekta, obiskovalcev na\u0161ega spleti\u0161\u010da<br>(http:\/\/empowering-teachers.eu\/ ) in dru\u017ebenih omre\u017eij (https:\/\/www.facebook.com\/LOOP-Empowering-Teachers-106708451640410, https:\/\/twitter.com\/LoopTeachers)<\/p>\n\n\n\n<p><strong>(+) Kdo je odgovoren za obdelavo va\u0161ih osebnih podatkov?<\/strong><\/p>\n\n\n\n<p>Konzorcij projekta LOOP je odgovoren za obdelavo osebnih podatkov svojih partnerjev, obiskovalcev spletnega mesta, ki predlo\u017eijo zahtevo za stik, ali zunanjih udele\u017eencev dejavnosti, povezanih s projektom (ankete, intervjuji, fokusne skupine, seje sooblikovanja, faza testiranja in potrjevanja, dogodki za raz\u0161irjanje in konference itd.), v skladu s pogoji zakonodaje o varstvu podatkov, ki velja v Evropski uniji (Splo\u0161na uredba o varstvu podatkov &#8211; GDPR). Konzorcij projekta LOOP posredovanih osebnih podatkov ne deli z nobenim drugim subjektom.\u00a0<\/p>\n\n\n\n<p><strong>(+) Kako se zbirajo va\u0161i osebni podatki?<\/strong><\/p>\n\n\n\n<p>Od obiskovalcev na\u0161ega spletnega mesta ne zbiramo podatkov. Osebni podatki se zbirajo in obdelujejo le, \u010de izpolnite:&nbsp;<\/p>\n\n\n\n<ul class=\"wp-block-list\"><li>obrazec za prijavo, ki je na voljo na spletnem mestu projekta,<\/li><li>vse druge obrazce in oblike zbiranja podatkov, ki so na voljo na spletnem mestu projekta,<\/li><li>pro\u0161njo za prejemanje glasila LOOP,<\/li><li>obrazec za prijavo na katerega koli od javnih dogodkov, ki jih spodbuja kateri koli od partnerjev konzorcija,<\/li><li>seznam podpisov udele\u017eencev, ki se udele\u017eijo katerega koli dogodka usposabljanja, spodbujenega v okviru projekta,<\/li><\/ul>\n\n\n\n<p>seznam podpisov udele\u017eencev, ki se udele\u017eijo katerega koli dogodka za javno raz\u0161irjanje informacij, ki se spodbuja v okviru projekta.<\/p>\n\n\n\n<p><strong>(+) Za kak\u0161en namen in na kak\u0161ni podlagi se lahko uporabljajo va\u0161i osebni podatki?<\/strong><\/p>\n\n\n\n<p>Va\u0161i osebni podatki se bodo zbirali in uporabljali za posebne namene, za katere so bili posredovani, in sicer: za posvetovanja z zainteresiranimi stranmi o oceni rezultatov programa LOOP, za pripravo poro\u010dil, ki jih je treba predlo\u017eiti Evropski komisiji in\/ali kateremu koli nacionalnemu organu za financiranje programa Erasmus+ (Izvajalska agencija za izobra\u017eevanje, avdiovizualno podro\u010dje in kulturo), ter za po\u0161iljanje posodobitev o napredku in rezultatih projekta pod pogoji, ki jih izberete v polju za soglasje v vsakem od spletnih obrazcev na tem spleti\u0161\u010du.<\/p>\n\n\n\n<p>V skladu z veljavno zakonodajo o varstvu podatkov v Evropski uniji (Splo\u0161na uredba o varstvu podatkov &#8211; GRDP) mora biti uporaba osebnih podatkov utemeljena z vsaj eno pravno podlago za obdelavo osebnih podatkov. Pravna podlaga, ki se uporablja za zbiranje in uporabo va\u0161ih osebnih podatkov za zgoraj opisane namene v zvezi s projektom LOOP, je va\u0161a privolitev.<\/p>\n\n\n\n<p>(<strong>+) Kak\u0161na je pravna podlaga za obdelavo osebnih podatkov?<\/strong><\/p>\n\n\n\n<p>\u2022 Podano soglasje za obdelavo svojih osebnih podatkov (v ta namen boste prejeli obrazec za soglasje za uporabo va\u0161ih podatkov, ki ga lahko pozneje prekli\u010dete);<br>\u2022 Izpolnjevanje zakonskih obveznosti, ki veljajo za projekt LOOP.<br>\u2022 Doseganje zakonitega interesa, kjer razlogi za uporabo prevladajo nad va\u0161imi pravicami do varstva podatkov.<br>\u2022 Potreba po pripravi na\u0161ega pri\u010danja, uveljavljanja ali obrambe pravic v sodnem postopku proti vam, nam ali tretji osebi.<\/p>\n\n\n\n<p><strong>(+) Katere osebne podatke je mogo\u010de zbrati<\/strong>?<\/p>\n\n\n\n<p>Zbrani osebni podatki lahko vklju\u010dujejo va\u0161e ime, e-po\u0161tni naslov, vrsto organizacije, v katero ste vklju\u010deni, dr\u017eavo prebivali\u0161\u010da, poklic, starost, spol in\/ali drugo.<\/p>\n\n\n\n<p>(<strong>+) Kako zagotavljamo varnost va\u0161ih osebnih podatkov?<\/strong><\/p>\n\n\n\n<p>Uporabljamo razli\u010dne varnostne ukrepe, vklju\u010dno z orodji za preverjanje pristnosti, \u0161ifriranjem in digitalnimi potrdili, da bi za\u0161\u010ditili in ohranili varnost, celovitost in razpolo\u017eljivost va\u0161ih osebnih podatkov. \u010ceprav prenos podatkov prek interneta ali spletnega mesta ne more zagotoviti popolne varnosti pred vdori, si mi in na\u0161i ponudniki storitev prizadevamo za izvajanje in vzdr\u017eevanje fizi\u010dnih, elektronskih in postopkovnih za\u0161\u010ditnih ukrepov za za\u0161\u010dito va\u0161ih osebnih podatkov v skladu z veljavnimi zahtevami za varstvo podatkov. Med drugim smo vpeljali naslednje:<\/p>\n\n\n\n<p>\u2022 za\u0161\u010dito sistemov informacijske tehnologije s po\u017earnimi zidovi za prepre\u010devanje nepoobla\u0161\u010denega dostopa do va\u0161ih osebnih podatkov;<br>\u2022 stalno spremljanje dostopa do sistemov informacijske tehnologije za prepre\u010devanje, odkrivanje in prepre\u010devanje zlorabe va\u0161ih osebnih podatkov.<\/p>\n\n\n\n<p><strong>(+) Kako dolgo hranimo va\u0161e osebne podatke?<\/strong><\/p>\n\n\n\n<p>Va\u0161e podatke hranimo le za obdobje, v katerem velja namen, za katerega so bili zbrani. Ko bo najdalj\u0161e obdobje hrambe dose\u017eeno, bodo va\u0161i osebni podatki nepreklicno anonimizirani (anonimizirani podatki se lahko shranijo) ali varno uni\u010deni.<\/p>\n\n\n\n<p>Za namene, opisane v tem pravilniku o zasebnosti, bodo va\u0161i osebni podatki shranjeni od zbiranja privolitve ali od zadnjega vzpostavljenega stika (kar nastopi kasneje) in \u010de v tem obdobju niso preklicali svoje privolitve.<\/p>\n\n\n\n<p>Va\u0161i osebni podatki so shranjeni na za\u0161\u010ditenih stre\u017enikih na\u0161ih dobaviteljev\/ponudnikov storitev, do katerih dostopamo in jih uporabljamo izklju\u010dno v skladu z na\u0161imi pravili in standardi (ali enakovrednimi pravili in standardi na\u0161ih dobaviteljev\/ponudnikov storitev).<\/p>\n\n\n\n<p><strong>(+) Kako spremeniti ali odstraniti soglasje?<\/strong><\/p>\n\n\n\n<p>Svojo privolitev lahko kadar koli spremenite ali prekli\u010dete z u\u010dinkom za prihodnost. Po popolnem preklicu izjave o soglasju z vami ne bomo ve\u010d stopili v stik in prejemali sporo\u010dil za namene, opisane v tem pravilniku o zasebnosti.<\/p>\n\n\n\n<p><strong>(+) Kak\u0161ne so va\u0161e pravice do varstva podatkov in vlo\u017eitve prito\u017ebe pri nadzornem organu?<\/strong><\/p>\n\n\n\n<p>\u010ce imate kakr\u0161na koli vpra\u0161anja v zvezi z na\u0161o uporabo va\u0161ih osebnih podatkov, se obrnite na koordinatorja projekta prek spletnega kontaktnega obrazca, ki je na voljo tukaj: https:\/\/empowering-teachers.eu\/contact-us\/.<\/p>\n\n\n\n<p>Pod dolo\u010denimi pogoji imate lahko pravico, da od nas zahtevate, da:<\/p>\n\n\n\n<p>\u2022 vam zagotovimo dodatne informacije o tem, kako uporabljamo va\u0161e osebne podatke;<br>\u2022 vam zagotovimo kopijo posredovanih osebnih podatkov;<br>\u2022 vam na va\u0161o zahtevo posredujemo osebne podatke, ki ste jih posredovali drugemu upravljavcu;<br>\u2022 odpravimo morebitne neto\u010dnosti v osebnih podatkih, ki jih hranimo;<br>\u2022 izbri\u0161emo osebne podatki, katerih uporaba ni ve\u010d zakonita;<br>\u2022 omejimo na\u010din uporabe va\u0161ih osebnih podatkov, dokler se prito\u017eba ne preu\u010di.<\/p>\n\n\n\n<p>Za uveljavljanje teh pravic veljajo nekatere izjeme, namenjene za\u0161\u010diti javnega interesa (prepre\u010devanje ali odkrivanje kaznivih dejanj) ali na\u0161ega interesa (ohranjanje poklicne skrivnosti).<\/p>\n\n\n\n<p>\u010ce uveljavljate katero koli od teh pravic, jo bomo analizirali in se nanjo odzvali v enem (1) mesecu.<\/p>\n\n\n\n<p>\u010ce po uveljavljanju katere koli od teh pravic niste zadovoljni z na\u0161o uporabo va\u0161ih osebnih podatkov ali na\u0161im odzivom, lahko v skladu z veljavno zakonodajo vlo\u017eite prito\u017ebo pri nadzornem organu (Comiss\u00e3o Nacional de Protec\u00e7\u00e3o de Dados &#8211; CNPD).<\/p>\n\n\n\n<p><strong>(+) Razpolo\u017eljive povezave na spletnem mestu in u\u010dni platformi<\/strong><\/p>\n\n\n\n<p>Na\u0161e spletno mesto lahko vsebuje povezave, ki vam omogo\u010dajo enostaven obisk drugih zanimivih spletnih mest. Ko s temi povezavami zapustite na\u0161e spletno mesto, morate upo\u0161tevati, da nad tem spletnim mestom nimamo nikakr\u0161nega nadzora. Zato partnerji konzorcija projekta LOOP ne morejo biti odgovorni za za\u0161\u010dito in zasebnost kakr\u0161nih koli podatkov, ki jih posredujete med obiskom tak\u0161nih spletnih mest, in teh spletnih mest ne ureja ta izjava o zasebnosti. Bodite previdni in si oglejte izjavo o zasebnosti, ki velja za zadevno spletno mesto.<\/p>\n\n\n\n<p>(+<strong>) Pi\u0161kotki<\/strong><\/p>\n\n\n\n<p>Na spletni strani ne uporabljamo pi\u0161kotkov za sledenje.<\/p>\n\n\n\n<p><\/p>\n\n\n\n<p><\/p>\n\n\n\n<p><\/p>\n\n\n\n<p><\/p>\n","protected":false},"excerpt":{"rendered":"<p>OBRAVNAVA IN VARSTVO PODATKOV Ker se zavedamo, da uporaba va\u0161ih osebnih podatkov zahteva va\u0161e zaupanje, upo\u0161tevamo veljavne predpise in ustrezne postopke pri obdelavi in varstvu podatkov. Va\u0161e osebne podatke bomo uporabljali le za namene, ki jih navajamo v nadaljevanju, pri \u010demer bomo upo\u0161tevali Splo\u0161no uredbo o varstvu podatkov (GDPR) ter zagotovili zaupnost in celovitost va\u0161ih [&hellip;]<\/p>\n","protected":false},"author":1,"featured_media":0,"parent":0,"menu_order":0,"comment_status":"closed","ping_status":"closed","template":"","meta":{"footnotes":""},"class_list":["post-1448","page","type-page","status-publish","hentry"],"_links":{"self":[{"href":"https:\/\/empowering-teachers.eu\/sl\/wp-json\/wp\/v2\/pages\/1448","targetHints":{"allow":["GET"]}}],"collection":[{"href":"https:\/\/empowering-teachers.eu\/sl\/wp-json\/wp\/v2\/pages"}],"about":[{"href":"https:\/\/empowering-teachers.eu\/sl\/wp-json\/wp\/v2\/types\/page"}],"author":[{"embeddable":true,"href":"https:\/\/empowering-teachers.eu\/sl\/wp-json\/wp\/v2\/users\/1"}],"replies":[{"embeddable":true,"href":"https:\/\/empowering-teachers.eu\/sl\/wp-json\/wp\/v2\/comments?post=1448"}],"version-history":[{"count":1,"href":"https:\/\/empowering-teachers.eu\/sl\/wp-json\/wp\/v2\/pages\/1448\/revisions"}],"predecessor-version":[{"id":1922,"href":"https:\/\/empowering-teachers.eu\/sl\/wp-json\/wp\/v2\/pages\/1448\/revisions\/1922"}],"wp:attachment":[{"href":"https:\/\/empowering-teachers.eu\/sl\/wp-json\/wp\/v2\/media?parent=1448"}],"curies":[{"name":"wp","href":"https:\/\/api.w.org\/{rel}","templated":true}]}}